{"id":6376,"date":"2021-02-06T15:12:10","date_gmt":"2021-02-06T14:12:10","guid":{"rendered":"https:\/\/www.insky-europe.de\/?page_id=6376"},"modified":"2022-02-22T10:36:19","modified_gmt":"2022-02-22T09:36:19","slug":"sicherheit","status":"publish","type":"page","link":"https:\/\/www.insky-europe.de\/en\/sicherheit\/","title":{"rendered":"Security"},"content":{"rendered":"<div data-elementor-type=\"wp-page\" data-elementor-id=\"6376\" class=\"elementor elementor-6376\" data-elementor-post-type=\"page\">\n\t\t\t\t\t\t<section class=\"elementor-section elementor-top-section elementor-element elementor-element-725754b qodef-elementor-content-grid elementor-section-boxed elementor-section-height-default elementor-section-height-default\" data-id=\"725754b\" data-element_type=\"section\" data-e-type=\"section\">\n\t\t\t\t\t\t<div class=\"elementor-container elementor-column-gap-default\">\n\t\t\t\t\t<div class=\"elementor-column elementor-col-100 elementor-top-column elementor-element elementor-element-c7d74a7\" data-id=\"c7d74a7\" data-element_type=\"column\" data-e-type=\"column\">\n\t\t\t<div class=\"elementor-widget-wrap elementor-element-populated\">\n\t\t\t\t\t\t<div class=\"elementor-element elementor-element-9c59c0f elementor-widget elementor-widget-text-editor\" data-id=\"9c59c0f\" data-element_type=\"widget\" data-e-type=\"widget\" data-widget_type=\"text-editor.default\">\n\t\t\t\t<div class=\"elementor-widget-container\">\n\t\t\t\t\t\t\t\t\t<div class=\"page_content_wrap scheme_default\"><div class=\"content_wrap\"><div class=\"content\"><article id=\"post-1994\" class=\"post_item_single post_type_page post-1994 page type-page status-publish hentry\"><div class=\"post_content entry-content\"><div class=\"vc_row wpb_row vc_row-fluid\"><div class=\"wpb_column vc_column_container vc_col-sm-12 sc_layouts_column_icons_position_left\"><div class=\"vc_column-inner\"><div class=\"wpb_wrapper\"><div class=\"wpb_text_column wpb_content_element\"><div class=\"wpb_wrapper\"><h4>Future-proof<\/h4><p>inSky GmbH was founded in 2017 to meet the constant requirements and demand for service and cloud-based solutions in the area of data and system networking. Thanks to its transparent corporate structure, its foundation as a limited liability company in Germany and its secured financing, inSky GmbH presents itself as a reliable partner. The team members have distinctive experience in the areas of IT, BPM, ERP systems as well as field-tested knowledge in the implementation of automation projects, database connections to machine control systems, etc. The developers involved have several years of experience in the field of data and plant networking. The developers involved have several years to decades of experience in the conceptual design and creation of individual software. As a cloud pioneer in the field of data-based automation, inSky GmbH is today one of the most innovative providers of SaaS\/cloud-based solutions for XXXX for companies worldwide.<\/p><h4>Data security<\/h4><p>Every company is legally obliged to ensure data security for its data. For example, the 'Principles for the proper keeping and storage of books, records and documents in electronic form as well as for data access' GoBD prescribe regular data backups. As a provider of data-based services, which also handles its customers' data in a trustworthy manner, inSky is ideally equipped for this and other requirements in the area of data security.<\/p><h4>Operation in the data center<\/h4><p>The inSky solutions run on fail-safe systems in one of the most powerful data centres in Germany. The data centre located in Frankfurt is operated by e-shelter services GmbH. The Datacenter Campus Frankfurt 1 is e-shelter's main location, comprising a total of around 60,000 m2 of data centre and technical space. This makes the e-shelter Campus Europe's largest single data centre location. The e-shelter-owned site of almost 54,000 m2 provides space for five free-standing buildings that are specially constructed and equipped for data centre use.<\/p><h5>Power supply:<\/h5><p>EVU supply at 110 kV level from two transformer stations via spatially separated routes<br \/>Additional supply by second supplier (100 percent disjoint network) at 10 kV level<br \/>Own transformer station with three 110\/20 kV transformers n + 1<br \/>Two separate UPS systems (A and B supply) and redundant backup power system with diesel generators<\/p><h5>Security:<\/h5><p>On-site monitoring by e-shelter's own 24\/7 control center<br \/>Own, armed security personnel from e-shelter security GmbH<br \/>Standardized security processes and the 7-level security system secure the rental areas and the technical operation<br \/>Access control via contactless chip card and PIN or optionally with biometric features<br \/>Secured property boundaries with electronically monitored security fence System with climbing-over and undermining protection<\/p><h5>Technical Operations:<\/h5><p>24\/7 on-site operations control centre with dedicated e-shelter operations staff to monitor all failure-critical infrastructure systems<br \/>Standardized operating processes complement technical system redundancy to ensure maximum fail-safety<\/p><h4>Data protection<\/h4><p>The confidential and responsible handling of our customers' data is our top priority. The legal basis is the Federal Data Protection Act, which we are obliged to comply with as an IT service provider. It goes without saying that your data will neither be evaluated nor passed on to third parties. Our service employees only access your data for problem analysis and according to your instructions or explicit consent.<\/p><p>The servers are protected behind Watchguard firewalls and are additionally secured against unauthorized access by packet filters. Your systems are accessed either via a private cloud solution, your own managed network nodes if required, VPN solutions or by agreement using other, highly secure solutions.<\/p><h4>Further information:<\/h4><p>More information on data protection can be found under data protection, in the supplementary agreement on commissioned processing and in the documentation of data protection measures.<\/p><\/div><\/div><\/div><\/div><\/div><\/div><div class=\"vc_row wpb_row vc_row-fluid\"><div class=\"wpb_column vc_column_container vc_col-sm-12 sc_layouts_column_icons_position_left\"><div class=\"vc_column-inner\"><div class=\"wpb_wrapper\"><div class=\"vc_empty_space height_tiny\">\u00a0<\/div><\/div><\/div><\/div><\/div><\/div><\/article><\/div><\/div><\/div><footer class=\"footer_wrap footer_custom footer_custom_157 footer_custom_insky-footer scheme_dark\"><div class=\"vc_row wpb_row vc_row-fluid vc_custom_1528926803253 vc_row-has-fill sc_layouts_row sc_layouts_row_type_normal\"><div class=\"wpb_column vc_column_container vc_col-sm-12 sc_layouts_column_icons_position_left\"><div class=\"vc_column-inner\"><div class=\"wpb_wrapper\">\u00a0<\/div><\/div><\/div><\/div><\/footer>\t\t\t\t\t\t\t\t<\/div>\n\t\t\t\t<\/div>\n\t\t\t\t<div class=\"elementor-element elementor-element-4aca1bf elementor-widget elementor-widget-spacer\" data-id=\"4aca1bf\" data-element_type=\"widget\" data-e-type=\"widget\" data-widget_type=\"spacer.default\">\n\t\t\t\t<div class=\"elementor-widget-container\">\n\t\t\t\t\t\t\t<div class=\"elementor-spacer\">\n\t\t\t<div class=\"elementor-spacer-inner\"><\/div>\n\t\t<\/div>\n\t\t\t\t\t\t<\/div>\n\t\t\t\t<\/div>\n\t\t\t\t\t<\/div>\n\t\t<\/div>\n\t\t\t\t\t<\/div>\n\t\t<\/section>\n\t\t\t\t<section class=\"elementor-section elementor-top-section elementor-element elementor-element-0627159 elementor-section-full_width elementor-section-height-default elementor-section-height-default qodef-elementor-content-no\" data-id=\"0627159\" data-element_type=\"section\" data-e-type=\"section\">\n\t\t\t\t\t\t<div class=\"elementor-container elementor-column-gap-default\">\n\t\t\t\t\t<div class=\"elementor-column elementor-col-100 elementor-top-column elementor-element elementor-element-713192c\" data-id=\"713192c\" data-element_type=\"column\" data-e-type=\"column\">\n\t\t\t<div class=\"elementor-widget-wrap elementor-element-populated\">\n\t\t\t\t\t\t<div class=\"elementor-element elementor-element-b64e48f elementor-widget elementor-widget-spacer\" data-id=\"b64e48f\" data-element_type=\"widget\" data-e-type=\"widget\" data-widget_type=\"spacer.default\">\n\t\t\t\t<div class=\"elementor-widget-container\">\n\t\t\t\t\t\t\t<div class=\"elementor-spacer\">\n\t\t\t<div class=\"elementor-spacer-inner\"><\/div>\n\t\t<\/div>\n\t\t\t\t\t\t<\/div>\n\t\t\t\t<\/div>\n\t\t\t\t<div class=\"elementor-element elementor-element-41dd195 elementor-widget elementor-widget-spacer\" data-id=\"41dd195\" data-element_type=\"widget\" data-e-type=\"widget\" data-widget_type=\"spacer.default\">\n\t\t\t\t<div class=\"elementor-widget-container\">\n\t\t\t\t\t\t\t<div class=\"elementor-spacer\">\n\t\t\t<div class=\"elementor-spacer-inner\"><\/div>\n\t\t<\/div>\n\t\t\t\t\t\t<\/div>\n\t\t\t\t<\/div>\n\t\t\t\t\t<\/div>\n\t\t<\/div>\n\t\t\t\t\t<\/div>\n\t\t<\/section>\n\t\t\t\t<\/div>","protected":false},"excerpt":{"rendered":"<p>Zukunftssicher Die inSky GmbH besteht seit 2017, gegr\u00fcndet um die stetigen Anforderungen und Nachfragen nach service- und cloudbasierten L\u00f6sungen im Bereich der Vernetzung von Daten und Anlagen zu bedienen. Durch die transparente Gesellschaftsstruktur, die Gr\u00fcndung als GmbH in Deutschland und die gesicherte Finanzierung stellt sich die inSky GmbH als zuverl\u00e4ssiger Partner dar. Die Teammitglieder verf\u00fcgen [&hellip;]<\/p>\n","protected":false},"author":1,"featured_media":0,"parent":0,"menu_order":0,"comment_status":"closed","ping_status":"closed","template":"page-full-width.php","meta":{"footnotes":""},"class_list":["post-6376","page","type-page","status-publish","hentry"],"yoast_head":"<!-- This site is optimized with the Yoast SEO plugin v27.5 - https:\/\/yoast.com\/product\/yoast-seo-wordpress\/ -->\n<title>Sicherheit - inSky GmbH<\/title>\n<meta name=\"robots\" content=\"index, follow, max-snippet:-1, max-image-preview:large, max-video-preview:-1\" \/>\n<link rel=\"canonical\" href=\"https:\/\/www.insky-europe.de\/en\/sicherheit\/\" \/>\n<meta property=\"og:locale\" content=\"en_GB\" \/>\n<meta property=\"og:type\" content=\"article\" \/>\n<meta property=\"og:title\" content=\"Sicherheit - inSky GmbH\" \/>\n<meta property=\"og:description\" content=\"Zukunftssicher Die inSky GmbH besteht seit 2017, gegr\u00fcndet um die stetigen Anforderungen und Nachfragen nach service- und cloudbasierten L\u00f6sungen im Bereich der Vernetzung von Daten und Anlagen zu bedienen. Durch die transparente Gesellschaftsstruktur, die Gr\u00fcndung als GmbH in Deutschland und die gesicherte Finanzierung stellt sich die inSky GmbH als zuverl\u00e4ssiger Partner dar. Die Teammitglieder verf\u00fcgen [&hellip;]\" \/>\n<meta property=\"og:url\" content=\"https:\/\/www.insky-europe.de\/en\/sicherheit\/\" \/>\n<meta property=\"og:site_name\" content=\"inSky GmbH\" \/>\n<meta property=\"article:modified_time\" content=\"2022-02-22T09:36:19+00:00\" \/>\n<meta name=\"twitter:card\" content=\"summary_large_image\" \/>\n<meta name=\"twitter:label1\" content=\"Estimated reading time\" \/>\n\t<meta name=\"twitter:data1\" content=\"3 minutes\" \/>\n<script type=\"application\/ld+json\" class=\"yoast-schema-graph\">{\"@context\":\"https:\\\/\\\/schema.org\",\"@graph\":[{\"@type\":\"WebPage\",\"@id\":\"https:\\\/\\\/www.insky-europe.de\\\/sicherheit\\\/\",\"url\":\"https:\\\/\\\/www.insky-europe.de\\\/sicherheit\\\/\",\"name\":\"Sicherheit - inSky GmbH\",\"isPartOf\":{\"@id\":\"https:\\\/\\\/www.insky-europe.de\\\/de\\\/#website\"},\"datePublished\":\"2021-02-06T14:12:10+00:00\",\"dateModified\":\"2022-02-22T09:36:19+00:00\",\"breadcrumb\":{\"@id\":\"https:\\\/\\\/www.insky-europe.de\\\/sicherheit\\\/#breadcrumb\"},\"inLanguage\":\"en-GB\",\"potentialAction\":[{\"@type\":\"ReadAction\",\"target\":[\"https:\\\/\\\/www.insky-europe.de\\\/sicherheit\\\/\"]}]},{\"@type\":\"BreadcrumbList\",\"@id\":\"https:\\\/\\\/www.insky-europe.de\\\/sicherheit\\\/#breadcrumb\",\"itemListElement\":[{\"@type\":\"ListItem\",\"position\":1,\"name\":\"Startseite\",\"item\":\"https:\\\/\\\/www.insky-europe.de\\\/\"},{\"@type\":\"ListItem\",\"position\":2,\"name\":\"Sicherheit\"}]},{\"@type\":\"WebSite\",\"@id\":\"https:\\\/\\\/www.insky-europe.de\\\/de\\\/#website\",\"url\":\"https:\\\/\\\/www.insky-europe.de\\\/de\\\/\",\"name\":\"inSky GmbH\",\"description\":\"inSky GmbH - ERP Daten und MaschinenCloud, Vernetzung, Automatisierung, Industrie 4.0, Siemens SPS, SaaS.\",\"publisher\":{\"@id\":\"https:\\\/\\\/www.insky-europe.de\\\/de\\\/#organization\"},\"potentialAction\":[{\"@type\":\"SearchAction\",\"target\":{\"@type\":\"EntryPoint\",\"urlTemplate\":\"https:\\\/\\\/www.insky-europe.de\\\/de\\\/?s={search_term_string}\"},\"query-input\":{\"@type\":\"PropertyValueSpecification\",\"valueRequired\":true,\"valueName\":\"search_term_string\"}}],\"inLanguage\":\"en-GB\"},{\"@type\":\"Organization\",\"@id\":\"https:\\\/\\\/www.insky-europe.de\\\/de\\\/#organization\",\"name\":\"inSky GmbH\",\"url\":\"https:\\\/\\\/www.insky-europe.de\\\/de\\\/\",\"logo\":{\"@type\":\"ImageObject\",\"inLanguage\":\"en-GB\",\"@id\":\"https:\\\/\\\/www.insky-europe.de\\\/de\\\/#\\\/schema\\\/logo\\\/image\\\/\",\"url\":\"https:\\\/\\\/www.insky-europe.de\\\/wp-content\\\/uploads\\\/2021\\\/02\\\/cropped-insky-logo512-1.png\",\"contentUrl\":\"https:\\\/\\\/www.insky-europe.de\\\/wp-content\\\/uploads\\\/2021\\\/02\\\/cropped-insky-logo512-1.png\",\"width\":512,\"height\":512,\"caption\":\"inSky GmbH\"},\"image\":{\"@id\":\"https:\\\/\\\/www.insky-europe.de\\\/de\\\/#\\\/schema\\\/logo\\\/image\\\/\"}}]}<\/script>\n<!-- \/ Yoast SEO plugin. -->","yoast_head_json":{"title":"Security - inSky GmbH","robots":{"index":"index","follow":"follow","max-snippet":"max-snippet:-1","max-image-preview":"max-image-preview:large","max-video-preview":"max-video-preview:-1"},"canonical":"https:\/\/www.insky-europe.de\/en\/sicherheit\/","og_locale":"en_GB","og_type":"article","og_title":"Sicherheit - inSky GmbH","og_description":"Zukunftssicher Die inSky GmbH besteht seit 2017, gegr\u00fcndet um die stetigen Anforderungen und Nachfragen nach service- und cloudbasierten L\u00f6sungen im Bereich der Vernetzung von Daten und Anlagen zu bedienen. Durch die transparente Gesellschaftsstruktur, die Gr\u00fcndung als GmbH in Deutschland und die gesicherte Finanzierung stellt sich die inSky GmbH als zuverl\u00e4ssiger Partner dar. Die Teammitglieder verf\u00fcgen [&hellip;]","og_url":"https:\/\/www.insky-europe.de\/en\/sicherheit\/","og_site_name":"inSky GmbH","article_modified_time":"2022-02-22T09:36:19+00:00","twitter_card":"summary_large_image","twitter_misc":{"Estimated reading time":"3 minutes"},"schema":{"@context":"https:\/\/schema.org","@graph":[{"@type":"WebPage","@id":"https:\/\/www.insky-europe.de\/sicherheit\/","url":"https:\/\/www.insky-europe.de\/sicherheit\/","name":"Security - inSky GmbH","isPartOf":{"@id":"https:\/\/www.insky-europe.de\/de\/#website"},"datePublished":"2021-02-06T14:12:10+00:00","dateModified":"2022-02-22T09:36:19+00:00","breadcrumb":{"@id":"https:\/\/www.insky-europe.de\/sicherheit\/#breadcrumb"},"inLanguage":"en-GB","potentialAction":[{"@type":"ReadAction","target":["https:\/\/www.insky-europe.de\/sicherheit\/"]}]},{"@type":"BreadcrumbList","@id":"https:\/\/www.insky-europe.de\/sicherheit\/#breadcrumb","itemListElement":[{"@type":"ListItem","position":1,"name":"Startseite","item":"https:\/\/www.insky-europe.de\/"},{"@type":"ListItem","position":2,"name":"Sicherheit"}]},{"@type":"WebSite","@id":"https:\/\/www.insky-europe.de\/de\/#website","url":"https:\/\/www.insky-europe.de\/de\/","name":"inSky GmbH","description":"inSky GmbH - ERP Data and Machine Cloud, Networking, Automation, Industry 4.0, Siemens PLC, SaaS.","publisher":{"@id":"https:\/\/www.insky-europe.de\/de\/#organization"},"potentialAction":[{"@type":"SearchAction","target":{"@type":"EntryPoint","urlTemplate":"https:\/\/www.insky-europe.de\/de\/?s={search_term_string}"},"query-input":{"@type":"PropertyValueSpecification","valueRequired":true,"valueName":"search_term_string"}}],"inLanguage":"en-GB"},{"@type":"Organization","@id":"https:\/\/www.insky-europe.de\/de\/#organization","name":"inSky GmbH","url":"https:\/\/www.insky-europe.de\/de\/","logo":{"@type":"ImageObject","inLanguage":"en-GB","@id":"https:\/\/www.insky-europe.de\/de\/#\/schema\/logo\/image\/","url":"https:\/\/www.insky-europe.de\/wp-content\/uploads\/2021\/02\/cropped-insky-logo512-1.png","contentUrl":"https:\/\/www.insky-europe.de\/wp-content\/uploads\/2021\/02\/cropped-insky-logo512-1.png","width":512,"height":512,"caption":"inSky GmbH"},"image":{"@id":"https:\/\/www.insky-europe.de\/de\/#\/schema\/logo\/image\/"}}]}},"_links":{"self":[{"href":"https:\/\/www.insky-europe.de\/en\/wp-json\/wp\/v2\/pages\/6376","targetHints":{"allow":["GET"]}}],"collection":[{"href":"https:\/\/www.insky-europe.de\/en\/wp-json\/wp\/v2\/pages"}],"about":[{"href":"https:\/\/www.insky-europe.de\/en\/wp-json\/wp\/v2\/types\/page"}],"author":[{"embeddable":true,"href":"https:\/\/www.insky-europe.de\/en\/wp-json\/wp\/v2\/users\/1"}],"replies":[{"embeddable":true,"href":"https:\/\/www.insky-europe.de\/en\/wp-json\/wp\/v2\/comments?post=6376"}],"version-history":[{"count":10,"href":"https:\/\/www.insky-europe.de\/en\/wp-json\/wp\/v2\/pages\/6376\/revisions"}],"predecessor-version":[{"id":8082,"href":"https:\/\/www.insky-europe.de\/en\/wp-json\/wp\/v2\/pages\/6376\/revisions\/8082"}],"wp:attachment":[{"href":"https:\/\/www.insky-europe.de\/en\/wp-json\/wp\/v2\/media?parent=6376"}],"curies":[{"name":"wp","href":"https:\/\/api.w.org\/{rel}","templated":true}]}}