{"id":6164,"date":"2021-02-05T20:02:13","date_gmt":"2021-02-05T19:02:13","guid":{"rendered":"https:\/\/www.insky-europe.de\/?page_id=6164"},"modified":"2022-02-22T10:28:55","modified_gmt":"2022-02-22T09:28:55","slug":"transaction-accelerator","status":"publish","type":"page","link":"https:\/\/www.insky-europe.de\/en\/produkte\/transaction-accelerator\/","title":{"rendered":"transaction accelerator"},"content":{"rendered":"<div data-elementor-type=\"wp-page\" data-elementor-id=\"6164\" class=\"elementor elementor-6164\" data-elementor-post-type=\"page\">\n\t\t\t\t\t\t<section class=\"elementor-section elementor-top-section elementor-element elementor-element-725754b qodef-elementor-content-grid elementor-section-boxed elementor-section-height-default elementor-section-height-default\" data-id=\"725754b\" data-element_type=\"section\" data-e-type=\"section\">\n\t\t\t\t\t\t<div class=\"elementor-container elementor-column-gap-default\">\n\t\t\t\t\t<div class=\"elementor-column elementor-col-100 elementor-top-column elementor-element elementor-element-c7d74a7\" data-id=\"c7d74a7\" data-element_type=\"column\" data-e-type=\"column\">\n\t\t\t<div class=\"elementor-widget-wrap elementor-element-populated\">\n\t\t\t\t\t\t<div class=\"elementor-element elementor-element-f832d1a elementor-widget elementor-widget-stal_core_icon_with_text\" data-id=\"f832d1a\" data-element_type=\"widget\" data-e-type=\"widget\" data-widget_type=\"stal_core_icon_with_text.default\">\n\t\t\t\t<div class=\"elementor-widget-container\">\n\t\t\t\t\t<div class=\"qodef-shortcode qodef-m  qodef-icon-with-text qodef-layout--top  qodef--custom-icon  qodef-alignment--center\" >\n\t<div class=\"qodef-m-icon-wrapper\">\n\t\t\t\t\t<img fetchpriority=\"high\" decoding=\"async\" width=\"250\" height=\"227\" src=\"https:\/\/www.insky-europe.de\/wp-content\/uploads\/2021\/02\/industrie_datenbank_2.png\" class=\"attachment-full size-full\" alt=\"industry_database_2\" \/>\t\t<\/div>\n\t<div class=\"qodef-m-content\">\n\t\t\t<h4 class=\"qodef-m-title\" >\n\t\t\t\t\t<span class=\"qodef-m-title-text\">transaction accelerator<\/span>\n\t\t\t<\/h4>\n\t\t\t<p class=\"qodef-m-text\" >With the product 'Transaction Accelerator' new possibilities are open to you.<\/p>\n\t<\/div>\n<\/div>\t\t\t\t<\/div>\n\t\t\t\t<\/div>\n\t\t\t\t<div class=\"elementor-element elementor-element-9c59c0f elementor-widget elementor-widget-text-editor\" data-id=\"9c59c0f\" data-element_type=\"widget\" data-e-type=\"widget\" data-widget_type=\"text-editor.default\">\n\t\t\t\t<div class=\"elementor-widget-container\">\n\t\t\t\t\t\t\t\t\t<p>Where classically configured systems lead to performance bottlenecks, for example in the area of NRDM (Near-Realtime Data Management), the inSky Transaction Accelerator can help you. inSky provides you with the option of processing your requirements in an in-memory database system.<\/p><p>The advantages for you are obvious: An in-memory database system (IMDB ) is a database management system that does not store its data on conventional hard disk storage, but uses the main memory (RAM) directly for this purpose. This allows considerably higher access speeds. These optimized accesses and the resulting optimization and acceleration of processing are passed on directly to your server. Your clients thus receive the best possible performance.<\/p><p>inSky optimizes your processing, the data model, which is the basis of the configuration, is designed for this use case particularly compact and, if necessary, not relational. The IMDB is often used in the environment of Big Data and data warehouse applications. The in-memory technology enables these processes to achieve results on the basis of huge amounts of data within a very short time. The pre-aggregation of data or the use of OLAP cubes becomes obsolete due to the high performance of the IMDB. Both structured and unstructured data can be processed without the need for prior aggregation of the dataset.<\/p><p>The inSky Transaction Accelerator is only available in combination with the connection of one of your databases. In this hybrid model, the weakness of the IMDB concept is overcome. One of the central problems of in-memory databases is the permanent storage and persistence of data. Since the IMDB uses volatile RAM, data loss is a high risk. Here, InSky relies on a hybrid mechanism of asynchronously committing data to your database system and journalizing the IMDB to guarantee the best possible availability.<\/p><p>The Transaction Accelerator as a solution only makes sense in a coordinated environment, please contact us. We will work with you individually to develop a holistic concept tailored to your requirements from the following areas <strong>Products of the inSky<\/strong>, an optimal data connection, a revision of the underlying architecture and infrastructure.<\/p><p>Our specialists are at your disposal for a consultation.<\/p>\t\t\t\t\t\t\t\t<\/div>\n\t\t\t\t<\/div>\n\t\t\t\t<div class=\"elementor-element elementor-element-4aca1bf elementor-widget elementor-widget-spacer\" data-id=\"4aca1bf\" data-element_type=\"widget\" data-e-type=\"widget\" data-widget_type=\"spacer.default\">\n\t\t\t\t<div class=\"elementor-widget-container\">\n\t\t\t\t\t\t\t<div class=\"elementor-spacer\">\n\t\t\t<div class=\"elementor-spacer-inner\"><\/div>\n\t\t<\/div>\n\t\t\t\t\t\t<\/div>\n\t\t\t\t<\/div>\n\t\t\t\t\t<\/div>\n\t\t<\/div>\n\t\t\t\t\t<\/div>\n\t\t<\/section>\n\t\t\t\t<section class=\"elementor-section elementor-top-section elementor-element elementor-element-0627159 elementor-section-full_width elementor-section-height-default elementor-section-height-default qodef-elementor-content-no\" data-id=\"0627159\" data-element_type=\"section\" data-e-type=\"section\">\n\t\t\t\t\t\t<div class=\"elementor-container elementor-column-gap-default\">\n\t\t\t\t\t<div class=\"elementor-column elementor-col-100 elementor-top-column elementor-element elementor-element-713192c\" data-id=\"713192c\" data-element_type=\"column\" data-e-type=\"column\">\n\t\t\t<div class=\"elementor-widget-wrap elementor-element-populated\">\n\t\t\t\t\t\t<div class=\"elementor-element elementor-element-b64e48f elementor-widget elementor-widget-spacer\" data-id=\"b64e48f\" data-element_type=\"widget\" data-e-type=\"widget\" data-widget_type=\"spacer.default\">\n\t\t\t\t<div class=\"elementor-widget-container\">\n\t\t\t\t\t\t\t<div class=\"elementor-spacer\">\n\t\t\t<div class=\"elementor-spacer-inner\"><\/div>\n\t\t<\/div>\n\t\t\t\t\t\t<\/div>\n\t\t\t\t<\/div>\n\t\t\t\t<div class=\"elementor-element elementor-element-41dd195 elementor-widget elementor-widget-spacer\" data-id=\"41dd195\" data-element_type=\"widget\" data-e-type=\"widget\" data-widget_type=\"spacer.default\">\n\t\t\t\t<div class=\"elementor-widget-container\">\n\t\t\t\t\t\t\t<div class=\"elementor-spacer\">\n\t\t\t<div class=\"elementor-spacer-inner\"><\/div>\n\t\t<\/div>\n\t\t\t\t\t\t<\/div>\n\t\t\t\t<\/div>\n\t\t\t\t\t<\/div>\n\t\t<\/div>\n\t\t\t\t\t<\/div>\n\t\t<\/section>\n\t\t\t\t<\/div>","protected":false},"excerpt":{"rendered":"<p>Transaction Accelerator Mit dem Produkt \u2018Transaction Accelerator\u2019 stehen Ihnen neue M\u00f6glichkeiten offen. Wo klassisch konfigurierte Systeme zu Leistungsengp\u00e4ssen f\u00fchren, beispielsweise im Bereich des NRDM (Near-Realtime Data Management), hilft Ihnen der inSky Transaction Accelerator weiter. inSky liefert ihnen hier die M\u00f6glichkeit, Ihre Anforderungen in einem In-Memory-Datenbanksystem abzuwickeln. Die Vorteile f\u00fcr Sie liegen auf der Hand: Bei [&hellip;]<\/p>\n","protected":false},"author":1,"featured_media":0,"parent":5994,"menu_order":0,"comment_status":"closed","ping_status":"closed","template":"page-full-width.php","meta":{"footnotes":""},"class_list":["post-6164","page","type-page","status-publish","hentry"],"yoast_head":"<!-- This site is optimized with the Yoast SEO plugin v27.5 - https:\/\/yoast.com\/product\/yoast-seo-wordpress\/ -->\n<title>Transaction Accelerator - inSky GmbH<\/title>\n<meta name=\"robots\" content=\"index, follow, max-snippet:-1, max-image-preview:large, max-video-preview:-1\" \/>\n<link rel=\"canonical\" href=\"https:\/\/www.insky-europe.de\/en\/produkte\/transaction-accelerator\/\" \/>\n<meta property=\"og:locale\" content=\"en_GB\" \/>\n<meta property=\"og:type\" content=\"article\" \/>\n<meta property=\"og:title\" content=\"Transaction Accelerator - inSky GmbH\" \/>\n<meta property=\"og:description\" content=\"Transaction Accelerator Mit dem Produkt \u2018Transaction Accelerator\u2019 stehen Ihnen neue M\u00f6glichkeiten offen. Wo klassisch konfigurierte Systeme zu Leistungsengp\u00e4ssen f\u00fchren, beispielsweise im Bereich des NRDM (Near-Realtime Data Management), hilft Ihnen der inSky Transaction Accelerator weiter. inSky liefert ihnen hier die M\u00f6glichkeit, Ihre Anforderungen in einem In-Memory-Datenbanksystem abzuwickeln. Die Vorteile f\u00fcr Sie liegen auf der Hand: Bei [&hellip;]\" \/>\n<meta property=\"og:url\" content=\"https:\/\/www.insky-europe.de\/en\/produkte\/transaction-accelerator\/\" \/>\n<meta property=\"og:site_name\" content=\"inSky GmbH\" \/>\n<meta property=\"article:modified_time\" content=\"2022-02-22T09:28:55+00:00\" \/>\n<meta property=\"og:image\" content=\"https:\/\/www.insky-europe.de\/wp-content\/uploads\/2021\/02\/industrie_datenbank_2.png\" \/>\n<meta name=\"twitter:card\" content=\"summary_large_image\" \/>\n<meta name=\"twitter:label1\" content=\"Estimated reading time\" \/>\n\t<meta name=\"twitter:data1\" content=\"3 minutes\" \/>\n<script type=\"application\/ld+json\" class=\"yoast-schema-graph\">{\"@context\":\"https:\\\/\\\/schema.org\",\"@graph\":[{\"@type\":\"WebPage\",\"@id\":\"https:\\\/\\\/www.insky-europe.de\\\/produkte\\\/transaction-accelerator\\\/\",\"url\":\"https:\\\/\\\/www.insky-europe.de\\\/produkte\\\/transaction-accelerator\\\/\",\"name\":\"Transaction Accelerator - inSky GmbH\",\"isPartOf\":{\"@id\":\"https:\\\/\\\/www.insky-europe.de\\\/de\\\/#website\"},\"primaryImageOfPage\":{\"@id\":\"https:\\\/\\\/www.insky-europe.de\\\/produkte\\\/transaction-accelerator\\\/#primaryimage\"},\"image\":{\"@id\":\"https:\\\/\\\/www.insky-europe.de\\\/produkte\\\/transaction-accelerator\\\/#primaryimage\"},\"thumbnailUrl\":\"https:\\\/\\\/www.insky-europe.de\\\/wp-content\\\/uploads\\\/2021\\\/02\\\/industrie_datenbank_2.png\",\"datePublished\":\"2021-02-05T19:02:13+00:00\",\"dateModified\":\"2022-02-22T09:28:55+00:00\",\"breadcrumb\":{\"@id\":\"https:\\\/\\\/www.insky-europe.de\\\/produkte\\\/transaction-accelerator\\\/#breadcrumb\"},\"inLanguage\":\"en-GB\",\"potentialAction\":[{\"@type\":\"ReadAction\",\"target\":[\"https:\\\/\\\/www.insky-europe.de\\\/produkte\\\/transaction-accelerator\\\/\"]}]},{\"@type\":\"ImageObject\",\"inLanguage\":\"en-GB\",\"@id\":\"https:\\\/\\\/www.insky-europe.de\\\/produkte\\\/transaction-accelerator\\\/#primaryimage\",\"url\":\"https:\\\/\\\/www.insky-europe.de\\\/wp-content\\\/uploads\\\/2021\\\/02\\\/industrie_datenbank_2.png\",\"contentUrl\":\"https:\\\/\\\/www.insky-europe.de\\\/wp-content\\\/uploads\\\/2021\\\/02\\\/industrie_datenbank_2.png\"},{\"@type\":\"BreadcrumbList\",\"@id\":\"https:\\\/\\\/www.insky-europe.de\\\/produkte\\\/transaction-accelerator\\\/#breadcrumb\",\"itemListElement\":[{\"@type\":\"ListItem\",\"position\":1,\"name\":\"Startseite\",\"item\":\"https:\\\/\\\/www.insky-europe.de\\\/\"},{\"@type\":\"ListItem\",\"position\":2,\"name\":\"Produkte\",\"item\":\"https:\\\/\\\/www.insky-europe.de\\\/produkte\\\/\"},{\"@type\":\"ListItem\",\"position\":3,\"name\":\"Transaction Accelerator\"}]},{\"@type\":\"WebSite\",\"@id\":\"https:\\\/\\\/www.insky-europe.de\\\/de\\\/#website\",\"url\":\"https:\\\/\\\/www.insky-europe.de\\\/de\\\/\",\"name\":\"inSky GmbH\",\"description\":\"inSky GmbH - ERP Daten und MaschinenCloud, Vernetzung, Automatisierung, Industrie 4.0, Siemens SPS, SaaS.\",\"publisher\":{\"@id\":\"https:\\\/\\\/www.insky-europe.de\\\/de\\\/#organization\"},\"potentialAction\":[{\"@type\":\"SearchAction\",\"target\":{\"@type\":\"EntryPoint\",\"urlTemplate\":\"https:\\\/\\\/www.insky-europe.de\\\/de\\\/?s={search_term_string}\"},\"query-input\":{\"@type\":\"PropertyValueSpecification\",\"valueRequired\":true,\"valueName\":\"search_term_string\"}}],\"inLanguage\":\"en-GB\"},{\"@type\":\"Organization\",\"@id\":\"https:\\\/\\\/www.insky-europe.de\\\/de\\\/#organization\",\"name\":\"inSky GmbH\",\"url\":\"https:\\\/\\\/www.insky-europe.de\\\/de\\\/\",\"logo\":{\"@type\":\"ImageObject\",\"inLanguage\":\"en-GB\",\"@id\":\"https:\\\/\\\/www.insky-europe.de\\\/de\\\/#\\\/schema\\\/logo\\\/image\\\/\",\"url\":\"https:\\\/\\\/www.insky-europe.de\\\/wp-content\\\/uploads\\\/2021\\\/02\\\/cropped-insky-logo512-1.png\",\"contentUrl\":\"https:\\\/\\\/www.insky-europe.de\\\/wp-content\\\/uploads\\\/2021\\\/02\\\/cropped-insky-logo512-1.png\",\"width\":512,\"height\":512,\"caption\":\"inSky GmbH\"},\"image\":{\"@id\":\"https:\\\/\\\/www.insky-europe.de\\\/de\\\/#\\\/schema\\\/logo\\\/image\\\/\"}}]}<\/script>\n<!-- \/ Yoast SEO plugin. -->","yoast_head_json":{"title":"Transaction Accelerator - inSky GmbH","robots":{"index":"index","follow":"follow","max-snippet":"max-snippet:-1","max-image-preview":"max-image-preview:large","max-video-preview":"max-video-preview:-1"},"canonical":"https:\/\/www.insky-europe.de\/en\/produkte\/transaction-accelerator\/","og_locale":"en_GB","og_type":"article","og_title":"Transaction Accelerator - inSky GmbH","og_description":"Transaction Accelerator Mit dem Produkt \u2018Transaction Accelerator\u2019 stehen Ihnen neue M\u00f6glichkeiten offen. Wo klassisch konfigurierte Systeme zu Leistungsengp\u00e4ssen f\u00fchren, beispielsweise im Bereich des NRDM (Near-Realtime Data Management), hilft Ihnen der inSky Transaction Accelerator weiter. inSky liefert ihnen hier die M\u00f6glichkeit, Ihre Anforderungen in einem In-Memory-Datenbanksystem abzuwickeln. Die Vorteile f\u00fcr Sie liegen auf der Hand: Bei [&hellip;]","og_url":"https:\/\/www.insky-europe.de\/en\/produkte\/transaction-accelerator\/","og_site_name":"inSky GmbH","article_modified_time":"2022-02-22T09:28:55+00:00","og_image":[{"url":"https:\/\/www.insky-europe.de\/wp-content\/uploads\/2021\/02\/industrie_datenbank_2.png","type":"","width":"","height":""}],"twitter_card":"summary_large_image","twitter_misc":{"Estimated reading time":"3 minutes"},"schema":{"@context":"https:\/\/schema.org","@graph":[{"@type":"WebPage","@id":"https:\/\/www.insky-europe.de\/produkte\/transaction-accelerator\/","url":"https:\/\/www.insky-europe.de\/produkte\/transaction-accelerator\/","name":"Transaction Accelerator - inSky GmbH","isPartOf":{"@id":"https:\/\/www.insky-europe.de\/de\/#website"},"primaryImageOfPage":{"@id":"https:\/\/www.insky-europe.de\/produkte\/transaction-accelerator\/#primaryimage"},"image":{"@id":"https:\/\/www.insky-europe.de\/produkte\/transaction-accelerator\/#primaryimage"},"thumbnailUrl":"https:\/\/www.insky-europe.de\/wp-content\/uploads\/2021\/02\/industrie_datenbank_2.png","datePublished":"2021-02-05T19:02:13+00:00","dateModified":"2022-02-22T09:28:55+00:00","breadcrumb":{"@id":"https:\/\/www.insky-europe.de\/produkte\/transaction-accelerator\/#breadcrumb"},"inLanguage":"en-GB","potentialAction":[{"@type":"ReadAction","target":["https:\/\/www.insky-europe.de\/produkte\/transaction-accelerator\/"]}]},{"@type":"ImageObject","inLanguage":"en-GB","@id":"https:\/\/www.insky-europe.de\/produkte\/transaction-accelerator\/#primaryimage","url":"https:\/\/www.insky-europe.de\/wp-content\/uploads\/2021\/02\/industrie_datenbank_2.png","contentUrl":"https:\/\/www.insky-europe.de\/wp-content\/uploads\/2021\/02\/industrie_datenbank_2.png"},{"@type":"BreadcrumbList","@id":"https:\/\/www.insky-europe.de\/produkte\/transaction-accelerator\/#breadcrumb","itemListElement":[{"@type":"ListItem","position":1,"name":"Startseite","item":"https:\/\/www.insky-europe.de\/"},{"@type":"ListItem","position":2,"name":"Produkte","item":"https:\/\/www.insky-europe.de\/produkte\/"},{"@type":"ListItem","position":3,"name":"Transaction Accelerator"}]},{"@type":"WebSite","@id":"https:\/\/www.insky-europe.de\/de\/#website","url":"https:\/\/www.insky-europe.de\/de\/","name":"inSky GmbH","description":"inSky GmbH - ERP Data and Machine Cloud, Networking, Automation, Industry 4.0, Siemens PLC, SaaS.","publisher":{"@id":"https:\/\/www.insky-europe.de\/de\/#organization"},"potentialAction":[{"@type":"SearchAction","target":{"@type":"EntryPoint","urlTemplate":"https:\/\/www.insky-europe.de\/de\/?s={search_term_string}"},"query-input":{"@type":"PropertyValueSpecification","valueRequired":true,"valueName":"search_term_string"}}],"inLanguage":"en-GB"},{"@type":"Organization","@id":"https:\/\/www.insky-europe.de\/de\/#organization","name":"inSky GmbH","url":"https:\/\/www.insky-europe.de\/de\/","logo":{"@type":"ImageObject","inLanguage":"en-GB","@id":"https:\/\/www.insky-europe.de\/de\/#\/schema\/logo\/image\/","url":"https:\/\/www.insky-europe.de\/wp-content\/uploads\/2021\/02\/cropped-insky-logo512-1.png","contentUrl":"https:\/\/www.insky-europe.de\/wp-content\/uploads\/2021\/02\/cropped-insky-logo512-1.png","width":512,"height":512,"caption":"inSky GmbH"},"image":{"@id":"https:\/\/www.insky-europe.de\/de\/#\/schema\/logo\/image\/"}}]}},"_links":{"self":[{"href":"https:\/\/www.insky-europe.de\/en\/wp-json\/wp\/v2\/pages\/6164","targetHints":{"allow":["GET"]}}],"collection":[{"href":"https:\/\/www.insky-europe.de\/en\/wp-json\/wp\/v2\/pages"}],"about":[{"href":"https:\/\/www.insky-europe.de\/en\/wp-json\/wp\/v2\/types\/page"}],"author":[{"embeddable":true,"href":"https:\/\/www.insky-europe.de\/en\/wp-json\/wp\/v2\/users\/1"}],"replies":[{"embeddable":true,"href":"https:\/\/www.insky-europe.de\/en\/wp-json\/wp\/v2\/comments?post=6164"}],"version-history":[{"count":7,"href":"https:\/\/www.insky-europe.de\/en\/wp-json\/wp\/v2\/pages\/6164\/revisions"}],"predecessor-version":[{"id":8068,"href":"https:\/\/www.insky-europe.de\/en\/wp-json\/wp\/v2\/pages\/6164\/revisions\/8068"}],"up":[{"embeddable":true,"href":"https:\/\/www.insky-europe.de\/en\/wp-json\/wp\/v2\/pages\/5994"}],"wp:attachment":[{"href":"https:\/\/www.insky-europe.de\/en\/wp-json\/wp\/v2\/media?parent=6164"}],"curies":[{"name":"wp","href":"https:\/\/api.w.org\/{rel}","templated":true}]}}