{"id":6135,"date":"2021-02-05T19:49:17","date_gmt":"2021-02-05T18:49:17","guid":{"rendered":"https:\/\/www.insky-europe.de\/?page_id=6135"},"modified":"2021-02-05T19:53:56","modified_gmt":"2021-02-05T18:53:56","slug":"active-client","status":"publish","type":"page","link":"https:\/\/www.insky-europe.de\/en\/produkte\/active-client\/","title":{"rendered":"Active Client"},"content":{"rendered":"<div data-elementor-type=\"wp-page\" data-elementor-id=\"6135\" class=\"elementor elementor-6135\" data-elementor-post-type=\"page\">\n\t\t\t\t\t\t<section class=\"elementor-section elementor-top-section elementor-element elementor-element-725754b qodef-elementor-content-grid elementor-section-boxed elementor-section-height-default elementor-section-height-default\" data-id=\"725754b\" data-element_type=\"section\" data-e-type=\"section\">\n\t\t\t\t\t\t<div class=\"elementor-container elementor-column-gap-default\">\n\t\t\t\t\t<div class=\"elementor-column elementor-col-100 elementor-top-column elementor-element elementor-element-c7d74a7\" data-id=\"c7d74a7\" data-element_type=\"column\" data-e-type=\"column\">\n\t\t\t<div class=\"elementor-widget-wrap elementor-element-populated\">\n\t\t\t\t\t\t<div class=\"elementor-element elementor-element-f832d1a elementor-widget elementor-widget-stal_core_icon_with_text\" data-id=\"f832d1a\" data-element_type=\"widget\" data-e-type=\"widget\" data-widget_type=\"stal_core_icon_with_text.default\">\n\t\t\t\t<div class=\"elementor-widget-container\">\n\t\t\t\t\t<div class=\"qodef-shortcode qodef-m  qodef-icon-with-text qodef-layout--top  qodef--custom-icon  qodef-alignment--center\" >\n\t<div class=\"qodef-m-icon-wrapper\">\n\t\t\t\t\t<img fetchpriority=\"high\" decoding=\"async\" width=\"250\" height=\"250\" src=\"https:\/\/www.insky-europe.de\/wp-content\/uploads\/2021\/02\/active-client_bg.png\" class=\"attachment-full size-full\" alt=\"active-client_250\" srcset=\"https:\/\/www.insky-europe.de\/wp-content\/uploads\/2021\/02\/active-client_bg.png 250w, https:\/\/www.insky-europe.de\/wp-content\/uploads\/2021\/02\/active-client_bg-150x150.png 150w, https:\/\/www.insky-europe.de\/wp-content\/uploads\/2021\/02\/active-client_bg-82x82.png 82w, https:\/\/www.insky-europe.de\/wp-content\/uploads\/2021\/02\/active-client_bg-100x100.png 100w\" sizes=\"(max-width: 250px) 100vw, 250px\" \/>\t\t<\/div>\n\t<div class=\"qodef-m-content\">\n\t\t\t<h4 class=\"qodef-m-title\" >\n\t\t\t\t\t<span class=\"qodef-m-title-text\">Active Client<\/span>\n\t\t\t<\/h4>\n\t\t\t<p class=\"qodef-m-text\" >The 'Active Client' product is any component that communicates with the server and has its own configuration.<\/p>\n\t<\/div>\n<\/div>\t\t\t\t<\/div>\n\t\t\t\t<\/div>\n\t\t\t\t<div class=\"elementor-element elementor-element-9c59c0f elementor-widget elementor-widget-text-editor\" data-id=\"9c59c0f\" data-element_type=\"widget\" data-e-type=\"widget\" data-widget_type=\"text-editor.default\">\n\t\t\t\t<div class=\"elementor-widget-container\">\n\t\t\t\t\t\t\t\t\t<p>In principle, several similar components, for which similar processing is desired, can be managed under one configuration, but as soon as individual processing, separation of data, separation of functions or evaluations, etc. is required, a component is managed as a separate client.<\/p><p>In principle, a client can communicate with more than one server; this is the case, for example, with load balancing or parallel processing.<\/p><p>A client is billed with a fixed monthly price as soon as it is activated and operational. If a client is no longer needed, it can be deactivated or deleted.<\/p>\t\t\t\t\t\t\t\t<\/div>\n\t\t\t\t<\/div>\n\t\t\t\t<div class=\"elementor-element elementor-element-4aca1bf elementor-widget elementor-widget-spacer\" data-id=\"4aca1bf\" data-element_type=\"widget\" data-e-type=\"widget\" data-widget_type=\"spacer.default\">\n\t\t\t\t<div class=\"elementor-widget-container\">\n\t\t\t\t\t\t\t<div class=\"elementor-spacer\">\n\t\t\t<div class=\"elementor-spacer-inner\"><\/div>\n\t\t<\/div>\n\t\t\t\t\t\t<\/div>\n\t\t\t\t<\/div>\n\t\t\t\t<div class=\"elementor-element elementor-element-97c3aef elementor-icon-list--layout-traditional elementor-list-item-link-full_width elementor-widget elementor-widget-icon-list\" data-id=\"97c3aef\" data-element_type=\"widget\" data-e-type=\"widget\" data-widget_type=\"icon-list.default\">\n\t\t\t\t<div class=\"elementor-widget-container\">\n\t\t\t\t\t\t\t<ul class=\"elementor-icon-list-items\">\n\t\t\t\t\t\t\t<li class=\"elementor-icon-list-item\">\n\t\t\t\t\t\t\t\t\t\t\t<span class=\"elementor-icon-list-icon\">\n\t\t\t\t\t\t\t<i aria-hidden=\"true\" class=\"fas fa-cog\"><\/i>\t\t\t\t\t\t<\/span>\n\t\t\t\t\t\t\t\t\t\t<span class=\"elementor-icon-list-text\">Active Client<\/span>\n\t\t\t\t\t\t\t\t\t<\/li>\n\t\t\t\t\t\t\t\t<li class=\"elementor-icon-list-item\">\n\t\t\t\t\t\t\t\t\t\t\t<span class=\"elementor-icon-list-icon\">\n\t\t\t\t\t\t\t<i aria-hidden=\"true\" class=\"fas fa-cog\"><\/i>\t\t\t\t\t\t<\/span>\n\t\t\t\t\t\t\t\t\t\t<span class=\"elementor-icon-list-text\">Basic product<\/span>\n\t\t\t\t\t\t\t\t\t<\/li>\n\t\t\t\t\t\t\t\t<li class=\"elementor-icon-list-item\">\n\t\t\t\t\t\t\t\t\t\t\t<span class=\"elementor-icon-list-icon\">\n\t\t\t\t\t\t\t<i aria-hidden=\"true\" class=\"fas fa-cog\"><\/i>\t\t\t\t\t\t<\/span>\n\t\t\t\t\t\t\t\t\t\t<span class=\"elementor-icon-list-text\">fixed monthly price<\/span>\n\t\t\t\t\t\t\t\t\t<\/li>\n\t\t\t\t\t\t<\/ul>\n\t\t\t\t\t\t<\/div>\n\t\t\t\t<\/div>\n\t\t\t\t\t<\/div>\n\t\t<\/div>\n\t\t\t\t\t<\/div>\n\t\t<\/section>\n\t\t\t\t<section class=\"elementor-section elementor-top-section elementor-element elementor-element-0627159 elementor-section-full_width elementor-section-height-default elementor-section-height-default qodef-elementor-content-no\" data-id=\"0627159\" data-element_type=\"section\" data-e-type=\"section\">\n\t\t\t\t\t\t<div class=\"elementor-container elementor-column-gap-default\">\n\t\t\t\t\t<div class=\"elementor-column elementor-col-100 elementor-top-column elementor-element elementor-element-713192c\" data-id=\"713192c\" data-element_type=\"column\" data-e-type=\"column\">\n\t\t\t<div class=\"elementor-widget-wrap elementor-element-populated\">\n\t\t\t\t\t\t<div class=\"elementor-element elementor-element-b64e48f elementor-widget elementor-widget-spacer\" data-id=\"b64e48f\" data-element_type=\"widget\" data-e-type=\"widget\" data-widget_type=\"spacer.default\">\n\t\t\t\t<div class=\"elementor-widget-container\">\n\t\t\t\t\t\t\t<div class=\"elementor-spacer\">\n\t\t\t<div class=\"elementor-spacer-inner\"><\/div>\n\t\t<\/div>\n\t\t\t\t\t\t<\/div>\n\t\t\t\t<\/div>\n\t\t\t\t<div class=\"elementor-element elementor-element-41dd195 elementor-widget elementor-widget-spacer\" data-id=\"41dd195\" data-element_type=\"widget\" data-e-type=\"widget\" data-widget_type=\"spacer.default\">\n\t\t\t\t<div class=\"elementor-widget-container\">\n\t\t\t\t\t\t\t<div class=\"elementor-spacer\">\n\t\t\t<div class=\"elementor-spacer-inner\"><\/div>\n\t\t<\/div>\n\t\t\t\t\t\t<\/div>\n\t\t\t\t<\/div>\n\t\t\t\t\t<\/div>\n\t\t<\/div>\n\t\t\t\t\t<\/div>\n\t\t<\/section>\n\t\t\t\t<\/div>","protected":false},"excerpt":{"rendered":"<p>Active Client Das Produkt \u2018Active Client\u2019 ist eine beliebige Komponente, welche mit dem Server kommuniziert und \u00fcber eine eigene Konfiguration verf\u00fcgt. Grunds\u00e4tzlich k\u00f6nnen mehrere gleichartige Komponenten, bei welchen gleichartiges Verarbeiten gew\u00fcnscht ist, unter einer Konfiguration gef\u00fchrt werden, sobald jedoch individuelle Verarbeitung, Trennen der Daten, Trennen von Funktionen oder Auswertungen etc. erforderlich ist, wird eine Komponente [&hellip;]<\/p>\n","protected":false},"author":1,"featured_media":0,"parent":5994,"menu_order":0,"comment_status":"closed","ping_status":"closed","template":"page-full-width.php","meta":{"footnotes":""},"class_list":["post-6135","page","type-page","status-publish","hentry"],"yoast_head":"<!-- This site is optimized with the Yoast SEO plugin v27.4 - https:\/\/yoast.com\/product\/yoast-seo-wordpress\/ -->\n<title>Active Client - inSky GmbH<\/title>\n<meta name=\"robots\" content=\"index, follow, max-snippet:-1, max-image-preview:large, max-video-preview:-1\" \/>\n<link rel=\"canonical\" href=\"https:\/\/www.insky-europe.de\/en\/produkte\/active-client\/\" \/>\n<meta property=\"og:locale\" content=\"en_GB\" \/>\n<meta property=\"og:type\" content=\"article\" \/>\n<meta property=\"og:title\" content=\"Active Client - inSky GmbH\" \/>\n<meta property=\"og:description\" content=\"Active Client Das Produkt \u2018Active Client\u2019 ist eine beliebige Komponente, welche mit dem Server kommuniziert und \u00fcber eine eigene Konfiguration verf\u00fcgt. Grunds\u00e4tzlich k\u00f6nnen mehrere gleichartige Komponenten, bei welchen gleichartiges Verarbeiten gew\u00fcnscht ist, unter einer Konfiguration gef\u00fchrt werden, sobald jedoch individuelle Verarbeitung, Trennen der Daten, Trennen von Funktionen oder Auswertungen etc. erforderlich ist, wird eine Komponente [&hellip;]\" \/>\n<meta property=\"og:url\" content=\"https:\/\/www.insky-europe.de\/en\/produkte\/active-client\/\" \/>\n<meta property=\"og:site_name\" content=\"inSky GmbH\" \/>\n<meta property=\"article:modified_time\" content=\"2021-02-05T18:53:56+00:00\" \/>\n<meta property=\"og:image\" content=\"https:\/\/www.insky-europe.de\/wp-content\/uploads\/2021\/02\/active-client_bg.png\" \/>\n<meta name=\"twitter:card\" content=\"summary_large_image\" \/>\n<meta name=\"twitter:label1\" content=\"Estimated reading time\" \/>\n\t<meta name=\"twitter:data1\" content=\"1 minute\" \/>\n<script type=\"application\/ld+json\" class=\"yoast-schema-graph\">{\"@context\":\"https:\\\/\\\/schema.org\",\"@graph\":[{\"@type\":\"WebPage\",\"@id\":\"https:\\\/\\\/www.insky-europe.de\\\/produkte\\\/active-client\\\/\",\"url\":\"https:\\\/\\\/www.insky-europe.de\\\/produkte\\\/active-client\\\/\",\"name\":\"Active Client - inSky GmbH\",\"isPartOf\":{\"@id\":\"https:\\\/\\\/www.insky-europe.de\\\/de\\\/#website\"},\"primaryImageOfPage\":{\"@id\":\"https:\\\/\\\/www.insky-europe.de\\\/produkte\\\/active-client\\\/#primaryimage\"},\"image\":{\"@id\":\"https:\\\/\\\/www.insky-europe.de\\\/produkte\\\/active-client\\\/#primaryimage\"},\"thumbnailUrl\":\"https:\\\/\\\/www.insky-europe.de\\\/wp-content\\\/uploads\\\/2021\\\/02\\\/active-client_bg.png\",\"datePublished\":\"2021-02-05T18:49:17+00:00\",\"dateModified\":\"2021-02-05T18:53:56+00:00\",\"breadcrumb\":{\"@id\":\"https:\\\/\\\/www.insky-europe.de\\\/produkte\\\/active-client\\\/#breadcrumb\"},\"inLanguage\":\"en-GB\",\"potentialAction\":[{\"@type\":\"ReadAction\",\"target\":[\"https:\\\/\\\/www.insky-europe.de\\\/produkte\\\/active-client\\\/\"]}]},{\"@type\":\"ImageObject\",\"inLanguage\":\"en-GB\",\"@id\":\"https:\\\/\\\/www.insky-europe.de\\\/produkte\\\/active-client\\\/#primaryimage\",\"url\":\"https:\\\/\\\/www.insky-europe.de\\\/wp-content\\\/uploads\\\/2021\\\/02\\\/active-client_bg.png\",\"contentUrl\":\"https:\\\/\\\/www.insky-europe.de\\\/wp-content\\\/uploads\\\/2021\\\/02\\\/active-client_bg.png\"},{\"@type\":\"BreadcrumbList\",\"@id\":\"https:\\\/\\\/www.insky-europe.de\\\/produkte\\\/active-client\\\/#breadcrumb\",\"itemListElement\":[{\"@type\":\"ListItem\",\"position\":1,\"name\":\"Startseite\",\"item\":\"https:\\\/\\\/www.insky-europe.de\\\/\"},{\"@type\":\"ListItem\",\"position\":2,\"name\":\"Produkte\",\"item\":\"https:\\\/\\\/www.insky-europe.de\\\/produkte\\\/\"},{\"@type\":\"ListItem\",\"position\":3,\"name\":\"Active Client\"}]},{\"@type\":\"WebSite\",\"@id\":\"https:\\\/\\\/www.insky-europe.de\\\/de\\\/#website\",\"url\":\"https:\\\/\\\/www.insky-europe.de\\\/de\\\/\",\"name\":\"inSky GmbH\",\"description\":\"inSky GmbH - ERP Daten und MaschinenCloud, Vernetzung, Automatisierung, Industrie 4.0, Siemens SPS, SaaS.\",\"publisher\":{\"@id\":\"https:\\\/\\\/www.insky-europe.de\\\/de\\\/#organization\"},\"potentialAction\":[{\"@type\":\"SearchAction\",\"target\":{\"@type\":\"EntryPoint\",\"urlTemplate\":\"https:\\\/\\\/www.insky-europe.de\\\/de\\\/?s={search_term_string}\"},\"query-input\":{\"@type\":\"PropertyValueSpecification\",\"valueRequired\":true,\"valueName\":\"search_term_string\"}}],\"inLanguage\":\"en-GB\"},{\"@type\":\"Organization\",\"@id\":\"https:\\\/\\\/www.insky-europe.de\\\/de\\\/#organization\",\"name\":\"inSky GmbH\",\"url\":\"https:\\\/\\\/www.insky-europe.de\\\/de\\\/\",\"logo\":{\"@type\":\"ImageObject\",\"inLanguage\":\"en-GB\",\"@id\":\"https:\\\/\\\/www.insky-europe.de\\\/de\\\/#\\\/schema\\\/logo\\\/image\\\/\",\"url\":\"https:\\\/\\\/www.insky-europe.de\\\/wp-content\\\/uploads\\\/2021\\\/02\\\/cropped-insky-logo512-1.png\",\"contentUrl\":\"https:\\\/\\\/www.insky-europe.de\\\/wp-content\\\/uploads\\\/2021\\\/02\\\/cropped-insky-logo512-1.png\",\"width\":512,\"height\":512,\"caption\":\"inSky GmbH\"},\"image\":{\"@id\":\"https:\\\/\\\/www.insky-europe.de\\\/de\\\/#\\\/schema\\\/logo\\\/image\\\/\"}}]}<\/script>\n<!-- \/ Yoast SEO plugin. -->","yoast_head_json":{"title":"Active Client - inSky GmbH","robots":{"index":"index","follow":"follow","max-snippet":"max-snippet:-1","max-image-preview":"max-image-preview:large","max-video-preview":"max-video-preview:-1"},"canonical":"https:\/\/www.insky-europe.de\/en\/produkte\/active-client\/","og_locale":"en_GB","og_type":"article","og_title":"Active Client - inSky GmbH","og_description":"Active Client Das Produkt \u2018Active Client\u2019 ist eine beliebige Komponente, welche mit dem Server kommuniziert und \u00fcber eine eigene Konfiguration verf\u00fcgt. Grunds\u00e4tzlich k\u00f6nnen mehrere gleichartige Komponenten, bei welchen gleichartiges Verarbeiten gew\u00fcnscht ist, unter einer Konfiguration gef\u00fchrt werden, sobald jedoch individuelle Verarbeitung, Trennen der Daten, Trennen von Funktionen oder Auswertungen etc. erforderlich ist, wird eine Komponente [&hellip;]","og_url":"https:\/\/www.insky-europe.de\/en\/produkte\/active-client\/","og_site_name":"inSky GmbH","article_modified_time":"2021-02-05T18:53:56+00:00","og_image":[{"url":"https:\/\/www.insky-europe.de\/wp-content\/uploads\/2021\/02\/active-client_bg.png","type":"","width":"","height":""}],"twitter_card":"summary_large_image","twitter_misc":{"Estimated reading time":"1 minute"},"schema":{"@context":"https:\/\/schema.org","@graph":[{"@type":"WebPage","@id":"https:\/\/www.insky-europe.de\/produkte\/active-client\/","url":"https:\/\/www.insky-europe.de\/produkte\/active-client\/","name":"Active Client - inSky GmbH","isPartOf":{"@id":"https:\/\/www.insky-europe.de\/de\/#website"},"primaryImageOfPage":{"@id":"https:\/\/www.insky-europe.de\/produkte\/active-client\/#primaryimage"},"image":{"@id":"https:\/\/www.insky-europe.de\/produkte\/active-client\/#primaryimage"},"thumbnailUrl":"https:\/\/www.insky-europe.de\/wp-content\/uploads\/2021\/02\/active-client_bg.png","datePublished":"2021-02-05T18:49:17+00:00","dateModified":"2021-02-05T18:53:56+00:00","breadcrumb":{"@id":"https:\/\/www.insky-europe.de\/produkte\/active-client\/#breadcrumb"},"inLanguage":"en-GB","potentialAction":[{"@type":"ReadAction","target":["https:\/\/www.insky-europe.de\/produkte\/active-client\/"]}]},{"@type":"ImageObject","inLanguage":"en-GB","@id":"https:\/\/www.insky-europe.de\/produkte\/active-client\/#primaryimage","url":"https:\/\/www.insky-europe.de\/wp-content\/uploads\/2021\/02\/active-client_bg.png","contentUrl":"https:\/\/www.insky-europe.de\/wp-content\/uploads\/2021\/02\/active-client_bg.png"},{"@type":"BreadcrumbList","@id":"https:\/\/www.insky-europe.de\/produkte\/active-client\/#breadcrumb","itemListElement":[{"@type":"ListItem","position":1,"name":"Startseite","item":"https:\/\/www.insky-europe.de\/"},{"@type":"ListItem","position":2,"name":"Produkte","item":"https:\/\/www.insky-europe.de\/produkte\/"},{"@type":"ListItem","position":3,"name":"Active Client"}]},{"@type":"WebSite","@id":"https:\/\/www.insky-europe.de\/de\/#website","url":"https:\/\/www.insky-europe.de\/de\/","name":"inSky GmbH","description":"inSky GmbH - ERP Data and Machine Cloud, Networking, Automation, Industry 4.0, Siemens PLC, SaaS.","publisher":{"@id":"https:\/\/www.insky-europe.de\/de\/#organization"},"potentialAction":[{"@type":"SearchAction","target":{"@type":"EntryPoint","urlTemplate":"https:\/\/www.insky-europe.de\/de\/?s={search_term_string}"},"query-input":{"@type":"PropertyValueSpecification","valueRequired":true,"valueName":"search_term_string"}}],"inLanguage":"en-GB"},{"@type":"Organization","@id":"https:\/\/www.insky-europe.de\/de\/#organization","name":"inSky GmbH","url":"https:\/\/www.insky-europe.de\/de\/","logo":{"@type":"ImageObject","inLanguage":"en-GB","@id":"https:\/\/www.insky-europe.de\/de\/#\/schema\/logo\/image\/","url":"https:\/\/www.insky-europe.de\/wp-content\/uploads\/2021\/02\/cropped-insky-logo512-1.png","contentUrl":"https:\/\/www.insky-europe.de\/wp-content\/uploads\/2021\/02\/cropped-insky-logo512-1.png","width":512,"height":512,"caption":"inSky GmbH"},"image":{"@id":"https:\/\/www.insky-europe.de\/de\/#\/schema\/logo\/image\/"}}]}},"_links":{"self":[{"href":"https:\/\/www.insky-europe.de\/en\/wp-json\/wp\/v2\/pages\/6135","targetHints":{"allow":["GET"]}}],"collection":[{"href":"https:\/\/www.insky-europe.de\/en\/wp-json\/wp\/v2\/pages"}],"about":[{"href":"https:\/\/www.insky-europe.de\/en\/wp-json\/wp\/v2\/types\/page"}],"author":[{"embeddable":true,"href":"https:\/\/www.insky-europe.de\/en\/wp-json\/wp\/v2\/users\/1"}],"replies":[{"embeddable":true,"href":"https:\/\/www.insky-europe.de\/en\/wp-json\/wp\/v2\/comments?post=6135"}],"version-history":[{"count":0,"href":"https:\/\/www.insky-europe.de\/en\/wp-json\/wp\/v2\/pages\/6135\/revisions"}],"up":[{"embeddable":true,"href":"https:\/\/www.insky-europe.de\/en\/wp-json\/wp\/v2\/pages\/5994"}],"wp:attachment":[{"href":"https:\/\/www.insky-europe.de\/en\/wp-json\/wp\/v2\/media?parent=6135"}],"curies":[{"name":"wp","href":"https:\/\/api.w.org\/{rel}","templated":true}]}}