{"id":5693,"date":"2021-02-04T18:36:53","date_gmt":"2021-02-04T17:36:53","guid":{"rendered":"https:\/\/www.insky-europe.de\/?page_id=5693"},"modified":"2022-02-22T10:18:36","modified_gmt":"2022-02-22T09:18:36","slug":"automatisierte-fertigungsrueckmeldung","status":"publish","type":"page","link":"https:\/\/www.insky-europe.de\/en\/loesungen-uebersicht\/automatisierte-fertigungsrueckmeldung\/","title":{"rendered":"automated production feedback"},"content":{"rendered":"<div data-elementor-type=\"wp-page\" data-elementor-id=\"5693\" class=\"elementor elementor-5693\" data-elementor-post-type=\"page\">\n\t\t\t\t\t\t<section class=\"elementor-section elementor-top-section elementor-element elementor-element-725754b qodef-elementor-content-grid elementor-section-boxed elementor-section-height-default elementor-section-height-default\" data-id=\"725754b\" data-element_type=\"section\" data-e-type=\"section\">\n\t\t\t\t\t\t<div class=\"elementor-container elementor-column-gap-default\">\n\t\t\t\t\t<div class=\"elementor-column elementor-col-100 elementor-top-column elementor-element elementor-element-c7d74a7\" data-id=\"c7d74a7\" data-element_type=\"column\" data-e-type=\"column\">\n\t\t\t<div class=\"elementor-widget-wrap elementor-element-populated\">\n\t\t\t\t\t\t<div class=\"elementor-element elementor-element-36a468f elementor-widget elementor-widget-image\" data-id=\"36a468f\" data-element_type=\"widget\" data-e-type=\"widget\" data-widget_type=\"image.default\">\n\t\t\t\t<div class=\"elementor-widget-container\">\n\t\t\t\t\t\t\t\t\t\t\t\t\t\t\t<img fetchpriority=\"high\" decoding=\"async\" width=\"250\" height=\"250\" src=\"https:\/\/www.insky-europe.de\/wp-content\/uploads\/2021\/02\/fertigungsrueckmeldung.png\" class=\"attachment-large size-large wp-image-5695\" alt=\"production backflush\" srcset=\"https:\/\/www.insky-europe.de\/wp-content\/uploads\/2021\/02\/fertigungsrueckmeldung.png 250w, https:\/\/www.insky-europe.de\/wp-content\/uploads\/2021\/02\/fertigungsrueckmeldung-150x150.png 150w, https:\/\/www.insky-europe.de\/wp-content\/uploads\/2021\/02\/fertigungsrueckmeldung-82x82.png 82w, https:\/\/www.insky-europe.de\/wp-content\/uploads\/2021\/02\/fertigungsrueckmeldung-100x100.png 100w\" sizes=\"(max-width: 250px) 100vw, 250px\" \/>\t\t\t\t\t\t\t\t\t\t\t\t\t\t\t<\/div>\n\t\t\t\t<\/div>\n\t\t\t\t<div class=\"elementor-element elementor-element-9c59c0f elementor-widget elementor-widget-text-editor\" data-id=\"9c59c0f\" data-element_type=\"widget\" data-e-type=\"widget\" data-widget_type=\"text-editor.default\">\n\t\t\t\t<div class=\"elementor-widget-container\">\n\t\t\t\t\t\t\t\t\t<div class=\"page_content_wrap scheme_default\">\n<div class=\"content_wrap\">\n<div class=\"content\">\n<article id=\"post-1909\" class=\"services_page itemscope post-1909 cpt_services type-cpt_services status-publish hentry cpt_services_group-insky_loesungen cpt_services_group-insky_transaktionen\">\n<section class=\"services_page_content entry-content\">\n<p>You know the problem?<\/p>\n<p>Your production systems 'know' exactly which quantities you have just produced. There is a valid order, the plant has just processed it.<\/p>\n<p>Despite all this data available in the area of control technology, it is necessary for an employee to confirm the manufactured quantities in the ERP system, to credit the production order or to allocate the articles to a warehouse. This often results in input errors, incorrect bookings or the bookings are not made at the right time, which causes problems in downstream processes.<\/p>\n<p><strong>inSky<\/strong> has developed solutions that enable machine controls to use the booking interfaces, APIs or web services available in ERP systems. All this without your control technology having to deal with the technical details of these interfaces. The inSky services are able to mediate, to translate between these two specialist areas.<\/p>\n<p>The data reported back from production can, of course, be checked, enriched or otherwise processed before being posted.<\/p>\n<\/section>\n<\/article>\n<\/div>\n<\/div>\n<\/div>\n<footer class=\"footer_wrap footer_custom footer_custom_157 footer_custom_insky-footer scheme_dark\">\n<div class=\"vc_row wpb_row vc_row-fluid vc_custom_1528926803253 vc_row-has-fill sc_layouts_row sc_layouts_row_type_normal\">\n<div class=\"wpb_column vc_column_container vc_col-sm-12 sc_layouts_column_icons_position_left\">\n<div class=\"vc_column-inner\">\n<div class=\"wpb_wrapper\">&nbsp;<\/div>\n<\/div>\n<\/div>\n<\/div>\n<\/footer>\t\t\t\t\t\t\t\t<\/div>\n\t\t\t\t<\/div>\n\t\t\t\t\t<\/div>\n\t\t<\/div>\n\t\t\t\t\t<\/div>\n\t\t<\/section>\n\t\t\t\t<\/div>","protected":false},"excerpt":{"rendered":"<p>Sie kennen das Problem? Ihre Fertigungsanlagen \u2018wissen\u2019 genau, welche St\u00fcckzahlen Sie gerade gefertigt haben. Es gibt einen g\u00fcltigen Auftrag, die Anlage hat diesen gerade abgearbeitet. Trotz all dieser im Bereich der Steuerungstechnik verf\u00fcgbaren Daten ist es erforderlich, dass ein Mitarbeiter die gefertigten Mengen im ERP-System r\u00fcckmeldet, den Fertigungsauftrag entlastet oder die Artikel einem Lager zuschl\u00e4gt. [&hellip;]<\/p>\n","protected":false},"author":1,"featured_media":0,"parent":5410,"menu_order":0,"comment_status":"closed","ping_status":"closed","template":"page-full-width.php","meta":{"footnotes":""},"class_list":["post-5693","page","type-page","status-publish","hentry"],"yoast_head":"<!-- This site is optimized with the Yoast SEO plugin v27.4 - https:\/\/yoast.com\/product\/yoast-seo-wordpress\/ -->\n<title>automatisierte Fertigungsr\u00fcckmeldung - inSky GmbH<\/title>\n<meta name=\"robots\" content=\"index, follow, max-snippet:-1, max-image-preview:large, max-video-preview:-1\" \/>\n<link rel=\"canonical\" href=\"https:\/\/www.insky-europe.de\/en\/loesungen-uebersicht\/automatisierte-fertigungsrueckmeldung\/\" \/>\n<meta property=\"og:locale\" content=\"en_GB\" \/>\n<meta property=\"og:type\" content=\"article\" \/>\n<meta property=\"og:title\" content=\"automatisierte Fertigungsr\u00fcckmeldung - inSky GmbH\" \/>\n<meta property=\"og:description\" content=\"Sie kennen das Problem? Ihre Fertigungsanlagen \u2018wissen\u2019 genau, welche St\u00fcckzahlen Sie gerade gefertigt haben. Es gibt einen g\u00fcltigen Auftrag, die Anlage hat diesen gerade abgearbeitet. Trotz all dieser im Bereich der Steuerungstechnik verf\u00fcgbaren Daten ist es erforderlich, dass ein Mitarbeiter die gefertigten Mengen im ERP-System r\u00fcckmeldet, den Fertigungsauftrag entlastet oder die Artikel einem Lager zuschl\u00e4gt. [&hellip;]\" \/>\n<meta property=\"og:url\" content=\"https:\/\/www.insky-europe.de\/en\/loesungen-uebersicht\/automatisierte-fertigungsrueckmeldung\/\" \/>\n<meta property=\"og:site_name\" content=\"inSky GmbH\" \/>\n<meta property=\"article:modified_time\" content=\"2022-02-22T09:18:36+00:00\" \/>\n<meta property=\"og:image\" content=\"https:\/\/www.insky-europe.de\/wp-content\/uploads\/2021\/02\/fertigungsrueckmeldung.png\" \/>\n<meta name=\"twitter:card\" content=\"summary_large_image\" \/>\n<meta name=\"twitter:label1\" content=\"Estimated reading time\" \/>\n\t<meta name=\"twitter:data1\" content=\"2 minutes\" \/>\n<script type=\"application\/ld+json\" class=\"yoast-schema-graph\">{\"@context\":\"https:\\\/\\\/schema.org\",\"@graph\":[{\"@type\":\"WebPage\",\"@id\":\"https:\\\/\\\/www.insky-europe.de\\\/loesungen-uebersicht\\\/automatisierte-fertigungsrueckmeldung\\\/\",\"url\":\"https:\\\/\\\/www.insky-europe.de\\\/loesungen-uebersicht\\\/automatisierte-fertigungsrueckmeldung\\\/\",\"name\":\"automatisierte Fertigungsr\u00fcckmeldung - inSky GmbH\",\"isPartOf\":{\"@id\":\"https:\\\/\\\/www.insky-europe.de\\\/de\\\/#website\"},\"primaryImageOfPage\":{\"@id\":\"https:\\\/\\\/www.insky-europe.de\\\/loesungen-uebersicht\\\/automatisierte-fertigungsrueckmeldung\\\/#primaryimage\"},\"image\":{\"@id\":\"https:\\\/\\\/www.insky-europe.de\\\/loesungen-uebersicht\\\/automatisierte-fertigungsrueckmeldung\\\/#primaryimage\"},\"thumbnailUrl\":\"https:\\\/\\\/www.insky-europe.de\\\/wp-content\\\/uploads\\\/2021\\\/02\\\/fertigungsrueckmeldung.png\",\"datePublished\":\"2021-02-04T17:36:53+00:00\",\"dateModified\":\"2022-02-22T09:18:36+00:00\",\"breadcrumb\":{\"@id\":\"https:\\\/\\\/www.insky-europe.de\\\/loesungen-uebersicht\\\/automatisierte-fertigungsrueckmeldung\\\/#breadcrumb\"},\"inLanguage\":\"en-GB\",\"potentialAction\":[{\"@type\":\"ReadAction\",\"target\":[\"https:\\\/\\\/www.insky-europe.de\\\/loesungen-uebersicht\\\/automatisierte-fertigungsrueckmeldung\\\/\"]}]},{\"@type\":\"ImageObject\",\"inLanguage\":\"en-GB\",\"@id\":\"https:\\\/\\\/www.insky-europe.de\\\/loesungen-uebersicht\\\/automatisierte-fertigungsrueckmeldung\\\/#primaryimage\",\"url\":\"https:\\\/\\\/www.insky-europe.de\\\/wp-content\\\/uploads\\\/2021\\\/02\\\/fertigungsrueckmeldung.png\",\"contentUrl\":\"https:\\\/\\\/www.insky-europe.de\\\/wp-content\\\/uploads\\\/2021\\\/02\\\/fertigungsrueckmeldung.png\"},{\"@type\":\"BreadcrumbList\",\"@id\":\"https:\\\/\\\/www.insky-europe.de\\\/loesungen-uebersicht\\\/automatisierte-fertigungsrueckmeldung\\\/#breadcrumb\",\"itemListElement\":[{\"@type\":\"ListItem\",\"position\":1,\"name\":\"Startseite\",\"item\":\"https:\\\/\\\/www.insky-europe.de\\\/\"},{\"@type\":\"ListItem\",\"position\":2,\"name\":\"L\u00f6sungen &#8211; \u00dcbersicht\",\"item\":\"https:\\\/\\\/www.insky-europe.de\\\/loesungen-uebersicht\\\/\"},{\"@type\":\"ListItem\",\"position\":3,\"name\":\"automatisierte Fertigungsr\u00fcckmeldung\"}]},{\"@type\":\"WebSite\",\"@id\":\"https:\\\/\\\/www.insky-europe.de\\\/de\\\/#website\",\"url\":\"https:\\\/\\\/www.insky-europe.de\\\/de\\\/\",\"name\":\"inSky GmbH\",\"description\":\"inSky GmbH - ERP Daten und MaschinenCloud, Vernetzung, Automatisierung, Industrie 4.0, Siemens SPS, SaaS.\",\"publisher\":{\"@id\":\"https:\\\/\\\/www.insky-europe.de\\\/de\\\/#organization\"},\"potentialAction\":[{\"@type\":\"SearchAction\",\"target\":{\"@type\":\"EntryPoint\",\"urlTemplate\":\"https:\\\/\\\/www.insky-europe.de\\\/de\\\/?s={search_term_string}\"},\"query-input\":{\"@type\":\"PropertyValueSpecification\",\"valueRequired\":true,\"valueName\":\"search_term_string\"}}],\"inLanguage\":\"en-GB\"},{\"@type\":\"Organization\",\"@id\":\"https:\\\/\\\/www.insky-europe.de\\\/de\\\/#organization\",\"name\":\"inSky GmbH\",\"url\":\"https:\\\/\\\/www.insky-europe.de\\\/de\\\/\",\"logo\":{\"@type\":\"ImageObject\",\"inLanguage\":\"en-GB\",\"@id\":\"https:\\\/\\\/www.insky-europe.de\\\/de\\\/#\\\/schema\\\/logo\\\/image\\\/\",\"url\":\"https:\\\/\\\/www.insky-europe.de\\\/wp-content\\\/uploads\\\/2021\\\/02\\\/cropped-insky-logo512-1.png\",\"contentUrl\":\"https:\\\/\\\/www.insky-europe.de\\\/wp-content\\\/uploads\\\/2021\\\/02\\\/cropped-insky-logo512-1.png\",\"width\":512,\"height\":512,\"caption\":\"inSky GmbH\"},\"image\":{\"@id\":\"https:\\\/\\\/www.insky-europe.de\\\/de\\\/#\\\/schema\\\/logo\\\/image\\\/\"}}]}<\/script>\n<!-- \/ Yoast SEO plugin. -->","yoast_head_json":{"title":"automated production feedback - inSky GmbH","robots":{"index":"index","follow":"follow","max-snippet":"max-snippet:-1","max-image-preview":"max-image-preview:large","max-video-preview":"max-video-preview:-1"},"canonical":"https:\/\/www.insky-europe.de\/en\/loesungen-uebersicht\/automatisierte-fertigungsrueckmeldung\/","og_locale":"en_GB","og_type":"article","og_title":"automatisierte Fertigungsr\u00fcckmeldung - inSky GmbH","og_description":"Sie kennen das Problem? Ihre Fertigungsanlagen \u2018wissen\u2019 genau, welche St\u00fcckzahlen Sie gerade gefertigt haben. Es gibt einen g\u00fcltigen Auftrag, die Anlage hat diesen gerade abgearbeitet. Trotz all dieser im Bereich der Steuerungstechnik verf\u00fcgbaren Daten ist es erforderlich, dass ein Mitarbeiter die gefertigten Mengen im ERP-System r\u00fcckmeldet, den Fertigungsauftrag entlastet oder die Artikel einem Lager zuschl\u00e4gt. [&hellip;]","og_url":"https:\/\/www.insky-europe.de\/en\/loesungen-uebersicht\/automatisierte-fertigungsrueckmeldung\/","og_site_name":"inSky GmbH","article_modified_time":"2022-02-22T09:18:36+00:00","og_image":[{"url":"https:\/\/www.insky-europe.de\/wp-content\/uploads\/2021\/02\/fertigungsrueckmeldung.png","type":"","width":"","height":""}],"twitter_card":"summary_large_image","twitter_misc":{"Estimated reading time":"2 minutes"},"schema":{"@context":"https:\/\/schema.org","@graph":[{"@type":"WebPage","@id":"https:\/\/www.insky-europe.de\/loesungen-uebersicht\/automatisierte-fertigungsrueckmeldung\/","url":"https:\/\/www.insky-europe.de\/loesungen-uebersicht\/automatisierte-fertigungsrueckmeldung\/","name":"automated production feedback - inSky GmbH","isPartOf":{"@id":"https:\/\/www.insky-europe.de\/de\/#website"},"primaryImageOfPage":{"@id":"https:\/\/www.insky-europe.de\/loesungen-uebersicht\/automatisierte-fertigungsrueckmeldung\/#primaryimage"},"image":{"@id":"https:\/\/www.insky-europe.de\/loesungen-uebersicht\/automatisierte-fertigungsrueckmeldung\/#primaryimage"},"thumbnailUrl":"https:\/\/www.insky-europe.de\/wp-content\/uploads\/2021\/02\/fertigungsrueckmeldung.png","datePublished":"2021-02-04T17:36:53+00:00","dateModified":"2022-02-22T09:18:36+00:00","breadcrumb":{"@id":"https:\/\/www.insky-europe.de\/loesungen-uebersicht\/automatisierte-fertigungsrueckmeldung\/#breadcrumb"},"inLanguage":"en-GB","potentialAction":[{"@type":"ReadAction","target":["https:\/\/www.insky-europe.de\/loesungen-uebersicht\/automatisierte-fertigungsrueckmeldung\/"]}]},{"@type":"ImageObject","inLanguage":"en-GB","@id":"https:\/\/www.insky-europe.de\/loesungen-uebersicht\/automatisierte-fertigungsrueckmeldung\/#primaryimage","url":"https:\/\/www.insky-europe.de\/wp-content\/uploads\/2021\/02\/fertigungsrueckmeldung.png","contentUrl":"https:\/\/www.insky-europe.de\/wp-content\/uploads\/2021\/02\/fertigungsrueckmeldung.png"},{"@type":"BreadcrumbList","@id":"https:\/\/www.insky-europe.de\/loesungen-uebersicht\/automatisierte-fertigungsrueckmeldung\/#breadcrumb","itemListElement":[{"@type":"ListItem","position":1,"name":"Startseite","item":"https:\/\/www.insky-europe.de\/"},{"@type":"ListItem","position":2,"name":"L\u00f6sungen &#8211; \u00dcbersicht","item":"https:\/\/www.insky-europe.de\/loesungen-uebersicht\/"},{"@type":"ListItem","position":3,"name":"automatisierte Fertigungsr\u00fcckmeldung"}]},{"@type":"WebSite","@id":"https:\/\/www.insky-europe.de\/de\/#website","url":"https:\/\/www.insky-europe.de\/de\/","name":"inSky GmbH","description":"inSky GmbH - ERP Data and Machine Cloud, Networking, Automation, Industry 4.0, Siemens PLC, SaaS.","publisher":{"@id":"https:\/\/www.insky-europe.de\/de\/#organization"},"potentialAction":[{"@type":"SearchAction","target":{"@type":"EntryPoint","urlTemplate":"https:\/\/www.insky-europe.de\/de\/?s={search_term_string}"},"query-input":{"@type":"PropertyValueSpecification","valueRequired":true,"valueName":"search_term_string"}}],"inLanguage":"en-GB"},{"@type":"Organization","@id":"https:\/\/www.insky-europe.de\/de\/#organization","name":"inSky GmbH","url":"https:\/\/www.insky-europe.de\/de\/","logo":{"@type":"ImageObject","inLanguage":"en-GB","@id":"https:\/\/www.insky-europe.de\/de\/#\/schema\/logo\/image\/","url":"https:\/\/www.insky-europe.de\/wp-content\/uploads\/2021\/02\/cropped-insky-logo512-1.png","contentUrl":"https:\/\/www.insky-europe.de\/wp-content\/uploads\/2021\/02\/cropped-insky-logo512-1.png","width":512,"height":512,"caption":"inSky GmbH"},"image":{"@id":"https:\/\/www.insky-europe.de\/de\/#\/schema\/logo\/image\/"}}]}},"_links":{"self":[{"href":"https:\/\/www.insky-europe.de\/en\/wp-json\/wp\/v2\/pages\/5693","targetHints":{"allow":["GET"]}}],"collection":[{"href":"https:\/\/www.insky-europe.de\/en\/wp-json\/wp\/v2\/pages"}],"about":[{"href":"https:\/\/www.insky-europe.de\/en\/wp-json\/wp\/v2\/types\/page"}],"author":[{"embeddable":true,"href":"https:\/\/www.insky-europe.de\/en\/wp-json\/wp\/v2\/users\/1"}],"replies":[{"embeddable":true,"href":"https:\/\/www.insky-europe.de\/en\/wp-json\/wp\/v2\/comments?post=5693"}],"version-history":[{"count":7,"href":"https:\/\/www.insky-europe.de\/en\/wp-json\/wp\/v2\/pages\/5693\/revisions"}],"predecessor-version":[{"id":8048,"href":"https:\/\/www.insky-europe.de\/en\/wp-json\/wp\/v2\/pages\/5693\/revisions\/8048"}],"up":[{"embeddable":true,"href":"https:\/\/www.insky-europe.de\/en\/wp-json\/wp\/v2\/pages\/5410"}],"wp:attachment":[{"href":"https:\/\/www.insky-europe.de\/en\/wp-json\/wp\/v2\/media?parent=5693"}],"curies":[{"name":"wp","href":"https:\/\/api.w.org\/{rel}","templated":true}]}}