{"id":5658,"date":"2021-02-04T18:25:24","date_gmt":"2021-02-04T17:25:24","guid":{"rendered":"https:\/\/www.insky-europe.de\/?page_id=5658"},"modified":"2021-02-05T19:28:36","modified_gmt":"2021-02-05T18:28:36","slug":"materialeinsatzpruefungen","status":"publish","type":"page","link":"https:\/\/www.insky-europe.de\/en\/loesungen-uebersicht\/materialeinsatzpruefungen\/","title":{"rendered":"Material usage tests"},"content":{"rendered":"<div data-elementor-type=\"wp-page\" data-elementor-id=\"5658\" class=\"elementor elementor-5658\" data-elementor-post-type=\"page\">\n\t\t\t\t\t\t<section class=\"elementor-section elementor-top-section elementor-element elementor-element-725754b qodef-elementor-content-grid elementor-section-boxed elementor-section-height-default elementor-section-height-default\" data-id=\"725754b\" data-element_type=\"section\" data-e-type=\"section\">\n\t\t\t\t\t\t<div class=\"elementor-container elementor-column-gap-default\">\n\t\t\t\t\t<div class=\"elementor-column elementor-col-100 elementor-top-column elementor-element elementor-element-c7d74a7\" data-id=\"c7d74a7\" data-element_type=\"column\" data-e-type=\"column\">\n\t\t\t<div class=\"elementor-widget-wrap elementor-element-populated\">\n\t\t\t\t\t\t<div class=\"elementor-element elementor-element-36a468f elementor-widget elementor-widget-image\" data-id=\"36a468f\" data-element_type=\"widget\" data-e-type=\"widget\" data-widget_type=\"image.default\">\n\t\t\t\t<div class=\"elementor-widget-container\">\n\t\t\t\t\t\t\t\t\t\t\t\t\t\t\t<img fetchpriority=\"high\" decoding=\"async\" width=\"250\" height=\"250\" src=\"https:\/\/www.insky-europe.de\/wp-content\/uploads\/2021\/02\/materialeinsatzpruefung.png\" class=\"attachment-large size-large wp-image-5666\" alt=\"material usage exam\" srcset=\"https:\/\/www.insky-europe.de\/wp-content\/uploads\/2021\/02\/materialeinsatzpruefung.png 250w, https:\/\/www.insky-europe.de\/wp-content\/uploads\/2021\/02\/materialeinsatzpruefung-150x150.png 150w, https:\/\/www.insky-europe.de\/wp-content\/uploads\/2021\/02\/materialeinsatzpruefung-82x82.png 82w, https:\/\/www.insky-europe.de\/wp-content\/uploads\/2021\/02\/materialeinsatzpruefung-100x100.png 100w\" sizes=\"(max-width: 250px) 100vw, 250px\" \/>\t\t\t\t\t\t\t\t\t\t\t\t\t\t\t<\/div>\n\t\t\t\t<\/div>\n\t\t\t\t<div class=\"elementor-element elementor-element-9c59c0f elementor-widget elementor-widget-text-editor\" data-id=\"9c59c0f\" data-element_type=\"widget\" data-e-type=\"widget\" data-widget_type=\"text-editor.default\">\n\t\t\t\t<div class=\"elementor-widget-container\">\n\t\t\t\t\t\t\t\t\t<div class=\"page_content_wrap scheme_default\"><div class=\"content_wrap\"><div class=\"content\"><article id=\"post-1910\" class=\"services_page itemscope post-1910 cpt_services type-cpt_services status-publish hentry cpt_services_group-insky_automatisierung cpt_services_group-insky_loesungen cpt_services_group-insky_transaktionen\"><section class=\"services_page_content entry-content\"><p>You have best data quality in your ERP system, your data management team does a great job to keep data like BOMs or routings correct.<\/p><p>Nevertheless, you will receive complaints which indicate that the wrong material has been used or that work steps have not been carried out or have been carried out incorrectly.<\/p><p>They try to get a grip on the problem with elaborate quality tests.<br \/><br \/><\/p><p><strong>inSky<\/strong> has developed solutions that allow your manufacturing equipment to have direct access to data such as bills of materials or routings. Your process engineering team is thus able to define almost freely which critical components should be subject to a direct check against the target specifications from the data. Before or during production. This enables you to catch errors where they occur.<\/p><\/section><\/article><\/div><\/div><\/div><footer class=\"footer_wrap footer_custom footer_custom_157 footer_custom_insky-footer scheme_dark\"><div class=\"vc_row wpb_row vc_row-fluid vc_custom_1528926803253 vc_row-has-fill sc_layouts_row sc_layouts_row_type_normal\"><div class=\"wpb_column vc_column_container vc_col-sm-12 sc_layouts_column_icons_position_left\"><div class=\"vc_column-inner\"><div class=\"wpb_wrapper\">\u00a0<\/div><\/div><\/div><\/div><\/footer>\t\t\t\t\t\t\t\t<\/div>\n\t\t\t\t<\/div>\n\t\t\t\t\t<\/div>\n\t\t<\/div>\n\t\t\t\t\t<\/div>\n\t\t<\/section>\n\t\t\t\t<\/div>","protected":false},"excerpt":{"rendered":"<p>Sie haben beste Datenqualit\u00e4t in Ihrem ERP System, Ihr Data Management Team leistet hervorragende Arbeit, um Daten wie beispielsweise St\u00fccklisten oder Arbeitspl\u00e4ne korrekt zu halten. Trotzdem bekommen Sie Reklamationen, welche darauf hindeuten, das falsches Material verarbeitet wurde oder Arbeitsschritte nicht oder fehlerhaft ausgef\u00fchrt wurden. Sie versuchen, das Problem mit aufw\u00e4ndigen qualit\u00e4tspr\u00fcfungen in den Griff zu [&hellip;]<\/p>\n","protected":false},"author":1,"featured_media":0,"parent":5410,"menu_order":0,"comment_status":"closed","ping_status":"closed","template":"page-full-width.php","meta":{"footnotes":""},"class_list":["post-5658","page","type-page","status-publish","hentry"],"yoast_head":"<!-- This site is optimized with the Yoast SEO plugin v27.5 - https:\/\/yoast.com\/product\/yoast-seo-wordpress\/ -->\n<title>Materialeinsatzpr\u00fcfungen - inSky GmbH<\/title>\n<meta name=\"robots\" content=\"index, follow, max-snippet:-1, max-image-preview:large, max-video-preview:-1\" \/>\n<link rel=\"canonical\" href=\"https:\/\/www.insky-europe.de\/en\/loesungen-uebersicht\/materialeinsatzpruefungen\/\" \/>\n<meta property=\"og:locale\" content=\"en_GB\" \/>\n<meta property=\"og:type\" content=\"article\" \/>\n<meta property=\"og:title\" content=\"Materialeinsatzpr\u00fcfungen - inSky GmbH\" \/>\n<meta property=\"og:description\" content=\"Sie haben beste Datenqualit\u00e4t in Ihrem ERP System, Ihr Data Management Team leistet hervorragende Arbeit, um Daten wie beispielsweise St\u00fccklisten oder Arbeitspl\u00e4ne korrekt zu halten. Trotzdem bekommen Sie Reklamationen, welche darauf hindeuten, das falsches Material verarbeitet wurde oder Arbeitsschritte nicht oder fehlerhaft ausgef\u00fchrt wurden. Sie versuchen, das Problem mit aufw\u00e4ndigen qualit\u00e4tspr\u00fcfungen in den Griff zu [&hellip;]\" \/>\n<meta property=\"og:url\" content=\"https:\/\/www.insky-europe.de\/en\/loesungen-uebersicht\/materialeinsatzpruefungen\/\" \/>\n<meta property=\"og:site_name\" content=\"inSky GmbH\" \/>\n<meta property=\"article:modified_time\" content=\"2021-02-05T18:28:36+00:00\" \/>\n<meta property=\"og:image\" content=\"https:\/\/www.insky-europe.de\/wp-content\/uploads\/2021\/02\/materialeinsatzpruefung.png\" \/>\n<meta name=\"twitter:card\" content=\"summary_large_image\" \/>\n<meta name=\"twitter:label1\" content=\"Estimated reading time\" \/>\n\t<meta name=\"twitter:data1\" content=\"1 minute\" \/>\n<script type=\"application\/ld+json\" class=\"yoast-schema-graph\">{\"@context\":\"https:\\\/\\\/schema.org\",\"@graph\":[{\"@type\":\"WebPage\",\"@id\":\"https:\\\/\\\/www.insky-europe.de\\\/loesungen-uebersicht\\\/materialeinsatzpruefungen\\\/\",\"url\":\"https:\\\/\\\/www.insky-europe.de\\\/loesungen-uebersicht\\\/materialeinsatzpruefungen\\\/\",\"name\":\"Materialeinsatzpr\u00fcfungen - inSky GmbH\",\"isPartOf\":{\"@id\":\"https:\\\/\\\/www.insky-europe.de\\\/de\\\/#website\"},\"primaryImageOfPage\":{\"@id\":\"https:\\\/\\\/www.insky-europe.de\\\/loesungen-uebersicht\\\/materialeinsatzpruefungen\\\/#primaryimage\"},\"image\":{\"@id\":\"https:\\\/\\\/www.insky-europe.de\\\/loesungen-uebersicht\\\/materialeinsatzpruefungen\\\/#primaryimage\"},\"thumbnailUrl\":\"https:\\\/\\\/www.insky-europe.de\\\/wp-content\\\/uploads\\\/2021\\\/02\\\/materialeinsatzpruefung.png\",\"datePublished\":\"2021-02-04T17:25:24+00:00\",\"dateModified\":\"2021-02-05T18:28:36+00:00\",\"breadcrumb\":{\"@id\":\"https:\\\/\\\/www.insky-europe.de\\\/loesungen-uebersicht\\\/materialeinsatzpruefungen\\\/#breadcrumb\"},\"inLanguage\":\"en-GB\",\"potentialAction\":[{\"@type\":\"ReadAction\",\"target\":[\"https:\\\/\\\/www.insky-europe.de\\\/loesungen-uebersicht\\\/materialeinsatzpruefungen\\\/\"]}]},{\"@type\":\"ImageObject\",\"inLanguage\":\"en-GB\",\"@id\":\"https:\\\/\\\/www.insky-europe.de\\\/loesungen-uebersicht\\\/materialeinsatzpruefungen\\\/#primaryimage\",\"url\":\"https:\\\/\\\/www.insky-europe.de\\\/wp-content\\\/uploads\\\/2021\\\/02\\\/materialeinsatzpruefung.png\",\"contentUrl\":\"https:\\\/\\\/www.insky-europe.de\\\/wp-content\\\/uploads\\\/2021\\\/02\\\/materialeinsatzpruefung.png\"},{\"@type\":\"BreadcrumbList\",\"@id\":\"https:\\\/\\\/www.insky-europe.de\\\/loesungen-uebersicht\\\/materialeinsatzpruefungen\\\/#breadcrumb\",\"itemListElement\":[{\"@type\":\"ListItem\",\"position\":1,\"name\":\"Startseite\",\"item\":\"https:\\\/\\\/www.insky-europe.de\\\/\"},{\"@type\":\"ListItem\",\"position\":2,\"name\":\"L\u00f6sungen &#8211; \u00dcbersicht\",\"item\":\"https:\\\/\\\/www.insky-europe.de\\\/loesungen-uebersicht\\\/\"},{\"@type\":\"ListItem\",\"position\":3,\"name\":\"Materialeinsatzpr\u00fcfungen\"}]},{\"@type\":\"WebSite\",\"@id\":\"https:\\\/\\\/www.insky-europe.de\\\/de\\\/#website\",\"url\":\"https:\\\/\\\/www.insky-europe.de\\\/de\\\/\",\"name\":\"inSky GmbH\",\"description\":\"inSky GmbH - ERP Daten und MaschinenCloud, Vernetzung, Automatisierung, Industrie 4.0, Siemens SPS, SaaS.\",\"publisher\":{\"@id\":\"https:\\\/\\\/www.insky-europe.de\\\/de\\\/#organization\"},\"potentialAction\":[{\"@type\":\"SearchAction\",\"target\":{\"@type\":\"EntryPoint\",\"urlTemplate\":\"https:\\\/\\\/www.insky-europe.de\\\/de\\\/?s={search_term_string}\"},\"query-input\":{\"@type\":\"PropertyValueSpecification\",\"valueRequired\":true,\"valueName\":\"search_term_string\"}}],\"inLanguage\":\"en-GB\"},{\"@type\":\"Organization\",\"@id\":\"https:\\\/\\\/www.insky-europe.de\\\/de\\\/#organization\",\"name\":\"inSky GmbH\",\"url\":\"https:\\\/\\\/www.insky-europe.de\\\/de\\\/\",\"logo\":{\"@type\":\"ImageObject\",\"inLanguage\":\"en-GB\",\"@id\":\"https:\\\/\\\/www.insky-europe.de\\\/de\\\/#\\\/schema\\\/logo\\\/image\\\/\",\"url\":\"https:\\\/\\\/www.insky-europe.de\\\/wp-content\\\/uploads\\\/2021\\\/02\\\/cropped-insky-logo512-1.png\",\"contentUrl\":\"https:\\\/\\\/www.insky-europe.de\\\/wp-content\\\/uploads\\\/2021\\\/02\\\/cropped-insky-logo512-1.png\",\"width\":512,\"height\":512,\"caption\":\"inSky GmbH\"},\"image\":{\"@id\":\"https:\\\/\\\/www.insky-europe.de\\\/de\\\/#\\\/schema\\\/logo\\\/image\\\/\"}}]}<\/script>\n<!-- \/ Yoast SEO plugin. -->","yoast_head_json":{"title":"Material application tests - inSky GmbH","robots":{"index":"index","follow":"follow","max-snippet":"max-snippet:-1","max-image-preview":"max-image-preview:large","max-video-preview":"max-video-preview:-1"},"canonical":"https:\/\/www.insky-europe.de\/en\/loesungen-uebersicht\/materialeinsatzpruefungen\/","og_locale":"en_GB","og_type":"article","og_title":"Materialeinsatzpr\u00fcfungen - inSky GmbH","og_description":"Sie haben beste Datenqualit\u00e4t in Ihrem ERP System, Ihr Data Management Team leistet hervorragende Arbeit, um Daten wie beispielsweise St\u00fccklisten oder Arbeitspl\u00e4ne korrekt zu halten. Trotzdem bekommen Sie Reklamationen, welche darauf hindeuten, das falsches Material verarbeitet wurde oder Arbeitsschritte nicht oder fehlerhaft ausgef\u00fchrt wurden. Sie versuchen, das Problem mit aufw\u00e4ndigen qualit\u00e4tspr\u00fcfungen in den Griff zu [&hellip;]","og_url":"https:\/\/www.insky-europe.de\/en\/loesungen-uebersicht\/materialeinsatzpruefungen\/","og_site_name":"inSky GmbH","article_modified_time":"2021-02-05T18:28:36+00:00","og_image":[{"url":"https:\/\/www.insky-europe.de\/wp-content\/uploads\/2021\/02\/materialeinsatzpruefung.png","type":"","width":"","height":""}],"twitter_card":"summary_large_image","twitter_misc":{"Estimated reading time":"1 minute"},"schema":{"@context":"https:\/\/schema.org","@graph":[{"@type":"WebPage","@id":"https:\/\/www.insky-europe.de\/loesungen-uebersicht\/materialeinsatzpruefungen\/","url":"https:\/\/www.insky-europe.de\/loesungen-uebersicht\/materialeinsatzpruefungen\/","name":"Material application tests - inSky GmbH","isPartOf":{"@id":"https:\/\/www.insky-europe.de\/de\/#website"},"primaryImageOfPage":{"@id":"https:\/\/www.insky-europe.de\/loesungen-uebersicht\/materialeinsatzpruefungen\/#primaryimage"},"image":{"@id":"https:\/\/www.insky-europe.de\/loesungen-uebersicht\/materialeinsatzpruefungen\/#primaryimage"},"thumbnailUrl":"https:\/\/www.insky-europe.de\/wp-content\/uploads\/2021\/02\/materialeinsatzpruefung.png","datePublished":"2021-02-04T17:25:24+00:00","dateModified":"2021-02-05T18:28:36+00:00","breadcrumb":{"@id":"https:\/\/www.insky-europe.de\/loesungen-uebersicht\/materialeinsatzpruefungen\/#breadcrumb"},"inLanguage":"en-GB","potentialAction":[{"@type":"ReadAction","target":["https:\/\/www.insky-europe.de\/loesungen-uebersicht\/materialeinsatzpruefungen\/"]}]},{"@type":"ImageObject","inLanguage":"en-GB","@id":"https:\/\/www.insky-europe.de\/loesungen-uebersicht\/materialeinsatzpruefungen\/#primaryimage","url":"https:\/\/www.insky-europe.de\/wp-content\/uploads\/2021\/02\/materialeinsatzpruefung.png","contentUrl":"https:\/\/www.insky-europe.de\/wp-content\/uploads\/2021\/02\/materialeinsatzpruefung.png"},{"@type":"BreadcrumbList","@id":"https:\/\/www.insky-europe.de\/loesungen-uebersicht\/materialeinsatzpruefungen\/#breadcrumb","itemListElement":[{"@type":"ListItem","position":1,"name":"Startseite","item":"https:\/\/www.insky-europe.de\/"},{"@type":"ListItem","position":2,"name":"L\u00f6sungen &#8211; \u00dcbersicht","item":"https:\/\/www.insky-europe.de\/loesungen-uebersicht\/"},{"@type":"ListItem","position":3,"name":"Materialeinsatzpr\u00fcfungen"}]},{"@type":"WebSite","@id":"https:\/\/www.insky-europe.de\/de\/#website","url":"https:\/\/www.insky-europe.de\/de\/","name":"inSky GmbH","description":"inSky GmbH - ERP Data and Machine Cloud, Networking, Automation, Industry 4.0, Siemens PLC, SaaS.","publisher":{"@id":"https:\/\/www.insky-europe.de\/de\/#organization"},"potentialAction":[{"@type":"SearchAction","target":{"@type":"EntryPoint","urlTemplate":"https:\/\/www.insky-europe.de\/de\/?s={search_term_string}"},"query-input":{"@type":"PropertyValueSpecification","valueRequired":true,"valueName":"search_term_string"}}],"inLanguage":"en-GB"},{"@type":"Organization","@id":"https:\/\/www.insky-europe.de\/de\/#organization","name":"inSky GmbH","url":"https:\/\/www.insky-europe.de\/de\/","logo":{"@type":"ImageObject","inLanguage":"en-GB","@id":"https:\/\/www.insky-europe.de\/de\/#\/schema\/logo\/image\/","url":"https:\/\/www.insky-europe.de\/wp-content\/uploads\/2021\/02\/cropped-insky-logo512-1.png","contentUrl":"https:\/\/www.insky-europe.de\/wp-content\/uploads\/2021\/02\/cropped-insky-logo512-1.png","width":512,"height":512,"caption":"inSky GmbH"},"image":{"@id":"https:\/\/www.insky-europe.de\/de\/#\/schema\/logo\/image\/"}}]}},"_links":{"self":[{"href":"https:\/\/www.insky-europe.de\/en\/wp-json\/wp\/v2\/pages\/5658","targetHints":{"allow":["GET"]}}],"collection":[{"href":"https:\/\/www.insky-europe.de\/en\/wp-json\/wp\/v2\/pages"}],"about":[{"href":"https:\/\/www.insky-europe.de\/en\/wp-json\/wp\/v2\/types\/page"}],"author":[{"embeddable":true,"href":"https:\/\/www.insky-europe.de\/en\/wp-json\/wp\/v2\/users\/1"}],"replies":[{"embeddable":true,"href":"https:\/\/www.insky-europe.de\/en\/wp-json\/wp\/v2\/comments?post=5658"}],"version-history":[{"count":0,"href":"https:\/\/www.insky-europe.de\/en\/wp-json\/wp\/v2\/pages\/5658\/revisions"}],"up":[{"embeddable":true,"href":"https:\/\/www.insky-europe.de\/en\/wp-json\/wp\/v2\/pages\/5410"}],"wp:attachment":[{"href":"https:\/\/www.insky-europe.de\/en\/wp-json\/wp\/v2\/media?parent=5658"}],"curies":[{"name":"wp","href":"https:\/\/api.w.org\/{rel}","templated":true}]}}