{"id":5613,"date":"2021-02-04T16:54:43","date_gmt":"2021-02-04T15:54:43","guid":{"rendered":"https:\/\/www.insky-europe.de\/?page_id=5613"},"modified":"2021-02-05T14:53:43","modified_gmt":"2021-02-05T13:53:43","slug":"produktionsdruck-von-erp-daten","status":"publish","type":"page","link":"https:\/\/www.insky-europe.de\/en\/produktionsdruck-von-erp-daten\/","title":{"rendered":"Production printing of ERP data"},"content":{"rendered":"<div data-elementor-type=\"wp-page\" data-elementor-id=\"5613\" class=\"elementor elementor-5613\" data-elementor-post-type=\"page\">\n\t\t\t\t\t\t<section class=\"elementor-section elementor-top-section elementor-element elementor-element-725754b qodef-elementor-content-grid elementor-section-boxed elementor-section-height-default elementor-section-height-default\" data-id=\"725754b\" data-element_type=\"section\" data-e-type=\"section\">\n\t\t\t\t\t\t<div class=\"elementor-container elementor-column-gap-default\">\n\t\t\t\t\t<div class=\"elementor-column elementor-col-100 elementor-top-column elementor-element elementor-element-c7d74a7\" data-id=\"c7d74a7\" data-element_type=\"column\" data-e-type=\"column\">\n\t\t\t<div class=\"elementor-widget-wrap elementor-element-populated\">\n\t\t\t\t\t\t<div class=\"elementor-element elementor-element-d0230af elementor-widget elementor-widget-image\" data-id=\"d0230af\" data-element_type=\"widget\" data-e-type=\"widget\" data-widget_type=\"image.default\">\n\t\t\t\t<div class=\"elementor-widget-container\">\n\t\t\t\t\t\t\t\t\t\t\t\t\t\t\t<img fetchpriority=\"high\" decoding=\"async\" width=\"250\" height=\"250\" src=\"https:\/\/www.insky-europe.de\/wp-content\/uploads\/2021\/02\/erp-daten.png\" class=\"attachment-large size-large wp-image-5649\" alt=\"\" srcset=\"https:\/\/www.insky-europe.de\/wp-content\/uploads\/2021\/02\/erp-daten.png 250w, https:\/\/www.insky-europe.de\/wp-content\/uploads\/2021\/02\/erp-daten-150x150.png 150w, https:\/\/www.insky-europe.de\/wp-content\/uploads\/2021\/02\/erp-daten-82x82.png 82w, https:\/\/www.insky-europe.de\/wp-content\/uploads\/2021\/02\/erp-daten-100x100.png 100w\" sizes=\"(max-width: 250px) 100vw, 250px\" \/>\t\t\t\t\t\t\t\t\t\t\t\t\t\t\t<\/div>\n\t\t\t\t<\/div>\n\t\t\t\t<div class=\"elementor-element elementor-element-9c59c0f elementor-widget elementor-widget-text-editor\" data-id=\"9c59c0f\" data-element_type=\"widget\" data-e-type=\"widget\" data-widget_type=\"text-editor.default\">\n\t\t\t\t<div class=\"elementor-widget-container\">\n\t\t\t\t\t\t\t\t\t<p>You have the requirement to label your products and want to print labels or similar? <br \/>These are to be filled with dynamic content, depending on the product, customer or production order? And all this should be automated from a machine control?<\/p><p>Use the solutions of the <strong>inSky<\/strong>. Through the intelligent connection of your control technology and the ERP system, it is possible with little effort to receive a request from the machine control to print a label, process it rule-based, enrich it with ERP data and output the desired data format.<\/p><p>Your control technology does not have to worry about how databases are queried, how ERP data is stored in the control system or even how a print data stream is generated. All this is handled by the <strong>inSky Servises<\/strong> for her.<\/p><p>RFID-based printing systems can be connected just as easily, the <strong>inSky Services<\/strong> take care of the preparation of the data to be written to the RFID tag, any other data sources can be integrated, or transactions can be triggered in the ERP system based on the tag data.<\/p>\t\t\t\t\t\t\t\t<\/div>\n\t\t\t\t<\/div>\n\t\t\t\t\t<\/div>\n\t\t<\/div>\n\t\t\t\t\t<\/div>\n\t\t<\/section>\n\t\t\t\t<\/div>","protected":false},"excerpt":{"rendered":"<p>Sie haben die Anforderung, Ihre Produkte auszuzeichnen und wollen daf\u00fcr Etiketten oder \u00c4hnliches drucken? Diese sollen mit dynamischem Inhalt gef\u00fcllt werden, je nach Produkt, Kunde oder Fertigungsauftrag? Und all das soll automatisiert von einer Maschinensteuerung aus erfolgen? Nutzen Sie die L\u00f6sungen der inSky. Durch die intelligente Verbindung von Ihrer Steuerungstechnik und dem ERP System ist [&hellip;]<\/p>\n","protected":false},"author":1,"featured_media":0,"parent":0,"menu_order":0,"comment_status":"closed","ping_status":"closed","template":"page-full-width.php","meta":{"footnotes":""},"class_list":["post-5613","page","type-page","status-publish","hentry"],"yoast_head":"<!-- This site is optimized with the Yoast SEO plugin v27.5 - https:\/\/yoast.com\/product\/yoast-seo-wordpress\/ -->\n<title>Produktionsdruck von ERP Daten - inSky GmbH<\/title>\n<meta name=\"robots\" content=\"index, follow, max-snippet:-1, max-image-preview:large, max-video-preview:-1\" \/>\n<link rel=\"canonical\" href=\"https:\/\/www.insky-europe.de\/en\/produktionsdruck-von-erp-daten\/\" \/>\n<meta property=\"og:locale\" content=\"en_GB\" \/>\n<meta property=\"og:type\" content=\"article\" \/>\n<meta property=\"og:title\" content=\"Produktionsdruck von ERP Daten - inSky GmbH\" \/>\n<meta property=\"og:description\" content=\"Sie haben die Anforderung, Ihre Produkte auszuzeichnen und wollen daf\u00fcr Etiketten oder \u00c4hnliches drucken? Diese sollen mit dynamischem Inhalt gef\u00fcllt werden, je nach Produkt, Kunde oder Fertigungsauftrag? Und all das soll automatisiert von einer Maschinensteuerung aus erfolgen? Nutzen Sie die L\u00f6sungen der inSky. Durch die intelligente Verbindung von Ihrer Steuerungstechnik und dem ERP System ist [&hellip;]\" \/>\n<meta property=\"og:url\" content=\"https:\/\/www.insky-europe.de\/en\/produktionsdruck-von-erp-daten\/\" \/>\n<meta property=\"og:site_name\" content=\"inSky GmbH\" \/>\n<meta property=\"article:modified_time\" content=\"2021-02-05T13:53:43+00:00\" \/>\n<meta property=\"og:image\" content=\"https:\/\/www.insky-europe.de\/wp-content\/uploads\/2021\/02\/erp-daten.png\" \/>\n<meta name=\"twitter:card\" content=\"summary_large_image\" \/>\n<meta name=\"twitter:label1\" content=\"Estimated reading time\" \/>\n\t<meta name=\"twitter:data1\" content=\"1 minute\" \/>\n<script type=\"application\/ld+json\" class=\"yoast-schema-graph\">{\"@context\":\"https:\\\/\\\/schema.org\",\"@graph\":[{\"@type\":\"WebPage\",\"@id\":\"https:\\\/\\\/www.insky-europe.de\\\/de\\\/produktionsdruck-von-erp-daten\\\/\",\"url\":\"https:\\\/\\\/www.insky-europe.de\\\/de\\\/produktionsdruck-von-erp-daten\\\/\",\"name\":\"Produktionsdruck von ERP Daten - inSky GmbH\",\"isPartOf\":{\"@id\":\"https:\\\/\\\/www.insky-europe.de\\\/de\\\/#website\"},\"primaryImageOfPage\":{\"@id\":\"https:\\\/\\\/www.insky-europe.de\\\/de\\\/produktionsdruck-von-erp-daten\\\/#primaryimage\"},\"image\":{\"@id\":\"https:\\\/\\\/www.insky-europe.de\\\/de\\\/produktionsdruck-von-erp-daten\\\/#primaryimage\"},\"thumbnailUrl\":\"https:\\\/\\\/www.insky-europe.de\\\/wp-content\\\/uploads\\\/2021\\\/02\\\/erp-daten.png\",\"datePublished\":\"2021-02-04T15:54:43+00:00\",\"dateModified\":\"2021-02-05T13:53:43+00:00\",\"breadcrumb\":{\"@id\":\"https:\\\/\\\/www.insky-europe.de\\\/de\\\/produktionsdruck-von-erp-daten\\\/#breadcrumb\"},\"inLanguage\":\"en-GB\",\"potentialAction\":[{\"@type\":\"ReadAction\",\"target\":[\"https:\\\/\\\/www.insky-europe.de\\\/de\\\/produktionsdruck-von-erp-daten\\\/\"]}]},{\"@type\":\"ImageObject\",\"inLanguage\":\"en-GB\",\"@id\":\"https:\\\/\\\/www.insky-europe.de\\\/de\\\/produktionsdruck-von-erp-daten\\\/#primaryimage\",\"url\":\"https:\\\/\\\/www.insky-europe.de\\\/wp-content\\\/uploads\\\/2021\\\/02\\\/erp-daten.png\",\"contentUrl\":\"https:\\\/\\\/www.insky-europe.de\\\/wp-content\\\/uploads\\\/2021\\\/02\\\/erp-daten.png\"},{\"@type\":\"BreadcrumbList\",\"@id\":\"https:\\\/\\\/www.insky-europe.de\\\/de\\\/produktionsdruck-von-erp-daten\\\/#breadcrumb\",\"itemListElement\":[{\"@type\":\"ListItem\",\"position\":1,\"name\":\"Startseite\",\"item\":\"https:\\\/\\\/www.insky-europe.de\\\/\"},{\"@type\":\"ListItem\",\"position\":2,\"name\":\"Produktionsdruck von ERP Daten\"}]},{\"@type\":\"WebSite\",\"@id\":\"https:\\\/\\\/www.insky-europe.de\\\/de\\\/#website\",\"url\":\"https:\\\/\\\/www.insky-europe.de\\\/de\\\/\",\"name\":\"inSky GmbH\",\"description\":\"inSky GmbH - ERP Daten und MaschinenCloud, Vernetzung, Automatisierung, Industrie 4.0, Siemens SPS, SaaS.\",\"publisher\":{\"@id\":\"https:\\\/\\\/www.insky-europe.de\\\/de\\\/#organization\"},\"potentialAction\":[{\"@type\":\"SearchAction\",\"target\":{\"@type\":\"EntryPoint\",\"urlTemplate\":\"https:\\\/\\\/www.insky-europe.de\\\/de\\\/?s={search_term_string}\"},\"query-input\":{\"@type\":\"PropertyValueSpecification\",\"valueRequired\":true,\"valueName\":\"search_term_string\"}}],\"inLanguage\":\"en-GB\"},{\"@type\":\"Organization\",\"@id\":\"https:\\\/\\\/www.insky-europe.de\\\/de\\\/#organization\",\"name\":\"inSky GmbH\",\"url\":\"https:\\\/\\\/www.insky-europe.de\\\/de\\\/\",\"logo\":{\"@type\":\"ImageObject\",\"inLanguage\":\"en-GB\",\"@id\":\"https:\\\/\\\/www.insky-europe.de\\\/de\\\/#\\\/schema\\\/logo\\\/image\\\/\",\"url\":\"https:\\\/\\\/www.insky-europe.de\\\/wp-content\\\/uploads\\\/2021\\\/02\\\/cropped-insky-logo512-1.png\",\"contentUrl\":\"https:\\\/\\\/www.insky-europe.de\\\/wp-content\\\/uploads\\\/2021\\\/02\\\/cropped-insky-logo512-1.png\",\"width\":512,\"height\":512,\"caption\":\"inSky GmbH\"},\"image\":{\"@id\":\"https:\\\/\\\/www.insky-europe.de\\\/de\\\/#\\\/schema\\\/logo\\\/image\\\/\"}}]}<\/script>\n<!-- \/ Yoast SEO plugin. -->","yoast_head_json":{"title":"Production printing of ERP data - inSky GmbH","robots":{"index":"index","follow":"follow","max-snippet":"max-snippet:-1","max-image-preview":"max-image-preview:large","max-video-preview":"max-video-preview:-1"},"canonical":"https:\/\/www.insky-europe.de\/en\/produktionsdruck-von-erp-daten\/","og_locale":"en_GB","og_type":"article","og_title":"Produktionsdruck von ERP Daten - inSky GmbH","og_description":"Sie haben die Anforderung, Ihre Produkte auszuzeichnen und wollen daf\u00fcr Etiketten oder \u00c4hnliches drucken? Diese sollen mit dynamischem Inhalt gef\u00fcllt werden, je nach Produkt, Kunde oder Fertigungsauftrag? Und all das soll automatisiert von einer Maschinensteuerung aus erfolgen? Nutzen Sie die L\u00f6sungen der inSky. Durch die intelligente Verbindung von Ihrer Steuerungstechnik und dem ERP System ist [&hellip;]","og_url":"https:\/\/www.insky-europe.de\/en\/produktionsdruck-von-erp-daten\/","og_site_name":"inSky GmbH","article_modified_time":"2021-02-05T13:53:43+00:00","og_image":[{"url":"https:\/\/www.insky-europe.de\/wp-content\/uploads\/2021\/02\/erp-daten.png","type":"","width":"","height":""}],"twitter_card":"summary_large_image","twitter_misc":{"Estimated reading time":"1 minute"},"schema":{"@context":"https:\/\/schema.org","@graph":[{"@type":"WebPage","@id":"https:\/\/www.insky-europe.de\/de\/produktionsdruck-von-erp-daten\/","url":"https:\/\/www.insky-europe.de\/de\/produktionsdruck-von-erp-daten\/","name":"Production printing of ERP data - inSky GmbH","isPartOf":{"@id":"https:\/\/www.insky-europe.de\/de\/#website"},"primaryImageOfPage":{"@id":"https:\/\/www.insky-europe.de\/de\/produktionsdruck-von-erp-daten\/#primaryimage"},"image":{"@id":"https:\/\/www.insky-europe.de\/de\/produktionsdruck-von-erp-daten\/#primaryimage"},"thumbnailUrl":"https:\/\/www.insky-europe.de\/wp-content\/uploads\/2021\/02\/erp-daten.png","datePublished":"2021-02-04T15:54:43+00:00","dateModified":"2021-02-05T13:53:43+00:00","breadcrumb":{"@id":"https:\/\/www.insky-europe.de\/de\/produktionsdruck-von-erp-daten\/#breadcrumb"},"inLanguage":"en-GB","potentialAction":[{"@type":"ReadAction","target":["https:\/\/www.insky-europe.de\/de\/produktionsdruck-von-erp-daten\/"]}]},{"@type":"ImageObject","inLanguage":"en-GB","@id":"https:\/\/www.insky-europe.de\/de\/produktionsdruck-von-erp-daten\/#primaryimage","url":"https:\/\/www.insky-europe.de\/wp-content\/uploads\/2021\/02\/erp-daten.png","contentUrl":"https:\/\/www.insky-europe.de\/wp-content\/uploads\/2021\/02\/erp-daten.png"},{"@type":"BreadcrumbList","@id":"https:\/\/www.insky-europe.de\/de\/produktionsdruck-von-erp-daten\/#breadcrumb","itemListElement":[{"@type":"ListItem","position":1,"name":"Startseite","item":"https:\/\/www.insky-europe.de\/"},{"@type":"ListItem","position":2,"name":"Produktionsdruck von ERP Daten"}]},{"@type":"WebSite","@id":"https:\/\/www.insky-europe.de\/de\/#website","url":"https:\/\/www.insky-europe.de\/de\/","name":"inSky GmbH","description":"inSky GmbH - ERP Data and Machine Cloud, Networking, Automation, Industry 4.0, Siemens PLC, SaaS.","publisher":{"@id":"https:\/\/www.insky-europe.de\/de\/#organization"},"potentialAction":[{"@type":"SearchAction","target":{"@type":"EntryPoint","urlTemplate":"https:\/\/www.insky-europe.de\/de\/?s={search_term_string}"},"query-input":{"@type":"PropertyValueSpecification","valueRequired":true,"valueName":"search_term_string"}}],"inLanguage":"en-GB"},{"@type":"Organization","@id":"https:\/\/www.insky-europe.de\/de\/#organization","name":"inSky GmbH","url":"https:\/\/www.insky-europe.de\/de\/","logo":{"@type":"ImageObject","inLanguage":"en-GB","@id":"https:\/\/www.insky-europe.de\/de\/#\/schema\/logo\/image\/","url":"https:\/\/www.insky-europe.de\/wp-content\/uploads\/2021\/02\/cropped-insky-logo512-1.png","contentUrl":"https:\/\/www.insky-europe.de\/wp-content\/uploads\/2021\/02\/cropped-insky-logo512-1.png","width":512,"height":512,"caption":"inSky GmbH"},"image":{"@id":"https:\/\/www.insky-europe.de\/de\/#\/schema\/logo\/image\/"}}]}},"_links":{"self":[{"href":"https:\/\/www.insky-europe.de\/en\/wp-json\/wp\/v2\/pages\/5613","targetHints":{"allow":["GET"]}}],"collection":[{"href":"https:\/\/www.insky-europe.de\/en\/wp-json\/wp\/v2\/pages"}],"about":[{"href":"https:\/\/www.insky-europe.de\/en\/wp-json\/wp\/v2\/types\/page"}],"author":[{"embeddable":true,"href":"https:\/\/www.insky-europe.de\/en\/wp-json\/wp\/v2\/users\/1"}],"replies":[{"embeddable":true,"href":"https:\/\/www.insky-europe.de\/en\/wp-json\/wp\/v2\/comments?post=5613"}],"version-history":[{"count":0,"href":"https:\/\/www.insky-europe.de\/en\/wp-json\/wp\/v2\/pages\/5613\/revisions"}],"wp:attachment":[{"href":"https:\/\/www.insky-europe.de\/en\/wp-json\/wp\/v2\/media?parent=5613"}],"curies":[{"name":"wp","href":"https:\/\/api.w.org\/{rel}","templated":true}]}}