{"id":7995,"date":"2022-02-21T23:06:53","date_gmt":"2022-02-21T22:06:53","guid":{"rendered":"https:\/\/www.insky-europe.de\/?page_id=7995"},"modified":"2022-02-22T10:31:32","modified_gmt":"2022-02-22T09:31:32","slug":"agb","status":"publish","type":"page","link":"https:\/\/www.insky-europe.de\/de\/agb\/","title":{"rendered":"AGB"},"content":{"rendered":"\t\t<div data-elementor-type=\"wp-page\" data-elementor-id=\"7995\" class=\"elementor elementor-7995\" data-elementor-post-type=\"page\">\n\t\t\t\t\t\t<section class=\"elementor-section elementor-top-section elementor-element elementor-element-725754b qodef-elementor-content-grid elementor-section-boxed elementor-section-height-default elementor-section-height-default\" data-id=\"725754b\" data-element_type=\"section\" data-e-type=\"section\">\n\t\t\t\t\t\t<div class=\"elementor-container elementor-column-gap-default\">\n\t\t\t\t\t<div class=\"elementor-column elementor-col-100 elementor-top-column elementor-element elementor-element-c7d74a7\" data-id=\"c7d74a7\" data-element_type=\"column\" data-e-type=\"column\">\n\t\t\t<div class=\"elementor-widget-wrap elementor-element-populated\">\n\t\t\t\t\t\t<div class=\"elementor-element elementor-element-9c59c0f elementor-widget elementor-widget-text-editor\" data-id=\"9c59c0f\" data-element_type=\"widget\" data-e-type=\"widget\" data-widget_type=\"text-editor.default\">\n\t\t\t\t<div class=\"elementor-widget-container\">\n\t\t\t\t\t\t\t\t\t<h3 class=\"x_MsoNormal\"><b>Allgemeine Gesch\u00e4ftsbedingungen<\/b><b><\/b><\/h3><p class=\"x_MsoNormal\">Durch die Nutzung des Internetangebots sowie der Nutzung der bereitgestellten Dienste und Produkte der inSky GmbH erkennen Sie die folgenden allgemeinen Gesch\u00e4ftsbedingungen an:<\/p><p class=\"x_MsoNormal\"><b>\u00a7 1 Geltungsbereich<\/b><b><\/b><\/p><p class=\"x_MsoNormal\">Die inSky GmbH, Alter Unter\u00f6wisheimer Weg 19, 76646 Bruchsal, Deutschland (im weiteren inSky genannt) erbringt die unten n\u00e4her beschriebenen Leistungen ausschlie\u00dflich auf der Grundlage dieser allgemeinen Gesch\u00e4ftsbedingungen. Abweichende Gesch\u00e4ftsbedingungen von Ihrer Seite werden grunds\u00e4tzlich nicht anerkannt. Unsere Allgemeinen Gesch\u00e4ftsbedingungen gelten auch dann, wenn wir in Kenntnis entgegenstehender oder von unseren Allgemeinen Gesch\u00e4ftsbedingungen abweichender Bedingungen Lieferungen und Leistungen vorbehaltlos ausf\u00fchren.<\/p><p class=\"x_MsoNormal\"><b>\u00a7 2 Leistungen<\/b><b><\/b><\/p><p class=\"x_MsoNormal\">inSky erteilt Ihnen das einfache, nicht \u00fcbertragbare Recht, die Produkte und Dienste der inSky zu nutzen. Diese Lizenz umfasst das Recht, mit dem jeweiligen Zugangscode oder den jeweiligen Zug\u00e4ngen erreichbare Dokumente und Formulare am Bildschirm anzuzeigen, Daten einzugeben, mit automatisierten Komponenten auf die Produkte und Dienste zuzugreifen, Daten zur Verarbeitung einzuliefern und Resultate zu empfangen. Alle weitergehenden Nutzungs- und Verwertungsrechte bleiben vorbehalten.<\/p><p class=\"x_MsoNormal\"><b>\u00a7 3 Vertragsschluss<\/b><b><\/b><\/p><p class=\"x_MsoNormal\">Durch das Registrieren im Kundenportal oder der Verwendung individuell erzeugter Zug\u00e4nge, dem Konfigurieren und dem Nutzen der konfigurierten Produkte kommt ein Vertrag \u00fcber einen Testzugang zustande. Er hat eine Laufzeit von 30 Tagen (Testphase) und endet, ohne dass es einer K\u00fcndigung bedarf.<\/p><p class=\"x_MsoNormal\">inSky wird Ihnen binnen angemessener Zeit eine ggfs. finale Benutzerkennung und ein Passwort oder sonstige f\u00fcr den Nutzungszweck geeignete Zugangsdaten \u00fcbersenden und Ihr Zugangskonto sowie die Softwarekonfigurationsm\u00f6glichkeiten freischalten.<\/p><p class=\"x_MsoNormal\">W\u00e4hrend der Testphase k\u00f6nnen Sie jederzeit einen Vertrag \u00fcber einen Dauerzugang schlie\u00dfen, indem Sie das oder die konfigurierten Produkte produktiv nutzen. Eine produktive Nutzung liegt dann vor, wenn Sie die Produkte und Dienste in Ihre Wertsch\u00f6pfungskette einbinden oder sie zum eigenen oder dem Vorteil Dritter Nutzen, oder nach Art und Anzahl der Transaktionen ein einem Produktivbetrieb auszugehen ist. Insbesondere auch dann, wenn Konfigurationen in eine explizit bereitgestellte Produktivumgebung \u00fcbertragen werden. Der Vertrag \u00fcber den Dauerzugang wird auf unbestimmte Zeit geschlossen.<\/p><p class=\"x_MsoNormal\"><b>\u00a7 4 Verg\u00fctung<\/b><b><\/b><\/p><p class=\"x_MsoNormal\">W\u00e4hrend der Testphase ist die Benutzung von inSky kostenfrei. Mit der Aktivierung eines Dauerzugangs oder der produktiven Nutzung verpflichten Sie sich, f\u00fcr die Nutzung der Software die in der Preisliste festgelegte monatlichen bzw. transaktionsbezogenen Verg\u00fctungen an inSky zu zahlen. inSky stellt Rechnungen monatlich jeweils zum Ultimo aus, sofern nichts Abweichendes vereinbart wurde oder sich technische oder organisatorische Notwendigkeiten f\u00fcr eine Abweichung ergeben. Ihnen wird, wenn nicht abweichend anders vereinbart, ein Zahlungsziel von 14 Tagen Netto gew\u00e4hrt.<\/p><p class=\"x_MsoNormal\">Alle in der Preisliste ausgewiesenen Preise verstehen sich exklusive Umsatzsteuer, sie wird in gesetzlicher H\u00f6he am Tag der Rechnungsstellung in der Rechnung gesondert ausgewiesen und dem Gesamtpreis hinzugerechnet.<\/p><p class=\"x_MsoNormal\">Sollten Sie die Zustellung der Rechnung optional an eine dritte Partei w\u00fcnschen, welche in Ihrem Auftrag Dienstleistungen im Bereich der Rechnungseingangsverarbeitung, der Bestellabwicklung oder \u00c4hnlichem erbringt, so wird inSky dem auf Anfrage entsprechen. Die Rechnung gilt in diesem Falle mit Zustellung bei der Dritten Partei als Ihnen zugegangen. inSky akzeptiert keine aus dieser Abwicklung resultierenden Geb\u00fchren, Umlagen oder andere aus diesem Verfahren entstehende Kosten. Sollte die von Ihnen mit der Abwicklung beauftragte Dritte Partei Kosten gegen\u00fcber InSky geltend machen, so werden diese mit einem Aufgeld in H\u00f6he von 5 v.H. Ihnen sp\u00e4testens in demjenigen Monat, welcher auf den Monat der Rechnungsstellung der Dritten Partei folgt, weiterberechnet.<\/p><p class=\"x_MsoNormal\"><b>\u00a7 5 Verf\u00fcgbarkeit<\/b><b><\/b><\/p><p class=\"x_MsoNormal\">T\u00e4glich werden von 0:30 bis 3:00 Uhr UTC Wartungsarbeiten durchgef\u00fchrt (Wartungszeit). W\u00e4hrend dieser Zeit kann es zu Einschr\u00e4nkungen in der Verf\u00fcgbarkeit oder Erh\u00f6hung der Latenzen kommen. In der \u00fcbrigen Zeit (Betriebszeit) schuldet inSky eine Verf\u00fcgbarkeit der Produkte und Dienste von 98%, gerechnet auf den Kalendermonat. Produkte und Dienste gelten als Verf\u00fcgbar, wenn diese am Bereitstellungspunkt \u00fcber die konfigurierten Zugangswege erreicht werden k\u00f6nnen.<\/p><p class=\"x_MsoNormal\"><b>\u00a7 6 Gew\u00e4hrleistungsanspr\u00fcche und Support<\/b><b><\/b><\/p><p class=\"x_MsoNormal\">Sie sind verpflichtet, in der Software festgestellte Fehler unverz\u00fcglich per E-Mail an die Adresse service(at)inSky-europe.de zu melden. InSky wird die Fehler binnen angemessener Zeit beseitigen. \u00dcber dieses System eingereichte St\u00f6rmeldungen werden werktags zwischen 8:00 und 17:00 innerhalb 6 Stunden bearbeitet, au\u00dferhalb dieser Zeiten innerhalb von 10 Stunden. \u00dcber unseren Partner Goering GmbH k\u00f6nnen im Rahmen eines gesonderten Servicevertrages diese Zeiten verk\u00fcrzt werden.<\/p><p class=\"x_MsoNormal\"><b>\u00a7 7 Haftung<\/b><b><\/b><\/p><p class=\"x_MsoNormal\">inSky haftet nicht f\u00fcr St\u00f6rungen oder Verz\u00f6gerungen in der Daten\u00fcbertragung \u00fcber das Internet, die sie nicht zu vertreten hat.<\/p><p class=\"x_MsoNormal\">F\u00fcr Sch\u00e4den, insbesondere Datenverluste, aufgrund von Fehlern an der Software oder sonstigen Fehlern in ihrem Einflussbereich haftet inSky nur dann auf Schadenersatz, wenn ihren Mitarbeitern oder sonstigen Erf\u00fcllungsgehilfen grobe Fahrl\u00e4ssigkeit oder Vorsatz zur Last f\u00e4llt. Diese Freizeichnung gilt nicht f\u00fcr Schadenersatzanspr\u00fcche, die sich aus dem Produkthaftungsgesetz ergeben, wegen der Verletzung des Lebens, des K\u00f6rpers oder der Gesundheit sowie in F\u00e4llen, in denen diese Freizeichnung wesentliche Rechte und Pflichten, die sich aus der Natur des Vertrages ergeben, so einschr\u00e4nken w\u00fcrde, dass der Vertragszweck gef\u00e4hrdet w\u00e4re. Soweit uns keine vors\u00e4tzliche Vertragsverletzung angelastet wird, ist die Schadensersatzhaftung auf den vorhersehbaren, typischerweise eintretenden Schaden begrenzt, maximal auf den jeweiligen Gesamtpreis der erworbenen Produkte oder Dienste. Soweit nicht vorstehend etwas Abweichendes geregelt, ist die Haftung ausgeschlossen.<\/p><p class=\"x_MsoNormal\"><b>\u00a7 8 Datenschutz<\/b><b><\/b><\/p><p class=\"x_MsoNormal\">Die datenschutzrechtlichen Verpflichtungen regelt die Zusatzvereinbarung zur Auftragsverarbeitung.<\/p><p class=\"x_MsoNormal\"><b>\u00a7 9 K\u00fcndigung des Vertrages<\/b><b><\/b><\/p><p class=\"x_MsoNormal\">Der Vertrag \u00fcber einen Testzugang endet nach Ablauf von 30 Tagen, ohne dass es einer K\u00fcndigung bedarf.<\/p><p class=\"x_MsoNormal\">Der Vertrag \u00fcber einen Dauerzugang wird auf unbestimmte Zeit geschlossen. Beide Parteien haben das Recht, den Vertrag jederzeit ohne Angabe von Gr\u00fcnden zum Monatsende zu k\u00fcndigen. Die K\u00fcndigung f\u00fchren Sie direkt im Portal aus, indem Sie alle Konfigurationen deaktivieren und die produktive Nutzung einstellen. Das Recht der K\u00fcndigung aus wichtigem Grund bleibt unber\u00fchrt.<\/p><p class=\"x_MsoNormal\">Nach Beendigung dieses Vertrages ist inSky berechtigt, Ihr Zugangskonto zu sperren. Sofern Sie keine fr\u00fchere L\u00f6schung beauftragen, werden Ihre Daten nach Ablauf der gesetzlichen Aufbewahrungsfrist gel\u00f6scht.<\/p><p class=\"x_MsoNormal\"><b>\u00a710 Beratungs-, Support- und andere Dienstleistungen<\/b><\/p><p class=\"x_MsoNormal\">Soweit wir Beratungs-, Support- oder andere Dienstleistungen erbringen, sind wir berechtigt, die zur Durchf\u00fchrung der vertraglich vereinbarten Leistungen einzusetzenden Berater zu bestimmen und Leistungen nach billigem Ermessen auch von Dritten ausf\u00fchren zu lassen. Das von uns eingesetzte Personal unterliegt nicht den Weisungen des Kunden, unabh\u00e4ngig vom Leistungsort. Soweit keine bestimmte Vorgehensweise vereinbart ist, erbringen wir die Leistungen nach billigem Ermessen und gem\u00e4\u00df dem erprobten Stand der Technik. Die Verantwortung f\u00fcr eine Projektorganisation und -planung obliegt dem Kunden. Der jeweilige Projektleiter des Kunden tr\u00e4gt die Gesamtverantwortung f\u00fcr die fach-, termin- und budgetgerechte Realisierung der Leistung oder eines Projekts. Unser Personal wird den Projektleiter des Kunden hierbei unterst\u00fctzen. Unser Projektverantwortlicher ist f\u00fcr die Leitung unseres Projektteams sowie eingesetzte Personal in fachlicher und disziplinarischer Hinsicht zust\u00e4ndig, unabh\u00e4ngig vom Leistungsort.<\/p><p class=\"x_MsoNormal\"><b>\u00a7 11 Schlussbestimmungen<\/b><b><\/b><\/p><p class=\"x_MsoNormal\">Auf diesen Vertrag findet deutsches Recht Anwendung.<\/p><p class=\"x_MsoNormal\">Gerichtsstand ist Bruchsal.<\/p><p class=\"x_MsoNormal\">Sollten einzelne Bestimmungen dieses Vertrages ganz oder teilweise unwirksam sein oder werden, oder sollte sich in dem Vertrag eine L\u00fccke befinden, so soll hierdurch die G\u00fcltigkeit der \u00fcbrigen Bestimmungen nicht ber\u00fchrt werden. Anstelle der unwirksamen Bestimmung oder zur Ausf\u00fcllung der L\u00fccke soll eine angemessene Regelung treten, die, soweit rechtlich m\u00f6glich, dem am n\u00e4chsten kommt, was die Vertragsparteien gewollt haben oder nach dem Sinn und Zweck dieses Vertrags gewollt haben w\u00fcrden, und einen entsprechenden wirtschaftlichen Erfolg gew\u00e4hrleistet, wenn sie den Punkt bedacht h\u00e4tten.<\/p><p class=\"x_MsoNormal\"><em>Stand: Oktober 2021<\/em><\/p>\t\t\t\t\t\t\t\t<\/div>\n\t\t\t\t<\/div>\n\t\t\t\t<div class=\"elementor-element elementor-element-4aca1bf elementor-widget elementor-widget-spacer\" data-id=\"4aca1bf\" data-element_type=\"widget\" data-e-type=\"widget\" data-widget_type=\"spacer.default\">\n\t\t\t\t<div class=\"elementor-widget-container\">\n\t\t\t\t\t\t\t<div class=\"elementor-spacer\">\n\t\t\t<div class=\"elementor-spacer-inner\"><\/div>\n\t\t<\/div>\n\t\t\t\t\t\t<\/div>\n\t\t\t\t<\/div>\n\t\t\t\t\t<\/div>\n\t\t<\/div>\n\t\t\t\t\t<\/div>\n\t\t<\/section>\n\t\t\t\t<section class=\"elementor-section elementor-top-section elementor-element elementor-element-0627159 elementor-section-full_width elementor-section-height-default elementor-section-height-default qodef-elementor-content-no\" data-id=\"0627159\" data-element_type=\"section\" data-e-type=\"section\">\n\t\t\t\t\t\t<div class=\"elementor-container elementor-column-gap-default\">\n\t\t\t\t\t<div class=\"elementor-column elementor-col-100 elementor-top-column elementor-element elementor-element-713192c\" data-id=\"713192c\" data-element_type=\"column\" data-e-type=\"column\">\n\t\t\t<div class=\"elementor-widget-wrap elementor-element-populated\">\n\t\t\t\t\t\t<div class=\"elementor-element elementor-element-b64e48f elementor-widget elementor-widget-spacer\" data-id=\"b64e48f\" data-element_type=\"widget\" data-e-type=\"widget\" data-widget_type=\"spacer.default\">\n\t\t\t\t<div class=\"elementor-widget-container\">\n\t\t\t\t\t\t\t<div class=\"elementor-spacer\">\n\t\t\t<div class=\"elementor-spacer-inner\"><\/div>\n\t\t<\/div>\n\t\t\t\t\t\t<\/div>\n\t\t\t\t<\/div>\n\t\t\t\t<div class=\"elementor-element elementor-element-41dd195 elementor-widget elementor-widget-spacer\" data-id=\"41dd195\" data-element_type=\"widget\" data-e-type=\"widget\" data-widget_type=\"spacer.default\">\n\t\t\t\t<div class=\"elementor-widget-container\">\n\t\t\t\t\t\t\t<div class=\"elementor-spacer\">\n\t\t\t<div class=\"elementor-spacer-inner\"><\/div>\n\t\t<\/div>\n\t\t\t\t\t\t<\/div>\n\t\t\t\t<\/div>\n\t\t\t\t\t<\/div>\n\t\t<\/div>\n\t\t\t\t\t<\/div>\n\t\t<\/section>\n\t\t\t\t<\/div>\n\t\t","protected":false},"excerpt":{"rendered":"<p>Allgemeine Gesch\u00e4ftsbedingungen Durch die Nutzung des Internetangebots sowie der Nutzung der bereitgestellten Dienste und Produkte der inSky GmbH erkennen Sie die folgenden allgemeinen Gesch\u00e4ftsbedingungen an: \u00a7 1 Geltungsbereich Die inSky GmbH, Alter Unter\u00f6wisheimer Weg 19, 76646 Bruchsal, Deutschland (im weiteren inSky genannt) erbringt die unten n\u00e4her beschriebenen Leistungen ausschlie\u00dflich auf der Grundlage dieser allgemeinen Gesch\u00e4ftsbedingungen. [&hellip;]<\/p>\n","protected":false},"author":1,"featured_media":0,"parent":0,"menu_order":0,"comment_status":"closed","ping_status":"closed","template":"page-full-width.php","meta":{"footnotes":""},"class_list":["post-7995","page","type-page","status-publish","hentry"],"yoast_head":"<!-- This site is optimized with the Yoast SEO plugin v27.5 - https:\/\/yoast.com\/product\/yoast-seo-wordpress\/ -->\n<title>AGB - inSky GmbH<\/title>\n<meta name=\"robots\" content=\"index, follow, max-snippet:-1, max-image-preview:large, max-video-preview:-1\" \/>\n<link rel=\"canonical\" href=\"https:\/\/www.insky-europe.de\/de\/agb\/\" \/>\n<meta property=\"og:locale\" content=\"de_DE\" \/>\n<meta property=\"og:type\" content=\"article\" \/>\n<meta property=\"og:title\" content=\"AGB - inSky GmbH\" \/>\n<meta property=\"og:description\" content=\"Allgemeine Gesch\u00e4ftsbedingungen Durch die Nutzung des Internetangebots sowie der Nutzung der bereitgestellten Dienste und Produkte der inSky GmbH erkennen Sie die folgenden allgemeinen Gesch\u00e4ftsbedingungen an: \u00a7 1 Geltungsbereich Die inSky GmbH, Alter Unter\u00f6wisheimer Weg 19, 76646 Bruchsal, Deutschland (im weiteren inSky genannt) erbringt die unten n\u00e4her beschriebenen Leistungen ausschlie\u00dflich auf der Grundlage dieser allgemeinen Gesch\u00e4ftsbedingungen. [&hellip;]\" \/>\n<meta property=\"og:url\" content=\"https:\/\/www.insky-europe.de\/de\/agb\/\" \/>\n<meta property=\"og:site_name\" content=\"inSky GmbH\" \/>\n<meta property=\"article:modified_time\" content=\"2022-02-22T09:31:32+00:00\" \/>\n<meta name=\"twitter:card\" content=\"summary_large_image\" \/>\n<meta name=\"twitter:label1\" content=\"Gesch\u00e4tzte Lesezeit\" \/>\n\t<meta name=\"twitter:data1\" content=\"7\u00a0Minuten\" \/>\n<script type=\"application\/ld+json\" class=\"yoast-schema-graph\">{\"@context\":\"https:\\\/\\\/schema.org\",\"@graph\":[{\"@type\":\"WebPage\",\"@id\":\"https:\\\/\\\/www.insky-europe.de\\\/agb\\\/\",\"url\":\"https:\\\/\\\/www.insky-europe.de\\\/agb\\\/\",\"name\":\"AGB - inSky GmbH\",\"isPartOf\":{\"@id\":\"https:\\\/\\\/www.insky-europe.de\\\/de\\\/#website\"},\"datePublished\":\"2022-02-21T22:06:53+00:00\",\"dateModified\":\"2022-02-22T09:31:32+00:00\",\"breadcrumb\":{\"@id\":\"https:\\\/\\\/www.insky-europe.de\\\/agb\\\/#breadcrumb\"},\"inLanguage\":\"de\",\"potentialAction\":[{\"@type\":\"ReadAction\",\"target\":[\"https:\\\/\\\/www.insky-europe.de\\\/agb\\\/\"]}]},{\"@type\":\"BreadcrumbList\",\"@id\":\"https:\\\/\\\/www.insky-europe.de\\\/agb\\\/#breadcrumb\",\"itemListElement\":[{\"@type\":\"ListItem\",\"position\":1,\"name\":\"Startseite\",\"item\":\"https:\\\/\\\/www.insky-europe.de\\\/\"},{\"@type\":\"ListItem\",\"position\":2,\"name\":\"AGB\"}]},{\"@type\":\"WebSite\",\"@id\":\"https:\\\/\\\/www.insky-europe.de\\\/de\\\/#website\",\"url\":\"https:\\\/\\\/www.insky-europe.de\\\/de\\\/\",\"name\":\"inSky GmbH\",\"description\":\"inSky GmbH - ERP Daten und MaschinenCloud, Vernetzung, Automatisierung, Industrie 4.0, Siemens SPS, SaaS.\",\"publisher\":{\"@id\":\"https:\\\/\\\/www.insky-europe.de\\\/de\\\/#organization\"},\"potentialAction\":[{\"@type\":\"SearchAction\",\"target\":{\"@type\":\"EntryPoint\",\"urlTemplate\":\"https:\\\/\\\/www.insky-europe.de\\\/de\\\/?s={search_term_string}\"},\"query-input\":{\"@type\":\"PropertyValueSpecification\",\"valueRequired\":true,\"valueName\":\"search_term_string\"}}],\"inLanguage\":\"de\"},{\"@type\":\"Organization\",\"@id\":\"https:\\\/\\\/www.insky-europe.de\\\/de\\\/#organization\",\"name\":\"inSky GmbH\",\"url\":\"https:\\\/\\\/www.insky-europe.de\\\/de\\\/\",\"logo\":{\"@type\":\"ImageObject\",\"inLanguage\":\"de\",\"@id\":\"https:\\\/\\\/www.insky-europe.de\\\/de\\\/#\\\/schema\\\/logo\\\/image\\\/\",\"url\":\"https:\\\/\\\/www.insky-europe.de\\\/wp-content\\\/uploads\\\/2021\\\/02\\\/cropped-insky-logo512-1.png\",\"contentUrl\":\"https:\\\/\\\/www.insky-europe.de\\\/wp-content\\\/uploads\\\/2021\\\/02\\\/cropped-insky-logo512-1.png\",\"width\":512,\"height\":512,\"caption\":\"inSky GmbH\"},\"image\":{\"@id\":\"https:\\\/\\\/www.insky-europe.de\\\/de\\\/#\\\/schema\\\/logo\\\/image\\\/\"}}]}<\/script>\n<!-- \/ Yoast SEO plugin. -->","yoast_head_json":{"title":"AGB - inSky GmbH","robots":{"index":"index","follow":"follow","max-snippet":"max-snippet:-1","max-image-preview":"max-image-preview:large","max-video-preview":"max-video-preview:-1"},"canonical":"https:\/\/www.insky-europe.de\/de\/agb\/","og_locale":"de_DE","og_type":"article","og_title":"AGB - inSky GmbH","og_description":"Allgemeine Gesch\u00e4ftsbedingungen Durch die Nutzung des Internetangebots sowie der Nutzung der bereitgestellten Dienste und Produkte der inSky GmbH erkennen Sie die folgenden allgemeinen Gesch\u00e4ftsbedingungen an: \u00a7 1 Geltungsbereich Die inSky GmbH, Alter Unter\u00f6wisheimer Weg 19, 76646 Bruchsal, Deutschland (im weiteren inSky genannt) erbringt die unten n\u00e4her beschriebenen Leistungen ausschlie\u00dflich auf der Grundlage dieser allgemeinen Gesch\u00e4ftsbedingungen. [&hellip;]","og_url":"https:\/\/www.insky-europe.de\/de\/agb\/","og_site_name":"inSky GmbH","article_modified_time":"2022-02-22T09:31:32+00:00","twitter_card":"summary_large_image","twitter_misc":{"Gesch\u00e4tzte Lesezeit":"7\u00a0Minuten"},"schema":{"@context":"https:\/\/schema.org","@graph":[{"@type":"WebPage","@id":"https:\/\/www.insky-europe.de\/agb\/","url":"https:\/\/www.insky-europe.de\/agb\/","name":"AGB - inSky GmbH","isPartOf":{"@id":"https:\/\/www.insky-europe.de\/de\/#website"},"datePublished":"2022-02-21T22:06:53+00:00","dateModified":"2022-02-22T09:31:32+00:00","breadcrumb":{"@id":"https:\/\/www.insky-europe.de\/agb\/#breadcrumb"},"inLanguage":"de","potentialAction":[{"@type":"ReadAction","target":["https:\/\/www.insky-europe.de\/agb\/"]}]},{"@type":"BreadcrumbList","@id":"https:\/\/www.insky-europe.de\/agb\/#breadcrumb","itemListElement":[{"@type":"ListItem","position":1,"name":"Startseite","item":"https:\/\/www.insky-europe.de\/"},{"@type":"ListItem","position":2,"name":"AGB"}]},{"@type":"WebSite","@id":"https:\/\/www.insky-europe.de\/de\/#website","url":"https:\/\/www.insky-europe.de\/de\/","name":"inSky GmbH","description":"inSky GmbH - ERP Daten und MaschinenCloud, Vernetzung, Automatisierung, Industrie 4.0, Siemens SPS, SaaS.","publisher":{"@id":"https:\/\/www.insky-europe.de\/de\/#organization"},"potentialAction":[{"@type":"SearchAction","target":{"@type":"EntryPoint","urlTemplate":"https:\/\/www.insky-europe.de\/de\/?s={search_term_string}"},"query-input":{"@type":"PropertyValueSpecification","valueRequired":true,"valueName":"search_term_string"}}],"inLanguage":"de"},{"@type":"Organization","@id":"https:\/\/www.insky-europe.de\/de\/#organization","name":"inSky GmbH","url":"https:\/\/www.insky-europe.de\/de\/","logo":{"@type":"ImageObject","inLanguage":"de","@id":"https:\/\/www.insky-europe.de\/de\/#\/schema\/logo\/image\/","url":"https:\/\/www.insky-europe.de\/wp-content\/uploads\/2021\/02\/cropped-insky-logo512-1.png","contentUrl":"https:\/\/www.insky-europe.de\/wp-content\/uploads\/2021\/02\/cropped-insky-logo512-1.png","width":512,"height":512,"caption":"inSky GmbH"},"image":{"@id":"https:\/\/www.insky-europe.de\/de\/#\/schema\/logo\/image\/"}}]}},"_links":{"self":[{"href":"https:\/\/www.insky-europe.de\/de\/wp-json\/wp\/v2\/pages\/7995","targetHints":{"allow":["GET"]}}],"collection":[{"href":"https:\/\/www.insky-europe.de\/de\/wp-json\/wp\/v2\/pages"}],"about":[{"href":"https:\/\/www.insky-europe.de\/de\/wp-json\/wp\/v2\/types\/page"}],"author":[{"embeddable":true,"href":"https:\/\/www.insky-europe.de\/de\/wp-json\/wp\/v2\/users\/1"}],"replies":[{"embeddable":true,"href":"https:\/\/www.insky-europe.de\/de\/wp-json\/wp\/v2\/comments?post=7995"}],"version-history":[{"count":13,"href":"https:\/\/www.insky-europe.de\/de\/wp-json\/wp\/v2\/pages\/7995\/revisions"}],"predecessor-version":[{"id":8072,"href":"https:\/\/www.insky-europe.de\/de\/wp-json\/wp\/v2\/pages\/7995\/revisions\/8072"}],"wp:attachment":[{"href":"https:\/\/www.insky-europe.de\/de\/wp-json\/wp\/v2\/media?parent=7995"}],"curies":[{"name":"wp","href":"https:\/\/api.w.org\/{rel}","templated":true}]}}