{"id":6376,"date":"2021-02-06T15:12:10","date_gmt":"2021-02-06T14:12:10","guid":{"rendered":"https:\/\/www.insky-europe.de\/?page_id=6376"},"modified":"2022-02-22T10:36:19","modified_gmt":"2022-02-22T09:36:19","slug":"sicherheit","status":"publish","type":"page","link":"https:\/\/www.insky-europe.de\/de\/sicherheit\/","title":{"rendered":"Sicherheit"},"content":{"rendered":"\t\t<div data-elementor-type=\"wp-page\" data-elementor-id=\"6376\" class=\"elementor elementor-6376\" data-elementor-post-type=\"page\">\n\t\t\t\t\t\t<section class=\"elementor-section elementor-top-section elementor-element elementor-element-725754b qodef-elementor-content-grid elementor-section-boxed elementor-section-height-default elementor-section-height-default\" data-id=\"725754b\" data-element_type=\"section\" data-e-type=\"section\">\n\t\t\t\t\t\t<div class=\"elementor-container elementor-column-gap-default\">\n\t\t\t\t\t<div class=\"elementor-column elementor-col-100 elementor-top-column elementor-element elementor-element-c7d74a7\" data-id=\"c7d74a7\" data-element_type=\"column\" data-e-type=\"column\">\n\t\t\t<div class=\"elementor-widget-wrap elementor-element-populated\">\n\t\t\t\t\t\t<div class=\"elementor-element elementor-element-9c59c0f elementor-widget elementor-widget-text-editor\" data-id=\"9c59c0f\" data-element_type=\"widget\" data-e-type=\"widget\" data-widget_type=\"text-editor.default\">\n\t\t\t\t<div class=\"elementor-widget-container\">\n\t\t\t\t\t\t\t\t\t<div class=\"page_content_wrap scheme_default\"><div class=\"content_wrap\"><div class=\"content\"><article id=\"post-1994\" class=\"post_item_single post_type_page post-1994 page type-page status-publish hentry\"><div class=\"post_content entry-content\"><div class=\"vc_row wpb_row vc_row-fluid\"><div class=\"wpb_column vc_column_container vc_col-sm-12 sc_layouts_column_icons_position_left\"><div class=\"vc_column-inner \"><div class=\"wpb_wrapper\"><div class=\"wpb_text_column wpb_content_element \"><div class=\"wpb_wrapper\"><h4>Zukunftssicher<\/h4><p>Die inSky GmbH besteht seit 2017, gegr\u00fcndet um die stetigen Anforderungen und Nachfragen nach service- und cloudbasierten L\u00f6sungen im Bereich der Vernetzung von Daten und Anlagen zu bedienen. Durch die transparente Gesellschaftsstruktur, die Gr\u00fcndung als GmbH in Deutschland und die gesicherte Finanzierung stellt sich die inSky GmbH als zuverl\u00e4ssiger Partner dar. Die Teammitglieder verf\u00fcgen \u00fcber ausgepr\u00e4gte Erfahrungen in den Bereichen IT, BPM, ERP-Systeme sowie \u00fcber praxiserprobte Kenntnisse in der Umsetzung von Automatisierungsprojekten, Datenbankanbindungen an Maschinensteuerungen etc. Die beteiligten Entwickler verf\u00fcgen \u00fcber mehrere Jahre bis Jahrzehnte Erfahrung in der Konzeptionierung und Erstellung von Individualsoftware. Als Cloud-Pionier im Bereich der datenbasierten Automatisierung ist die inSky GmbH heute einer der innovativsten Anbieter von SaaS\/Cloud-basierten L\u00f6sungen zur XXXX f\u00fcr Unternehmen in weltweit.<\/p><h4>Datensicherheit<\/h4><p>Jedes Unternehmen ist gesetzlich verpflichtet, die Datensicherheit f\u00fcr seine Daten zu gew\u00e4hrleisten. So schreiben beispielsweise die \u2018Grunds\u00e4tze zur ordnungsm\u00e4\u00dfigen F\u00fchrung und Aufbewahrung von B\u00fcchern, Aufzeichnungen und Unterlagen in elektronischer Form sowie zum Datenzugriff\u2019 GoBD beispielsweise regelm\u00e4\u00dfige Datensicherungen vor. Als Anbieter von Datenbasierten Diensten, welcher zudem vertrauensvoll mit den Daten der Kunden umgeht, ist die inSky hierf\u00fcr und f\u00fcr andere Anforderungen aus dem Bereich der Datensicherheit bestens ger\u00fcstet.<\/p><h4>Betrieb im Rechenzentrum<\/h4><p>Die L\u00f6sungen der inSky laufen auf ausfallsicheren Systemen in einem der leistungsf\u00e4higsten Rechenzentren Deutschlands. Das Rechenzentrum mit Standort Frankfurt wird von der e-shelter services GmbH betrieben. Der Datacenter Campus Frankfurt 1 ist der Hauptstandort von e-shelter, der insgesamt rund 60.000 m2 RZ- und Technikfl\u00e4che umfasst. Der e-shelter Campus ist damit Europas gr\u00f6\u00dfter einzelner Rechenzentrums Standort. Das knapp 54.000 m2 gro\u00dfe, e-shelter eigene Grundst\u00fcck bietet Platz f\u00fcr f\u00fcnf frei stehende Geb\u00e4ude, die speziell f\u00fcr die Nutzung als Rechenzentrum gebaut und ausgestattet sind.<\/p><h5>Stromversorgung:<\/h5><p>EVU-Versorgung auf 110-kV-Ebene aus zwei Umspannwerken \u00fcber r\u00e4umlich getrennte Trassen<br \/>Zus\u00e4tzliche Versorgung durch zweiten Versorger (100 Prozent disjunktes Netz) auf 10-kV-Ebene<br \/>Eigenes Umspannwerk mit drei 110\/20-kV-Transformatoren n + 1<br \/>Zwei separate USV-Systeme (A- und B-Versorgung) und redundant ausgelegte Netzersatzanlage mit Dieselgeneratoren<\/p><h5>Sicherheit:<\/h5><p>\u00dcberwachung durch die e-shelter eigene 24\/7Leitstelle vor Ort<br \/>Eigenes, bewaffnetes Sicherheitspersonal von der e-shelter security GmbH<br \/>Standardisierte Sicherheitsprozesse und das 7-stufige Sicherheitssystem sichern die Mietbereiche und den technischen Betrieb<br \/>Zugangskontrollen per ber\u00fchrungsloser Chipkarte und PIN oder optional mit biometrischen Merkmalen<br \/>Gesicherte Grundst\u00fccksgrenzen mit elektronisch \u00fcberwachter Sicherheitszaun Anlage mit \u00dcbersteig- und Untergrabschutz<\/p><h5>Technischer Betrieb:<\/h5><p>24\/7 Betriebsleitstelle vor Ort mit eigenem e-shelter Betriebspersonal zur \u00dcberwachung aller ausfallkritischen Infrastruktur Systeme<br \/>Standardisierte Betriebsprozesse erg\u00e4nzen technische System-Redundanz, um maximale Ausfallsicherheit zu gew\u00e4hrleisten<\/p><h4>Datenschutz<\/h4><p>Der vertrauliche und verantwortungsvolle Umgang mit den Daten unserer Kunden ist f\u00fcr uns oberstes Gebot. Die gesetzliche Grundlage bildet das Bundesdatenschutzgesetz, zu dessen Einhaltung wir als IT-Dienstleister verpflichtet sind. Selbstverst\u00e4ndlich werden Ihre Daten weder ausgewertet noch weiter gegeben. Unsere Service-Mitarbeiter greifen nur zur Problemanalyse und nach Ihrer Vorgabe oder expliziten Zustimmung auf Ihre Daten zu.<\/p><p>Die Server befinden sich gesch\u00fctzt hinter Watchguard Firewalls und sind zus\u00e4tzlich durch Paketfilter vor unberechtigtem Zugriff gesichert. Der Zugriff auf Ihre Systeme erfolgt entweder \u00fcber eine Private-Cloud-L\u00f6sung, bei Bedarf eigenen Managed-Network-Knoten, VPN-L\u00f6sungen oder nach Vereinbarung mittels anderer, hochgesicherter L\u00f6sungen.<\/p><h4>Weitere Informationen:<\/h4><p>Mehr Informationen zum Datenschutz finden Sie unter Datenschutz, in der Zusatzvereinbarung zur Auftragsverarbeitung sowie in der Dokumentation der Datenschutzma\u00dfnahmen.<\/p><\/div><\/div><\/div><\/div><\/div><\/div><div class=\"vc_row wpb_row vc_row-fluid\"><div class=\"wpb_column vc_column_container vc_col-sm-12 sc_layouts_column_icons_position_left\"><div class=\"vc_column-inner \"><div class=\"wpb_wrapper\"><div class=\"vc_empty_space height_tiny\">\u00a0<\/div><\/div><\/div><\/div><\/div><\/div><\/article><\/div><\/div><\/div><footer class=\"footer_wrap footer_custom footer_custom_157 footer_custom_insky-footer scheme_dark\"><div class=\"vc_row wpb_row vc_row-fluid vc_custom_1528926803253 vc_row-has-fill sc_layouts_row sc_layouts_row_type_normal\"><div class=\"wpb_column vc_column_container vc_col-sm-12 sc_layouts_column_icons_position_left\"><div class=\"vc_column-inner \"><div class=\"wpb_wrapper\">\u00a0<\/div><\/div><\/div><\/div><\/footer>\t\t\t\t\t\t\t\t<\/div>\n\t\t\t\t<\/div>\n\t\t\t\t<div class=\"elementor-element elementor-element-4aca1bf elementor-widget elementor-widget-spacer\" data-id=\"4aca1bf\" data-element_type=\"widget\" data-e-type=\"widget\" data-widget_type=\"spacer.default\">\n\t\t\t\t<div class=\"elementor-widget-container\">\n\t\t\t\t\t\t\t<div class=\"elementor-spacer\">\n\t\t\t<div class=\"elementor-spacer-inner\"><\/div>\n\t\t<\/div>\n\t\t\t\t\t\t<\/div>\n\t\t\t\t<\/div>\n\t\t\t\t\t<\/div>\n\t\t<\/div>\n\t\t\t\t\t<\/div>\n\t\t<\/section>\n\t\t\t\t<section class=\"elementor-section elementor-top-section elementor-element elementor-element-0627159 elementor-section-full_width elementor-section-height-default elementor-section-height-default qodef-elementor-content-no\" data-id=\"0627159\" data-element_type=\"section\" data-e-type=\"section\">\n\t\t\t\t\t\t<div class=\"elementor-container elementor-column-gap-default\">\n\t\t\t\t\t<div class=\"elementor-column elementor-col-100 elementor-top-column elementor-element elementor-element-713192c\" data-id=\"713192c\" data-element_type=\"column\" data-e-type=\"column\">\n\t\t\t<div class=\"elementor-widget-wrap elementor-element-populated\">\n\t\t\t\t\t\t<div class=\"elementor-element elementor-element-b64e48f elementor-widget elementor-widget-spacer\" data-id=\"b64e48f\" data-element_type=\"widget\" data-e-type=\"widget\" data-widget_type=\"spacer.default\">\n\t\t\t\t<div class=\"elementor-widget-container\">\n\t\t\t\t\t\t\t<div class=\"elementor-spacer\">\n\t\t\t<div class=\"elementor-spacer-inner\"><\/div>\n\t\t<\/div>\n\t\t\t\t\t\t<\/div>\n\t\t\t\t<\/div>\n\t\t\t\t<div class=\"elementor-element elementor-element-41dd195 elementor-widget elementor-widget-spacer\" data-id=\"41dd195\" data-element_type=\"widget\" data-e-type=\"widget\" data-widget_type=\"spacer.default\">\n\t\t\t\t<div class=\"elementor-widget-container\">\n\t\t\t\t\t\t\t<div class=\"elementor-spacer\">\n\t\t\t<div class=\"elementor-spacer-inner\"><\/div>\n\t\t<\/div>\n\t\t\t\t\t\t<\/div>\n\t\t\t\t<\/div>\n\t\t\t\t\t<\/div>\n\t\t<\/div>\n\t\t\t\t\t<\/div>\n\t\t<\/section>\n\t\t\t\t<\/div>\n\t\t","protected":false},"excerpt":{"rendered":"<p>Zukunftssicher Die inSky GmbH besteht seit 2017, gegr\u00fcndet um die stetigen Anforderungen und Nachfragen nach service- und cloudbasierten L\u00f6sungen im Bereich der Vernetzung von Daten und Anlagen zu bedienen. Durch die transparente Gesellschaftsstruktur, die Gr\u00fcndung als GmbH in Deutschland und die gesicherte Finanzierung stellt sich die inSky GmbH als zuverl\u00e4ssiger Partner dar. Die Teammitglieder verf\u00fcgen [&hellip;]<\/p>\n","protected":false},"author":1,"featured_media":0,"parent":0,"menu_order":0,"comment_status":"closed","ping_status":"closed","template":"page-full-width.php","meta":{"footnotes":""},"class_list":["post-6376","page","type-page","status-publish","hentry"],"yoast_head":"<!-- This site is optimized with the Yoast SEO plugin v27.5 - https:\/\/yoast.com\/product\/yoast-seo-wordpress\/ -->\n<title>Sicherheit - inSky GmbH<\/title>\n<meta name=\"robots\" content=\"index, follow, max-snippet:-1, max-image-preview:large, max-video-preview:-1\" \/>\n<link rel=\"canonical\" href=\"https:\/\/www.insky-europe.de\/de\/sicherheit\/\" \/>\n<meta property=\"og:locale\" content=\"de_DE\" \/>\n<meta property=\"og:type\" content=\"article\" \/>\n<meta property=\"og:title\" content=\"Sicherheit - inSky GmbH\" \/>\n<meta property=\"og:description\" content=\"Zukunftssicher Die inSky GmbH besteht seit 2017, gegr\u00fcndet um die stetigen Anforderungen und Nachfragen nach service- und cloudbasierten L\u00f6sungen im Bereich der Vernetzung von Daten und Anlagen zu bedienen. Durch die transparente Gesellschaftsstruktur, die Gr\u00fcndung als GmbH in Deutschland und die gesicherte Finanzierung stellt sich die inSky GmbH als zuverl\u00e4ssiger Partner dar. Die Teammitglieder verf\u00fcgen [&hellip;]\" \/>\n<meta property=\"og:url\" content=\"https:\/\/www.insky-europe.de\/de\/sicherheit\/\" \/>\n<meta property=\"og:site_name\" content=\"inSky GmbH\" \/>\n<meta property=\"article:modified_time\" content=\"2022-02-22T09:36:19+00:00\" \/>\n<meta name=\"twitter:card\" content=\"summary_large_image\" \/>\n<meta name=\"twitter:label1\" content=\"Gesch\u00e4tzte Lesezeit\" \/>\n\t<meta name=\"twitter:data1\" content=\"3\u00a0Minuten\" \/>\n<script type=\"application\/ld+json\" class=\"yoast-schema-graph\">{\"@context\":\"https:\\\/\\\/schema.org\",\"@graph\":[{\"@type\":\"WebPage\",\"@id\":\"https:\\\/\\\/www.insky-europe.de\\\/sicherheit\\\/\",\"url\":\"https:\\\/\\\/www.insky-europe.de\\\/sicherheit\\\/\",\"name\":\"Sicherheit - inSky GmbH\",\"isPartOf\":{\"@id\":\"https:\\\/\\\/www.insky-europe.de\\\/de\\\/#website\"},\"datePublished\":\"2021-02-06T14:12:10+00:00\",\"dateModified\":\"2022-02-22T09:36:19+00:00\",\"breadcrumb\":{\"@id\":\"https:\\\/\\\/www.insky-europe.de\\\/sicherheit\\\/#breadcrumb\"},\"inLanguage\":\"de\",\"potentialAction\":[{\"@type\":\"ReadAction\",\"target\":[\"https:\\\/\\\/www.insky-europe.de\\\/sicherheit\\\/\"]}]},{\"@type\":\"BreadcrumbList\",\"@id\":\"https:\\\/\\\/www.insky-europe.de\\\/sicherheit\\\/#breadcrumb\",\"itemListElement\":[{\"@type\":\"ListItem\",\"position\":1,\"name\":\"Startseite\",\"item\":\"https:\\\/\\\/www.insky-europe.de\\\/\"},{\"@type\":\"ListItem\",\"position\":2,\"name\":\"Sicherheit\"}]},{\"@type\":\"WebSite\",\"@id\":\"https:\\\/\\\/www.insky-europe.de\\\/de\\\/#website\",\"url\":\"https:\\\/\\\/www.insky-europe.de\\\/de\\\/\",\"name\":\"inSky GmbH\",\"description\":\"inSky GmbH - ERP Daten und MaschinenCloud, Vernetzung, Automatisierung, Industrie 4.0, Siemens SPS, SaaS.\",\"publisher\":{\"@id\":\"https:\\\/\\\/www.insky-europe.de\\\/de\\\/#organization\"},\"potentialAction\":[{\"@type\":\"SearchAction\",\"target\":{\"@type\":\"EntryPoint\",\"urlTemplate\":\"https:\\\/\\\/www.insky-europe.de\\\/de\\\/?s={search_term_string}\"},\"query-input\":{\"@type\":\"PropertyValueSpecification\",\"valueRequired\":true,\"valueName\":\"search_term_string\"}}],\"inLanguage\":\"de\"},{\"@type\":\"Organization\",\"@id\":\"https:\\\/\\\/www.insky-europe.de\\\/de\\\/#organization\",\"name\":\"inSky GmbH\",\"url\":\"https:\\\/\\\/www.insky-europe.de\\\/de\\\/\",\"logo\":{\"@type\":\"ImageObject\",\"inLanguage\":\"de\",\"@id\":\"https:\\\/\\\/www.insky-europe.de\\\/de\\\/#\\\/schema\\\/logo\\\/image\\\/\",\"url\":\"https:\\\/\\\/www.insky-europe.de\\\/wp-content\\\/uploads\\\/2021\\\/02\\\/cropped-insky-logo512-1.png\",\"contentUrl\":\"https:\\\/\\\/www.insky-europe.de\\\/wp-content\\\/uploads\\\/2021\\\/02\\\/cropped-insky-logo512-1.png\",\"width\":512,\"height\":512,\"caption\":\"inSky GmbH\"},\"image\":{\"@id\":\"https:\\\/\\\/www.insky-europe.de\\\/de\\\/#\\\/schema\\\/logo\\\/image\\\/\"}}]}<\/script>\n<!-- \/ Yoast SEO plugin. -->","yoast_head_json":{"title":"Sicherheit - inSky GmbH","robots":{"index":"index","follow":"follow","max-snippet":"max-snippet:-1","max-image-preview":"max-image-preview:large","max-video-preview":"max-video-preview:-1"},"canonical":"https:\/\/www.insky-europe.de\/de\/sicherheit\/","og_locale":"de_DE","og_type":"article","og_title":"Sicherheit - inSky GmbH","og_description":"Zukunftssicher Die inSky GmbH besteht seit 2017, gegr\u00fcndet um die stetigen Anforderungen und Nachfragen nach service- und cloudbasierten L\u00f6sungen im Bereich der Vernetzung von Daten und Anlagen zu bedienen. Durch die transparente Gesellschaftsstruktur, die Gr\u00fcndung als GmbH in Deutschland und die gesicherte Finanzierung stellt sich die inSky GmbH als zuverl\u00e4ssiger Partner dar. Die Teammitglieder verf\u00fcgen [&hellip;]","og_url":"https:\/\/www.insky-europe.de\/de\/sicherheit\/","og_site_name":"inSky GmbH","article_modified_time":"2022-02-22T09:36:19+00:00","twitter_card":"summary_large_image","twitter_misc":{"Gesch\u00e4tzte Lesezeit":"3\u00a0Minuten"},"schema":{"@context":"https:\/\/schema.org","@graph":[{"@type":"WebPage","@id":"https:\/\/www.insky-europe.de\/sicherheit\/","url":"https:\/\/www.insky-europe.de\/sicherheit\/","name":"Sicherheit - inSky GmbH","isPartOf":{"@id":"https:\/\/www.insky-europe.de\/de\/#website"},"datePublished":"2021-02-06T14:12:10+00:00","dateModified":"2022-02-22T09:36:19+00:00","breadcrumb":{"@id":"https:\/\/www.insky-europe.de\/sicherheit\/#breadcrumb"},"inLanguage":"de","potentialAction":[{"@type":"ReadAction","target":["https:\/\/www.insky-europe.de\/sicherheit\/"]}]},{"@type":"BreadcrumbList","@id":"https:\/\/www.insky-europe.de\/sicherheit\/#breadcrumb","itemListElement":[{"@type":"ListItem","position":1,"name":"Startseite","item":"https:\/\/www.insky-europe.de\/"},{"@type":"ListItem","position":2,"name":"Sicherheit"}]},{"@type":"WebSite","@id":"https:\/\/www.insky-europe.de\/de\/#website","url":"https:\/\/www.insky-europe.de\/de\/","name":"inSky GmbH","description":"inSky GmbH - ERP Daten und MaschinenCloud, Vernetzung, Automatisierung, Industrie 4.0, Siemens SPS, SaaS.","publisher":{"@id":"https:\/\/www.insky-europe.de\/de\/#organization"},"potentialAction":[{"@type":"SearchAction","target":{"@type":"EntryPoint","urlTemplate":"https:\/\/www.insky-europe.de\/de\/?s={search_term_string}"},"query-input":{"@type":"PropertyValueSpecification","valueRequired":true,"valueName":"search_term_string"}}],"inLanguage":"de"},{"@type":"Organization","@id":"https:\/\/www.insky-europe.de\/de\/#organization","name":"inSky GmbH","url":"https:\/\/www.insky-europe.de\/de\/","logo":{"@type":"ImageObject","inLanguage":"de","@id":"https:\/\/www.insky-europe.de\/de\/#\/schema\/logo\/image\/","url":"https:\/\/www.insky-europe.de\/wp-content\/uploads\/2021\/02\/cropped-insky-logo512-1.png","contentUrl":"https:\/\/www.insky-europe.de\/wp-content\/uploads\/2021\/02\/cropped-insky-logo512-1.png","width":512,"height":512,"caption":"inSky GmbH"},"image":{"@id":"https:\/\/www.insky-europe.de\/de\/#\/schema\/logo\/image\/"}}]}},"_links":{"self":[{"href":"https:\/\/www.insky-europe.de\/de\/wp-json\/wp\/v2\/pages\/6376","targetHints":{"allow":["GET"]}}],"collection":[{"href":"https:\/\/www.insky-europe.de\/de\/wp-json\/wp\/v2\/pages"}],"about":[{"href":"https:\/\/www.insky-europe.de\/de\/wp-json\/wp\/v2\/types\/page"}],"author":[{"embeddable":true,"href":"https:\/\/www.insky-europe.de\/de\/wp-json\/wp\/v2\/users\/1"}],"replies":[{"embeddable":true,"href":"https:\/\/www.insky-europe.de\/de\/wp-json\/wp\/v2\/comments?post=6376"}],"version-history":[{"count":10,"href":"https:\/\/www.insky-europe.de\/de\/wp-json\/wp\/v2\/pages\/6376\/revisions"}],"predecessor-version":[{"id":8082,"href":"https:\/\/www.insky-europe.de\/de\/wp-json\/wp\/v2\/pages\/6376\/revisions\/8082"}],"wp:attachment":[{"href":"https:\/\/www.insky-europe.de\/de\/wp-json\/wp\/v2\/media?parent=6376"}],"curies":[{"name":"wp","href":"https:\/\/api.w.org\/{rel}","templated":true}]}}