{"id":6365,"date":"2021-02-06T15:03:33","date_gmt":"2021-02-06T14:03:33","guid":{"rendered":"https:\/\/www.insky-europe.de\/?page_id=6365"},"modified":"2022-02-22T10:36:49","modified_gmt":"2022-02-22T09:36:49","slug":"impressum","status":"publish","type":"page","link":"https:\/\/www.insky-europe.de\/de\/impressum\/","title":{"rendered":"Impressum"},"content":{"rendered":"\t\t<div data-elementor-type=\"wp-page\" data-elementor-id=\"6365\" class=\"elementor elementor-6365\" data-elementor-post-type=\"page\">\n\t\t\t\t\t\t<section class=\"elementor-section elementor-top-section elementor-element elementor-element-725754b qodef-elementor-content-grid elementor-section-boxed elementor-section-height-default elementor-section-height-default\" data-id=\"725754b\" data-element_type=\"section\" data-e-type=\"section\">\n\t\t\t\t\t\t<div class=\"elementor-container elementor-column-gap-default\">\n\t\t\t\t\t<div class=\"elementor-column elementor-col-100 elementor-top-column elementor-element elementor-element-c7d74a7\" data-id=\"c7d74a7\" data-element_type=\"column\" data-e-type=\"column\">\n\t\t\t<div class=\"elementor-widget-wrap elementor-element-populated\">\n\t\t\t\t\t\t<div class=\"elementor-element elementor-element-9c59c0f elementor-widget elementor-widget-text-editor\" data-id=\"9c59c0f\" data-element_type=\"widget\" data-e-type=\"widget\" data-widget_type=\"text-editor.default\">\n\t\t\t\t<div class=\"elementor-widget-container\">\n\t\t\t\t\t\t\t\t\t<div class=\"vc_row wpb_row vc_row-fluid\">\n<div class=\"wpb_column vc_column_container vc_col-sm-12 sc_layouts_column_icons_position_left\">\n<div class=\"vc_column-inner \">\n<div class=\"wpb_wrapper\">\n<div class=\"wpb_text_column wpb_content_element \">\n<div class=\"wpb_wrapper\">\n<h4><strong>Impressum<\/strong><\/h4>\n<h5>Angaben gem\u00e4\u00df \u00a7 5 TMG:<\/h5>\n<p>inSky GmbH<br \/>Alter Unter\u00f6wisheimer Weg 19<br \/>76646 Bruchsal<\/p>\n<p>Vertreten durch:<br \/>Andreas G\u00f6ring<\/p>\n<p><strong><span style=\"text-decoration: underline;\">Kontakt:<\/span><\/strong><br \/>E-Mail: info@insky-europe.de<\/p>\n<p>Registereintrag:<br \/>Eintragung im Handelsregister.<br \/>Registergericht: Mannheim<br \/>Registernummer: HRB 729533<\/p>\n<p>Umsatzsteuer:<br \/>Umsatzsteuer-Identifikationsnummer gem\u00e4\u00df \u00a727 a Umsatzsteuergesetz:<br \/>DE316858834<\/p>\n<h5>Streitschlichtung<\/h5>\n<p>Wir sind nicht bereit oder verpflichtet, an Streitbeilegungsverfahren vor einer<br \/>Verbraucherschlichtungsstelle teilzunehmen.<\/p>\n<h5>Haftung f\u00fcr Inhalte<\/h5>\n<p>Als Diensteanbieter sind wir gem\u00e4\u00df \u00a7 7 Abs.1 TMG f\u00fcr eigene Inhalte auf diesen Seiten nach den allgemeinen Gesetzen verantwortlich. Nach \u00a7\u00a7 8 bis 10 TMG sind wir als Diensteanbieter jedoch nicht verpflichtet, \u00fcbermittelte oder gespeicherte fremde Informationen zu \u00fcberwachen oder nach Umst\u00e4nden zu forschen, die auf eine rechtswidrige T\u00e4tigkeit hinweisen.<br \/>Verpflichtungen zur Entfernung oder Sperrung der Nutzung von Informationen nach den allgemeinen Gesetzen bleiben hiervon unber\u00fchrt. Eine diesbez\u00fcgliche Haftung ist jedoch erst ab dem Zeitpunkt der Kenntnis einer konkreten Rechtsverletzung m\u00f6glich. Bei Bekanntwerden von entsprechenden Rechtsverletzungen werden wir diese Inhalte umgehend entfernen.<\/p>\n<h5>Haftung f\u00fcr Links<\/h5>\n<p>Unser Angebot enth\u00e4lt Links zu externen Websites Dritter, auf deren Inhalte wir keinen Einfluss haben.<br \/>Deshalb k\u00f6nnen wir f\u00fcr diese fremden Inhalte auch keine Gew\u00e4hr \u00fcbernehmen. F\u00fcr die Inhalte der verlinkten Seiten ist stets der jeweilige Anbieter oder Betreiber der Seiten verantwortlich. Die verlinkten Seiten wurden zum Zeitpunkt der Verlinkung auf m\u00f6gliche Rechtsverst\u00f6\u00dfe \u00fcberpr\u00fcft. Rechtswidrige Inhalte waren zum Zeitpunkt der Verlinkung nicht erkennbar.<br \/>Eine permanente inhaltliche Kontrolle der verlinkten Seiten ist jedoch ohne konkrete Anhaltspunkte einer Rechtsverletzung nicht zumutbar. Bei Bekanntwerden von Rechtsverletzungen werden wir derartige Links umgehend entfernen.<\/p>\n<h5>Urheberrecht<\/h5>\n<p>Die durch die Seitenbetreiber erstellten Inhalte und Werke auf diesen Seiten unterliegen dem deutschen Urheberrecht. Die Vervielf\u00e4ltigung, Bearbeitung, Verbreitung und jede Art der Verwertung au\u00dferhalb der Grenzen des Urheberrechtes bed\u00fcrfen der schriftlichen Zustimmung des jeweiligen Autors bzw.<br \/>Erstellers. Downloads und Kopien dieser Seite sind nur f\u00fcr den privaten, nicht kommerziellen Gebrauch gestattet.<br \/>Soweit die Inhalte auf dieser Seite nicht vom Betreiber erstellt wurden, werden die Urheberrechte Dritter beachtet. Insbesondere werden Inhalte Dritter als solche gekennzeichnet. Sollten Sie trotzdem auf eine Urheberrechtsverletzung aufmerksam werden, bitten wir um einen entsprechenden Hinweis. Bei<br \/>Bekanntwerden von Rechtsverletzungen werden wir derartige Inhalte umgehend entfernen.<\/p>\n<\/div>\n<\/div>\n<\/div>\n<\/div>\n<\/div>\n<\/div>\n<div class=\"vc_row wpb_row vc_row-fluid\">\n<div class=\"wpb_column vc_column_container vc_col-sm-12 sc_layouts_column_icons_position_left\">\n<div class=\"vc_column-inner \">\n<div class=\"wpb_wrapper\">\u00a0<\/div>\n<\/div>\n<\/div>\n<\/div>\t\t\t\t\t\t\t\t<\/div>\n\t\t\t\t<\/div>\n\t\t\t\t<div class=\"elementor-element elementor-element-4aca1bf elementor-widget elementor-widget-spacer\" data-id=\"4aca1bf\" data-element_type=\"widget\" data-e-type=\"widget\" data-widget_type=\"spacer.default\">\n\t\t\t\t<div class=\"elementor-widget-container\">\n\t\t\t\t\t\t\t<div class=\"elementor-spacer\">\n\t\t\t<div class=\"elementor-spacer-inner\"><\/div>\n\t\t<\/div>\n\t\t\t\t\t\t<\/div>\n\t\t\t\t<\/div>\n\t\t\t\t\t<\/div>\n\t\t<\/div>\n\t\t\t\t\t<\/div>\n\t\t<\/section>\n\t\t\t\t<section class=\"elementor-section elementor-top-section elementor-element elementor-element-0627159 elementor-section-full_width elementor-section-height-default elementor-section-height-default qodef-elementor-content-no\" data-id=\"0627159\" data-element_type=\"section\" data-e-type=\"section\">\n\t\t\t\t\t\t<div class=\"elementor-container elementor-column-gap-default\">\n\t\t\t\t\t<div class=\"elementor-column elementor-col-100 elementor-top-column elementor-element elementor-element-713192c\" data-id=\"713192c\" data-element_type=\"column\" data-e-type=\"column\">\n\t\t\t<div class=\"elementor-widget-wrap elementor-element-populated\">\n\t\t\t\t\t\t<div class=\"elementor-element elementor-element-b64e48f elementor-widget elementor-widget-spacer\" data-id=\"b64e48f\" data-element_type=\"widget\" data-e-type=\"widget\" data-widget_type=\"spacer.default\">\n\t\t\t\t<div class=\"elementor-widget-container\">\n\t\t\t\t\t\t\t<div class=\"elementor-spacer\">\n\t\t\t<div class=\"elementor-spacer-inner\"><\/div>\n\t\t<\/div>\n\t\t\t\t\t\t<\/div>\n\t\t\t\t<\/div>\n\t\t\t\t<div class=\"elementor-element elementor-element-41dd195 elementor-widget elementor-widget-spacer\" data-id=\"41dd195\" data-element_type=\"widget\" data-e-type=\"widget\" data-widget_type=\"spacer.default\">\n\t\t\t\t<div class=\"elementor-widget-container\">\n\t\t\t\t\t\t\t<div class=\"elementor-spacer\">\n\t\t\t<div class=\"elementor-spacer-inner\"><\/div>\n\t\t<\/div>\n\t\t\t\t\t\t<\/div>\n\t\t\t\t<\/div>\n\t\t\t\t\t<\/div>\n\t\t<\/div>\n\t\t\t\t\t<\/div>\n\t\t<\/section>\n\t\t\t\t<\/div>\n\t\t","protected":false},"excerpt":{"rendered":"<p>Impressum Angaben gem\u00e4\u00df \u00a7 5 TMG: inSky GmbH Alter Unter\u00f6wisheimer Weg 19 76646 Bruchsal Vertreten durch: Andreas G\u00f6ring Kontakt: E-Mail: info@insky-europe.de Registereintrag: Eintragung im Handelsregister. Registergericht: Mannheim Registernummer: HRB 729533 Umsatzsteuer: Umsatzsteuer-Identifikationsnummer gem\u00e4\u00df \u00a727 a Umsatzsteuergesetz: DE316858834 Streitschlichtung Wir sind nicht bereit oder verpflichtet, an Streitbeilegungsverfahren vor einer Verbraucherschlichtungsstelle teilzunehmen. Haftung f\u00fcr Inhalte Als Diensteanbieter [&hellip;]<\/p>\n","protected":false},"author":1,"featured_media":0,"parent":0,"menu_order":0,"comment_status":"closed","ping_status":"closed","template":"page-full-width.php","meta":{"footnotes":""},"class_list":["post-6365","page","type-page","status-publish","hentry"],"yoast_head":"<!-- This site is optimized with the Yoast SEO plugin v27.5 - https:\/\/yoast.com\/product\/yoast-seo-wordpress\/ -->\n<title>Impressum - inSky GmbH<\/title>\n<meta name=\"robots\" content=\"index, follow, max-snippet:-1, max-image-preview:large, max-video-preview:-1\" \/>\n<link rel=\"canonical\" href=\"https:\/\/www.insky-europe.de\/de\/impressum\/\" \/>\n<meta property=\"og:locale\" content=\"de_DE\" \/>\n<meta property=\"og:type\" content=\"article\" \/>\n<meta property=\"og:title\" content=\"Impressum - inSky GmbH\" \/>\n<meta property=\"og:description\" content=\"Impressum Angaben gem\u00e4\u00df \u00a7 5 TMG: inSky GmbH Alter Unter\u00f6wisheimer Weg 19 76646 Bruchsal Vertreten durch: Andreas G\u00f6ring Kontakt: E-Mail: info@insky-europe.de Registereintrag: Eintragung im Handelsregister. Registergericht: Mannheim Registernummer: HRB 729533 Umsatzsteuer: Umsatzsteuer-Identifikationsnummer gem\u00e4\u00df \u00a727 a Umsatzsteuergesetz: DE316858834 Streitschlichtung Wir sind nicht bereit oder verpflichtet, an Streitbeilegungsverfahren vor einer Verbraucherschlichtungsstelle teilzunehmen. Haftung f\u00fcr Inhalte Als Diensteanbieter [&hellip;]\" \/>\n<meta property=\"og:url\" content=\"https:\/\/www.insky-europe.de\/de\/impressum\/\" \/>\n<meta property=\"og:site_name\" content=\"inSky GmbH\" \/>\n<meta property=\"article:modified_time\" content=\"2022-02-22T09:36:49+00:00\" \/>\n<meta name=\"twitter:card\" content=\"summary_large_image\" \/>\n<meta name=\"twitter:label1\" content=\"Gesch\u00e4tzte Lesezeit\" \/>\n\t<meta name=\"twitter:data1\" content=\"2\u00a0Minuten\" \/>\n<script type=\"application\/ld+json\" class=\"yoast-schema-graph\">{\"@context\":\"https:\\\/\\\/schema.org\",\"@graph\":[{\"@type\":\"WebPage\",\"@id\":\"https:\\\/\\\/www.insky-europe.de\\\/impressum\\\/\",\"url\":\"https:\\\/\\\/www.insky-europe.de\\\/impressum\\\/\",\"name\":\"Impressum - inSky GmbH\",\"isPartOf\":{\"@id\":\"https:\\\/\\\/www.insky-europe.de\\\/de\\\/#website\"},\"datePublished\":\"2021-02-06T14:03:33+00:00\",\"dateModified\":\"2022-02-22T09:36:49+00:00\",\"breadcrumb\":{\"@id\":\"https:\\\/\\\/www.insky-europe.de\\\/impressum\\\/#breadcrumb\"},\"inLanguage\":\"de\",\"potentialAction\":[{\"@type\":\"ReadAction\",\"target\":[\"https:\\\/\\\/www.insky-europe.de\\\/impressum\\\/\"]}]},{\"@type\":\"BreadcrumbList\",\"@id\":\"https:\\\/\\\/www.insky-europe.de\\\/impressum\\\/#breadcrumb\",\"itemListElement\":[{\"@type\":\"ListItem\",\"position\":1,\"name\":\"Startseite\",\"item\":\"https:\\\/\\\/www.insky-europe.de\\\/\"},{\"@type\":\"ListItem\",\"position\":2,\"name\":\"Impressum\"}]},{\"@type\":\"WebSite\",\"@id\":\"https:\\\/\\\/www.insky-europe.de\\\/de\\\/#website\",\"url\":\"https:\\\/\\\/www.insky-europe.de\\\/de\\\/\",\"name\":\"inSky GmbH\",\"description\":\"inSky GmbH - ERP Daten und MaschinenCloud, Vernetzung, Automatisierung, Industrie 4.0, Siemens SPS, SaaS.\",\"publisher\":{\"@id\":\"https:\\\/\\\/www.insky-europe.de\\\/de\\\/#organization\"},\"potentialAction\":[{\"@type\":\"SearchAction\",\"target\":{\"@type\":\"EntryPoint\",\"urlTemplate\":\"https:\\\/\\\/www.insky-europe.de\\\/de\\\/?s={search_term_string}\"},\"query-input\":{\"@type\":\"PropertyValueSpecification\",\"valueRequired\":true,\"valueName\":\"search_term_string\"}}],\"inLanguage\":\"de\"},{\"@type\":\"Organization\",\"@id\":\"https:\\\/\\\/www.insky-europe.de\\\/de\\\/#organization\",\"name\":\"inSky GmbH\",\"url\":\"https:\\\/\\\/www.insky-europe.de\\\/de\\\/\",\"logo\":{\"@type\":\"ImageObject\",\"inLanguage\":\"de\",\"@id\":\"https:\\\/\\\/www.insky-europe.de\\\/de\\\/#\\\/schema\\\/logo\\\/image\\\/\",\"url\":\"https:\\\/\\\/www.insky-europe.de\\\/wp-content\\\/uploads\\\/2021\\\/02\\\/cropped-insky-logo512-1.png\",\"contentUrl\":\"https:\\\/\\\/www.insky-europe.de\\\/wp-content\\\/uploads\\\/2021\\\/02\\\/cropped-insky-logo512-1.png\",\"width\":512,\"height\":512,\"caption\":\"inSky GmbH\"},\"image\":{\"@id\":\"https:\\\/\\\/www.insky-europe.de\\\/de\\\/#\\\/schema\\\/logo\\\/image\\\/\"}}]}<\/script>\n<!-- \/ Yoast SEO plugin. -->","yoast_head_json":{"title":"Impressum - inSky GmbH","robots":{"index":"index","follow":"follow","max-snippet":"max-snippet:-1","max-image-preview":"max-image-preview:large","max-video-preview":"max-video-preview:-1"},"canonical":"https:\/\/www.insky-europe.de\/de\/impressum\/","og_locale":"de_DE","og_type":"article","og_title":"Impressum - inSky GmbH","og_description":"Impressum Angaben gem\u00e4\u00df \u00a7 5 TMG: inSky GmbH Alter Unter\u00f6wisheimer Weg 19 76646 Bruchsal Vertreten durch: Andreas G\u00f6ring Kontakt: E-Mail: info@insky-europe.de Registereintrag: Eintragung im Handelsregister. Registergericht: Mannheim Registernummer: HRB 729533 Umsatzsteuer: Umsatzsteuer-Identifikationsnummer gem\u00e4\u00df \u00a727 a Umsatzsteuergesetz: DE316858834 Streitschlichtung Wir sind nicht bereit oder verpflichtet, an Streitbeilegungsverfahren vor einer Verbraucherschlichtungsstelle teilzunehmen. Haftung f\u00fcr Inhalte Als Diensteanbieter [&hellip;]","og_url":"https:\/\/www.insky-europe.de\/de\/impressum\/","og_site_name":"inSky GmbH","article_modified_time":"2022-02-22T09:36:49+00:00","twitter_card":"summary_large_image","twitter_misc":{"Gesch\u00e4tzte Lesezeit":"2\u00a0Minuten"},"schema":{"@context":"https:\/\/schema.org","@graph":[{"@type":"WebPage","@id":"https:\/\/www.insky-europe.de\/impressum\/","url":"https:\/\/www.insky-europe.de\/impressum\/","name":"Impressum - inSky GmbH","isPartOf":{"@id":"https:\/\/www.insky-europe.de\/de\/#website"},"datePublished":"2021-02-06T14:03:33+00:00","dateModified":"2022-02-22T09:36:49+00:00","breadcrumb":{"@id":"https:\/\/www.insky-europe.de\/impressum\/#breadcrumb"},"inLanguage":"de","potentialAction":[{"@type":"ReadAction","target":["https:\/\/www.insky-europe.de\/impressum\/"]}]},{"@type":"BreadcrumbList","@id":"https:\/\/www.insky-europe.de\/impressum\/#breadcrumb","itemListElement":[{"@type":"ListItem","position":1,"name":"Startseite","item":"https:\/\/www.insky-europe.de\/"},{"@type":"ListItem","position":2,"name":"Impressum"}]},{"@type":"WebSite","@id":"https:\/\/www.insky-europe.de\/de\/#website","url":"https:\/\/www.insky-europe.de\/de\/","name":"inSky GmbH","description":"inSky GmbH - ERP Daten und MaschinenCloud, Vernetzung, Automatisierung, Industrie 4.0, Siemens SPS, SaaS.","publisher":{"@id":"https:\/\/www.insky-europe.de\/de\/#organization"},"potentialAction":[{"@type":"SearchAction","target":{"@type":"EntryPoint","urlTemplate":"https:\/\/www.insky-europe.de\/de\/?s={search_term_string}"},"query-input":{"@type":"PropertyValueSpecification","valueRequired":true,"valueName":"search_term_string"}}],"inLanguage":"de"},{"@type":"Organization","@id":"https:\/\/www.insky-europe.de\/de\/#organization","name":"inSky GmbH","url":"https:\/\/www.insky-europe.de\/de\/","logo":{"@type":"ImageObject","inLanguage":"de","@id":"https:\/\/www.insky-europe.de\/de\/#\/schema\/logo\/image\/","url":"https:\/\/www.insky-europe.de\/wp-content\/uploads\/2021\/02\/cropped-insky-logo512-1.png","contentUrl":"https:\/\/www.insky-europe.de\/wp-content\/uploads\/2021\/02\/cropped-insky-logo512-1.png","width":512,"height":512,"caption":"inSky GmbH"},"image":{"@id":"https:\/\/www.insky-europe.de\/de\/#\/schema\/logo\/image\/"}}]}},"_links":{"self":[{"href":"https:\/\/www.insky-europe.de\/de\/wp-json\/wp\/v2\/pages\/6365","targetHints":{"allow":["GET"]}}],"collection":[{"href":"https:\/\/www.insky-europe.de\/de\/wp-json\/wp\/v2\/pages"}],"about":[{"href":"https:\/\/www.insky-europe.de\/de\/wp-json\/wp\/v2\/types\/page"}],"author":[{"embeddable":true,"href":"https:\/\/www.insky-europe.de\/de\/wp-json\/wp\/v2\/users\/1"}],"replies":[{"embeddable":true,"href":"https:\/\/www.insky-europe.de\/de\/wp-json\/wp\/v2\/comments?post=6365"}],"version-history":[{"count":2,"href":"https:\/\/www.insky-europe.de\/de\/wp-json\/wp\/v2\/pages\/6365\/revisions"}],"predecessor-version":[{"id":8084,"href":"https:\/\/www.insky-europe.de\/de\/wp-json\/wp\/v2\/pages\/6365\/revisions\/8084"}],"wp:attachment":[{"href":"https:\/\/www.insky-europe.de\/de\/wp-json\/wp\/v2\/media?parent=6365"}],"curies":[{"name":"wp","href":"https:\/\/api.w.org\/{rel}","templated":true}]}}