{"id":6164,"date":"2021-02-05T20:02:13","date_gmt":"2021-02-05T19:02:13","guid":{"rendered":"https:\/\/www.insky-europe.de\/?page_id=6164"},"modified":"2022-02-22T10:28:55","modified_gmt":"2022-02-22T09:28:55","slug":"transaction-accelerator","status":"publish","type":"page","link":"https:\/\/www.insky-europe.de\/de\/produkte\/transaction-accelerator\/","title":{"rendered":"Transaction Accelerator"},"content":{"rendered":"\t\t<div data-elementor-type=\"wp-page\" data-elementor-id=\"6164\" class=\"elementor elementor-6164\" data-elementor-post-type=\"page\">\n\t\t\t\t\t\t<section class=\"elementor-section elementor-top-section elementor-element elementor-element-725754b qodef-elementor-content-grid elementor-section-boxed elementor-section-height-default elementor-section-height-default\" data-id=\"725754b\" data-element_type=\"section\" data-e-type=\"section\">\n\t\t\t\t\t\t<div class=\"elementor-container elementor-column-gap-default\">\n\t\t\t\t\t<div class=\"elementor-column elementor-col-100 elementor-top-column elementor-element elementor-element-c7d74a7\" data-id=\"c7d74a7\" data-element_type=\"column\" data-e-type=\"column\">\n\t\t\t<div class=\"elementor-widget-wrap elementor-element-populated\">\n\t\t\t\t\t\t<div class=\"elementor-element elementor-element-f832d1a elementor-widget elementor-widget-stal_core_icon_with_text\" data-id=\"f832d1a\" data-element_type=\"widget\" data-e-type=\"widget\" data-widget_type=\"stal_core_icon_with_text.default\">\n\t\t\t\t<div class=\"elementor-widget-container\">\n\t\t\t\t\t<div class=\"qodef-shortcode qodef-m  qodef-icon-with-text qodef-layout--top  qodef--custom-icon  qodef-alignment--center\" >\n\t<div class=\"qodef-m-icon-wrapper\">\n\t\t\t\t\t<img fetchpriority=\"high\" decoding=\"async\" width=\"250\" height=\"227\" src=\"https:\/\/www.insky-europe.de\/wp-content\/uploads\/2021\/02\/industrie_datenbank_2.png\" class=\"attachment-full size-full\" alt=\"industrie_datenbank_2\" \/>\t\t<\/div>\n\t<div class=\"qodef-m-content\">\n\t\t\t<h4 class=\"qodef-m-title\" >\n\t\t\t\t\t<span class=\"qodef-m-title-text\">Transaction Accelerator<\/span>\n\t\t\t<\/h4>\n\t\t\t<p class=\"qodef-m-text\" >Mit dem Produkt \u2018Transaction Accelerator\u2019 stehen Ihnen neue M\u00f6glichkeiten offen.<\/p>\n\t<\/div>\n<\/div>\t\t\t\t<\/div>\n\t\t\t\t<\/div>\n\t\t\t\t<div class=\"elementor-element elementor-element-9c59c0f elementor-widget elementor-widget-text-editor\" data-id=\"9c59c0f\" data-element_type=\"widget\" data-e-type=\"widget\" data-widget_type=\"text-editor.default\">\n\t\t\t\t<div class=\"elementor-widget-container\">\n\t\t\t\t\t\t\t\t\t<p>Wo klassisch konfigurierte Systeme zu Leistungsengp\u00e4ssen f\u00fchren, beispielsweise im Bereich des NRDM (Near-Realtime Data Management), hilft Ihnen der inSky Transaction Accelerator weiter. inSky liefert ihnen hier die M\u00f6glichkeit, Ihre Anforderungen in einem In-Memory-Datenbanksystem abzuwickeln.<\/p><p>Die Vorteile f\u00fcr Sie liegen auf der Hand: Bei einem In-Memory-Datenbanksystem (IMDB )handelt es sich um ein Datenbankmanagementsystem, das seine Daten nicht auf herk\u00f6mmlichen Festplattenspeichern ablegt, sondern direkt den Arbeitsspeicher (RAM) hierf\u00fcr nutzt. Dadurch lassen sich wesentlich h\u00f6here Zugriffsgeschwindigkeiten realisieren. Diese optimierten Zugriffe und die damit einhergehende Optimierung und Beschleunigung der Verarbeitung werden direkt an Ihren Server weitergegeben. Ihre Clients erhalten damit die bestm\u00f6gliche Performance.<\/p><p>inSky leistet hierzu die Optimierung Ihrer Verarbeitung, das Datenmodell, welches der Konfiguration zugrunde liegt, wird f\u00fcr diesen Anwendungsfall besonders kompakt und ggfs. nicht relational ausgestaltet.\u00a0H\u00e4ufig kommt die IMDB im Umfeld von Big-Data- und Data-Warehouse-Anwendungen zum Einsatz. Die In-Memory-Technik erm\u00f6glicht es diesen Prozessen, auf Basis riesiger Datenmengen innerhalb k\u00fcrzester Zeit Ergebnisse zu erzielen. Das Voraggregieren von Daten oder die Verwendung von OLAP-W\u00fcrfeln wird durch die hohe Leistungsf\u00e4higkeit der IMDB \u00fcberfl\u00fcssig.\u00a0Sowohl strukturiert als auch unstrukturiert vorliegende Daten sind prozessierbar, ohne dass eine vorherige Aggregation des Datenbestands zu erfolgen hat.<\/p><p>Den inSky Transaction Accelerator erhalten Sie nur in Kombination mit der Anbindung einer Ihrer Datenbanken. In diesem Hybrid-Modell wird die Schw\u00e4che des IMDB-Konzeps \u00fcberwunden.\u00a0Eines der zentralen Probleme von In-Memory-Datenbanken ist die dauerhafte Speicherung und Persistenz von Daten. Da die IMDB mit fl\u00fcchtigem RAM arbeitet, stellt der Verlust von Daten ein hohes Risiko dar. InSky setzt hier auf einen hybriden Mechanismus von asynchronem Festschreiben der Daten in Ihrem Datenbanksystem und der Journalisierung der IMDB, um eine bestm\u00f6gliche Verf\u00fcgbarkeit zu garantieren.<\/p><p>Der Transaction Accelerator als L\u00f6sung ergibt nur in einem Abgestimmten Umfeld Sinn, bitte sprechen Sie uns hierzu an. Wir erarbeiten mit Ihnen individuell ein auf Ihre Anforderungen abgestimmtes, ganzheitliches Konzept aus den <strong>Produkten der inSky<\/strong>, einer optimalen Datenanbindung, einer Revision der zugrunde liegenden Architektur und Infrastruktur.<\/p><p>Unsere Spezialisten stehen Ihnen f\u00fcr ein Beratungsgespr\u00e4ch zur Verf\u00fcgung.<\/p>\t\t\t\t\t\t\t\t<\/div>\n\t\t\t\t<\/div>\n\t\t\t\t<div class=\"elementor-element elementor-element-4aca1bf elementor-widget elementor-widget-spacer\" data-id=\"4aca1bf\" data-element_type=\"widget\" data-e-type=\"widget\" data-widget_type=\"spacer.default\">\n\t\t\t\t<div class=\"elementor-widget-container\">\n\t\t\t\t\t\t\t<div class=\"elementor-spacer\">\n\t\t\t<div class=\"elementor-spacer-inner\"><\/div>\n\t\t<\/div>\n\t\t\t\t\t\t<\/div>\n\t\t\t\t<\/div>\n\t\t\t\t\t<\/div>\n\t\t<\/div>\n\t\t\t\t\t<\/div>\n\t\t<\/section>\n\t\t\t\t<section class=\"elementor-section elementor-top-section elementor-element elementor-element-0627159 elementor-section-full_width elementor-section-height-default elementor-section-height-default qodef-elementor-content-no\" data-id=\"0627159\" data-element_type=\"section\" data-e-type=\"section\">\n\t\t\t\t\t\t<div class=\"elementor-container elementor-column-gap-default\">\n\t\t\t\t\t<div class=\"elementor-column elementor-col-100 elementor-top-column elementor-element elementor-element-713192c\" data-id=\"713192c\" data-element_type=\"column\" data-e-type=\"column\">\n\t\t\t<div class=\"elementor-widget-wrap elementor-element-populated\">\n\t\t\t\t\t\t<div class=\"elementor-element elementor-element-b64e48f elementor-widget elementor-widget-spacer\" data-id=\"b64e48f\" data-element_type=\"widget\" data-e-type=\"widget\" data-widget_type=\"spacer.default\">\n\t\t\t\t<div class=\"elementor-widget-container\">\n\t\t\t\t\t\t\t<div class=\"elementor-spacer\">\n\t\t\t<div class=\"elementor-spacer-inner\"><\/div>\n\t\t<\/div>\n\t\t\t\t\t\t<\/div>\n\t\t\t\t<\/div>\n\t\t\t\t<div class=\"elementor-element elementor-element-41dd195 elementor-widget elementor-widget-spacer\" data-id=\"41dd195\" data-element_type=\"widget\" data-e-type=\"widget\" data-widget_type=\"spacer.default\">\n\t\t\t\t<div class=\"elementor-widget-container\">\n\t\t\t\t\t\t\t<div class=\"elementor-spacer\">\n\t\t\t<div class=\"elementor-spacer-inner\"><\/div>\n\t\t<\/div>\n\t\t\t\t\t\t<\/div>\n\t\t\t\t<\/div>\n\t\t\t\t\t<\/div>\n\t\t<\/div>\n\t\t\t\t\t<\/div>\n\t\t<\/section>\n\t\t\t\t<\/div>\n\t\t","protected":false},"excerpt":{"rendered":"<p>Transaction Accelerator Mit dem Produkt \u2018Transaction Accelerator\u2019 stehen Ihnen neue M\u00f6glichkeiten offen. Wo klassisch konfigurierte Systeme zu Leistungsengp\u00e4ssen f\u00fchren, beispielsweise im Bereich des NRDM (Near-Realtime Data Management), hilft Ihnen der inSky Transaction Accelerator weiter. inSky liefert ihnen hier die M\u00f6glichkeit, Ihre Anforderungen in einem In-Memory-Datenbanksystem abzuwickeln. Die Vorteile f\u00fcr Sie liegen auf der Hand: Bei [&hellip;]<\/p>\n","protected":false},"author":1,"featured_media":0,"parent":5994,"menu_order":0,"comment_status":"closed","ping_status":"closed","template":"page-full-width.php","meta":{"footnotes":""},"class_list":["post-6164","page","type-page","status-publish","hentry"],"yoast_head":"<!-- This site is optimized with the Yoast SEO plugin v27.5 - https:\/\/yoast.com\/product\/yoast-seo-wordpress\/ -->\n<title>Transaction Accelerator - inSky GmbH<\/title>\n<meta name=\"robots\" content=\"index, follow, max-snippet:-1, max-image-preview:large, max-video-preview:-1\" \/>\n<link rel=\"canonical\" href=\"https:\/\/www.insky-europe.de\/de\/produkte\/transaction-accelerator\/\" \/>\n<meta property=\"og:locale\" content=\"de_DE\" \/>\n<meta property=\"og:type\" content=\"article\" \/>\n<meta property=\"og:title\" content=\"Transaction Accelerator - inSky GmbH\" \/>\n<meta property=\"og:description\" content=\"Transaction Accelerator Mit dem Produkt \u2018Transaction Accelerator\u2019 stehen Ihnen neue M\u00f6glichkeiten offen. Wo klassisch konfigurierte Systeme zu Leistungsengp\u00e4ssen f\u00fchren, beispielsweise im Bereich des NRDM (Near-Realtime Data Management), hilft Ihnen der inSky Transaction Accelerator weiter. inSky liefert ihnen hier die M\u00f6glichkeit, Ihre Anforderungen in einem In-Memory-Datenbanksystem abzuwickeln. Die Vorteile f\u00fcr Sie liegen auf der Hand: Bei [&hellip;]\" \/>\n<meta property=\"og:url\" content=\"https:\/\/www.insky-europe.de\/de\/produkte\/transaction-accelerator\/\" \/>\n<meta property=\"og:site_name\" content=\"inSky GmbH\" \/>\n<meta property=\"article:modified_time\" content=\"2022-02-22T09:28:55+00:00\" \/>\n<meta property=\"og:image\" content=\"https:\/\/www.insky-europe.de\/wp-content\/uploads\/2021\/02\/industrie_datenbank_2.png\" \/>\n<meta name=\"twitter:card\" content=\"summary_large_image\" \/>\n<meta name=\"twitter:label1\" content=\"Gesch\u00e4tzte Lesezeit\" \/>\n\t<meta name=\"twitter:data1\" content=\"3\u00a0Minuten\" \/>\n<script type=\"application\/ld+json\" class=\"yoast-schema-graph\">{\"@context\":\"https:\\\/\\\/schema.org\",\"@graph\":[{\"@type\":\"WebPage\",\"@id\":\"https:\\\/\\\/www.insky-europe.de\\\/produkte\\\/transaction-accelerator\\\/\",\"url\":\"https:\\\/\\\/www.insky-europe.de\\\/produkte\\\/transaction-accelerator\\\/\",\"name\":\"Transaction Accelerator - inSky GmbH\",\"isPartOf\":{\"@id\":\"https:\\\/\\\/www.insky-europe.de\\\/de\\\/#website\"},\"primaryImageOfPage\":{\"@id\":\"https:\\\/\\\/www.insky-europe.de\\\/produkte\\\/transaction-accelerator\\\/#primaryimage\"},\"image\":{\"@id\":\"https:\\\/\\\/www.insky-europe.de\\\/produkte\\\/transaction-accelerator\\\/#primaryimage\"},\"thumbnailUrl\":\"https:\\\/\\\/www.insky-europe.de\\\/wp-content\\\/uploads\\\/2021\\\/02\\\/industrie_datenbank_2.png\",\"datePublished\":\"2021-02-05T19:02:13+00:00\",\"dateModified\":\"2022-02-22T09:28:55+00:00\",\"breadcrumb\":{\"@id\":\"https:\\\/\\\/www.insky-europe.de\\\/produkte\\\/transaction-accelerator\\\/#breadcrumb\"},\"inLanguage\":\"de\",\"potentialAction\":[{\"@type\":\"ReadAction\",\"target\":[\"https:\\\/\\\/www.insky-europe.de\\\/produkte\\\/transaction-accelerator\\\/\"]}]},{\"@type\":\"ImageObject\",\"inLanguage\":\"de\",\"@id\":\"https:\\\/\\\/www.insky-europe.de\\\/produkte\\\/transaction-accelerator\\\/#primaryimage\",\"url\":\"https:\\\/\\\/www.insky-europe.de\\\/wp-content\\\/uploads\\\/2021\\\/02\\\/industrie_datenbank_2.png\",\"contentUrl\":\"https:\\\/\\\/www.insky-europe.de\\\/wp-content\\\/uploads\\\/2021\\\/02\\\/industrie_datenbank_2.png\"},{\"@type\":\"BreadcrumbList\",\"@id\":\"https:\\\/\\\/www.insky-europe.de\\\/produkte\\\/transaction-accelerator\\\/#breadcrumb\",\"itemListElement\":[{\"@type\":\"ListItem\",\"position\":1,\"name\":\"Startseite\",\"item\":\"https:\\\/\\\/www.insky-europe.de\\\/\"},{\"@type\":\"ListItem\",\"position\":2,\"name\":\"Produkte\",\"item\":\"https:\\\/\\\/www.insky-europe.de\\\/produkte\\\/\"},{\"@type\":\"ListItem\",\"position\":3,\"name\":\"Transaction Accelerator\"}]},{\"@type\":\"WebSite\",\"@id\":\"https:\\\/\\\/www.insky-europe.de\\\/de\\\/#website\",\"url\":\"https:\\\/\\\/www.insky-europe.de\\\/de\\\/\",\"name\":\"inSky GmbH\",\"description\":\"inSky GmbH - ERP Daten und MaschinenCloud, Vernetzung, Automatisierung, Industrie 4.0, Siemens SPS, SaaS.\",\"publisher\":{\"@id\":\"https:\\\/\\\/www.insky-europe.de\\\/de\\\/#organization\"},\"potentialAction\":[{\"@type\":\"SearchAction\",\"target\":{\"@type\":\"EntryPoint\",\"urlTemplate\":\"https:\\\/\\\/www.insky-europe.de\\\/de\\\/?s={search_term_string}\"},\"query-input\":{\"@type\":\"PropertyValueSpecification\",\"valueRequired\":true,\"valueName\":\"search_term_string\"}}],\"inLanguage\":\"de\"},{\"@type\":\"Organization\",\"@id\":\"https:\\\/\\\/www.insky-europe.de\\\/de\\\/#organization\",\"name\":\"inSky GmbH\",\"url\":\"https:\\\/\\\/www.insky-europe.de\\\/de\\\/\",\"logo\":{\"@type\":\"ImageObject\",\"inLanguage\":\"de\",\"@id\":\"https:\\\/\\\/www.insky-europe.de\\\/de\\\/#\\\/schema\\\/logo\\\/image\\\/\",\"url\":\"https:\\\/\\\/www.insky-europe.de\\\/wp-content\\\/uploads\\\/2021\\\/02\\\/cropped-insky-logo512-1.png\",\"contentUrl\":\"https:\\\/\\\/www.insky-europe.de\\\/wp-content\\\/uploads\\\/2021\\\/02\\\/cropped-insky-logo512-1.png\",\"width\":512,\"height\":512,\"caption\":\"inSky GmbH\"},\"image\":{\"@id\":\"https:\\\/\\\/www.insky-europe.de\\\/de\\\/#\\\/schema\\\/logo\\\/image\\\/\"}}]}<\/script>\n<!-- \/ Yoast SEO plugin. -->","yoast_head_json":{"title":"Transaction Accelerator - inSky GmbH","robots":{"index":"index","follow":"follow","max-snippet":"max-snippet:-1","max-image-preview":"max-image-preview:large","max-video-preview":"max-video-preview:-1"},"canonical":"https:\/\/www.insky-europe.de\/de\/produkte\/transaction-accelerator\/","og_locale":"de_DE","og_type":"article","og_title":"Transaction Accelerator - inSky GmbH","og_description":"Transaction Accelerator Mit dem Produkt \u2018Transaction Accelerator\u2019 stehen Ihnen neue M\u00f6glichkeiten offen. Wo klassisch konfigurierte Systeme zu Leistungsengp\u00e4ssen f\u00fchren, beispielsweise im Bereich des NRDM (Near-Realtime Data Management), hilft Ihnen der inSky Transaction Accelerator weiter. inSky liefert ihnen hier die M\u00f6glichkeit, Ihre Anforderungen in einem In-Memory-Datenbanksystem abzuwickeln. Die Vorteile f\u00fcr Sie liegen auf der Hand: Bei [&hellip;]","og_url":"https:\/\/www.insky-europe.de\/de\/produkte\/transaction-accelerator\/","og_site_name":"inSky GmbH","article_modified_time":"2022-02-22T09:28:55+00:00","og_image":[{"url":"https:\/\/www.insky-europe.de\/wp-content\/uploads\/2021\/02\/industrie_datenbank_2.png","type":"","width":"","height":""}],"twitter_card":"summary_large_image","twitter_misc":{"Gesch\u00e4tzte Lesezeit":"3\u00a0Minuten"},"schema":{"@context":"https:\/\/schema.org","@graph":[{"@type":"WebPage","@id":"https:\/\/www.insky-europe.de\/produkte\/transaction-accelerator\/","url":"https:\/\/www.insky-europe.de\/produkte\/transaction-accelerator\/","name":"Transaction Accelerator - inSky GmbH","isPartOf":{"@id":"https:\/\/www.insky-europe.de\/de\/#website"},"primaryImageOfPage":{"@id":"https:\/\/www.insky-europe.de\/produkte\/transaction-accelerator\/#primaryimage"},"image":{"@id":"https:\/\/www.insky-europe.de\/produkte\/transaction-accelerator\/#primaryimage"},"thumbnailUrl":"https:\/\/www.insky-europe.de\/wp-content\/uploads\/2021\/02\/industrie_datenbank_2.png","datePublished":"2021-02-05T19:02:13+00:00","dateModified":"2022-02-22T09:28:55+00:00","breadcrumb":{"@id":"https:\/\/www.insky-europe.de\/produkte\/transaction-accelerator\/#breadcrumb"},"inLanguage":"de","potentialAction":[{"@type":"ReadAction","target":["https:\/\/www.insky-europe.de\/produkte\/transaction-accelerator\/"]}]},{"@type":"ImageObject","inLanguage":"de","@id":"https:\/\/www.insky-europe.de\/produkte\/transaction-accelerator\/#primaryimage","url":"https:\/\/www.insky-europe.de\/wp-content\/uploads\/2021\/02\/industrie_datenbank_2.png","contentUrl":"https:\/\/www.insky-europe.de\/wp-content\/uploads\/2021\/02\/industrie_datenbank_2.png"},{"@type":"BreadcrumbList","@id":"https:\/\/www.insky-europe.de\/produkte\/transaction-accelerator\/#breadcrumb","itemListElement":[{"@type":"ListItem","position":1,"name":"Startseite","item":"https:\/\/www.insky-europe.de\/"},{"@type":"ListItem","position":2,"name":"Produkte","item":"https:\/\/www.insky-europe.de\/produkte\/"},{"@type":"ListItem","position":3,"name":"Transaction Accelerator"}]},{"@type":"WebSite","@id":"https:\/\/www.insky-europe.de\/de\/#website","url":"https:\/\/www.insky-europe.de\/de\/","name":"inSky GmbH","description":"inSky GmbH - ERP Daten und MaschinenCloud, Vernetzung, Automatisierung, Industrie 4.0, Siemens SPS, SaaS.","publisher":{"@id":"https:\/\/www.insky-europe.de\/de\/#organization"},"potentialAction":[{"@type":"SearchAction","target":{"@type":"EntryPoint","urlTemplate":"https:\/\/www.insky-europe.de\/de\/?s={search_term_string}"},"query-input":{"@type":"PropertyValueSpecification","valueRequired":true,"valueName":"search_term_string"}}],"inLanguage":"de"},{"@type":"Organization","@id":"https:\/\/www.insky-europe.de\/de\/#organization","name":"inSky GmbH","url":"https:\/\/www.insky-europe.de\/de\/","logo":{"@type":"ImageObject","inLanguage":"de","@id":"https:\/\/www.insky-europe.de\/de\/#\/schema\/logo\/image\/","url":"https:\/\/www.insky-europe.de\/wp-content\/uploads\/2021\/02\/cropped-insky-logo512-1.png","contentUrl":"https:\/\/www.insky-europe.de\/wp-content\/uploads\/2021\/02\/cropped-insky-logo512-1.png","width":512,"height":512,"caption":"inSky GmbH"},"image":{"@id":"https:\/\/www.insky-europe.de\/de\/#\/schema\/logo\/image\/"}}]}},"_links":{"self":[{"href":"https:\/\/www.insky-europe.de\/de\/wp-json\/wp\/v2\/pages\/6164","targetHints":{"allow":["GET"]}}],"collection":[{"href":"https:\/\/www.insky-europe.de\/de\/wp-json\/wp\/v2\/pages"}],"about":[{"href":"https:\/\/www.insky-europe.de\/de\/wp-json\/wp\/v2\/types\/page"}],"author":[{"embeddable":true,"href":"https:\/\/www.insky-europe.de\/de\/wp-json\/wp\/v2\/users\/1"}],"replies":[{"embeddable":true,"href":"https:\/\/www.insky-europe.de\/de\/wp-json\/wp\/v2\/comments?post=6164"}],"version-history":[{"count":7,"href":"https:\/\/www.insky-europe.de\/de\/wp-json\/wp\/v2\/pages\/6164\/revisions"}],"predecessor-version":[{"id":8068,"href":"https:\/\/www.insky-europe.de\/de\/wp-json\/wp\/v2\/pages\/6164\/revisions\/8068"}],"up":[{"embeddable":true,"href":"https:\/\/www.insky-europe.de\/de\/wp-json\/wp\/v2\/pages\/5994"}],"wp:attachment":[{"href":"https:\/\/www.insky-europe.de\/de\/wp-json\/wp\/v2\/media?parent=6164"}],"curies":[{"name":"wp","href":"https:\/\/api.w.org\/{rel}","templated":true}]}}