{"id":5682,"date":"2021-02-04T18:32:55","date_gmt":"2021-02-04T17:32:55","guid":{"rendered":"https:\/\/www.insky-europe.de\/?page_id=5682"},"modified":"2021-02-05T19:29:25","modified_gmt":"2021-02-05T18:29:25","slug":"verbindung-von-erp-systemen-und-fertigungsanlagen","status":"publish","type":"page","link":"https:\/\/www.insky-europe.de\/de\/loesungen-uebersicht\/verbindung-von-erp-systemen-und-fertigungsanlagen\/","title":{"rendered":"Verbindung von ERP Systemen und Fertigungsanlagen"},"content":{"rendered":"\t\t<div data-elementor-type=\"wp-page\" data-elementor-id=\"5682\" class=\"elementor elementor-5682\" data-elementor-post-type=\"page\">\n\t\t\t\t\t\t<section class=\"elementor-section elementor-top-section elementor-element elementor-element-725754b qodef-elementor-content-grid elementor-section-boxed elementor-section-height-default elementor-section-height-default\" data-id=\"725754b\" data-element_type=\"section\" data-e-type=\"section\">\n\t\t\t\t\t\t<div class=\"elementor-container elementor-column-gap-default\">\n\t\t\t\t\t<div class=\"elementor-column elementor-col-100 elementor-top-column elementor-element elementor-element-c7d74a7\" data-id=\"c7d74a7\" data-element_type=\"column\" data-e-type=\"column\">\n\t\t\t<div class=\"elementor-widget-wrap elementor-element-populated\">\n\t\t\t\t\t\t<div class=\"elementor-element elementor-element-36a468f elementor-widget elementor-widget-image\" data-id=\"36a468f\" data-element_type=\"widget\" data-e-type=\"widget\" data-widget_type=\"image.default\">\n\t\t\t\t<div class=\"elementor-widget-container\">\n\t\t\t\t\t\t\t\t\t\t\t\t\t\t\t<img fetchpriority=\"high\" decoding=\"async\" width=\"250\" height=\"250\" src=\"https:\/\/www.insky-europe.de\/wp-content\/uploads\/2021\/02\/verbindungen-erpdaten.png\" class=\"attachment-large size-large wp-image-5687\" alt=\"verbindungen-erpdaten\" srcset=\"https:\/\/www.insky-europe.de\/wp-content\/uploads\/2021\/02\/verbindungen-erpdaten.png 250w, https:\/\/www.insky-europe.de\/wp-content\/uploads\/2021\/02\/verbindungen-erpdaten-150x150.png 150w, https:\/\/www.insky-europe.de\/wp-content\/uploads\/2021\/02\/verbindungen-erpdaten-82x82.png 82w, https:\/\/www.insky-europe.de\/wp-content\/uploads\/2021\/02\/verbindungen-erpdaten-100x100.png 100w\" sizes=\"(max-width: 250px) 100vw, 250px\" \/>\t\t\t\t\t\t\t\t\t\t\t\t\t\t\t<\/div>\n\t\t\t\t<\/div>\n\t\t\t\t<div class=\"elementor-element elementor-element-9c59c0f elementor-widget elementor-widget-text-editor\" data-id=\"9c59c0f\" data-element_type=\"widget\" data-e-type=\"widget\" data-widget_type=\"text-editor.default\">\n\t\t\t\t<div class=\"elementor-widget-container\">\n\t\t\t\t\t\t\t\t\t<div class=\"page_content_wrap scheme_default\"><div class=\"content_wrap\"><div class=\"content\"><article id=\"post-1893\" class=\"services_page itemscope post-1893 cpt_services type-cpt_services status-publish hentry cpt_services_group-insky_loesungen\"><section class=\"services_page_content entry-content\"><p>Sie wollen Fertigungsanlagen steuern und dabei Daten ihres ERP-Systems zur Laufzeit integrieren?<\/p><p>Steuern Sie das Verhalten Ihrer Fertigungsanlagen in Abh\u00e4ngigkeit\u00a0 von beispielsweise SKU, Fertigungsauftrag, Kunde oder \u00e4hnlichen Schl\u00fcsseln.<\/p><p>Wie? Indem Sie Ihre bestehenden Anlagen \u00fcber die <strong>inSky Services<\/strong> mit Ihrer ERP-Datenbank verbinden. Sie erhalten in den Anlagensteuerungen direkten Zugriff auf definierte Daten des ERP-Systems, ohne, dass der Steuerungstechniker sich Gedanken \u00fcber das Datenmodell oder Die Datenbankanbindung machen muss. All das erledigen die <strong>inSky Services<\/strong> f\u00fcr Sie.<\/p><p>Das m\u00fchsame pflegen von Parameterlisten, Rezepten oder manuelles Einstellen von Fertigungsanlagen geh\u00f6rt der Vergangenheit an.<\/p><\/section><\/article><\/div><\/div><\/div><footer class=\"footer_wrap footer_custom footer_custom_157 footer_custom_insky-footer scheme_dark\"><div class=\"vc_row wpb_row vc_row-fluid vc_custom_1528926803253 vc_row-has-fill sc_layouts_row sc_layouts_row_type_normal\"><div class=\"wpb_column vc_column_container vc_col-sm-12 sc_layouts_column_icons_position_left\"><div class=\"vc_column-inner \"><div class=\"wpb_wrapper\">\u00a0<\/div><\/div><\/div><\/div><\/footer>\t\t\t\t\t\t\t\t<\/div>\n\t\t\t\t<\/div>\n\t\t\t\t\t<\/div>\n\t\t<\/div>\n\t\t\t\t\t<\/div>\n\t\t<\/section>\n\t\t\t\t<\/div>\n\t\t","protected":false},"excerpt":{"rendered":"<p>Sie wollen Fertigungsanlagen steuern und dabei Daten ihres ERP-Systems zur Laufzeit integrieren? Steuern Sie das Verhalten Ihrer Fertigungsanlagen in Abh\u00e4ngigkeit&nbsp; von beispielsweise SKU, Fertigungsauftrag, Kunde oder \u00e4hnlichen Schl\u00fcsseln. Wie? Indem Sie Ihre bestehenden Anlagen \u00fcber die inSky Services mit Ihrer ERP-Datenbank verbinden. Sie erhalten in den Anlagensteuerungen direkten Zugriff auf definierte Daten des ERP-Systems, ohne, [&hellip;]<\/p>\n","protected":false},"author":1,"featured_media":0,"parent":5410,"menu_order":0,"comment_status":"closed","ping_status":"closed","template":"page-full-width.php","meta":{"footnotes":""},"class_list":["post-5682","page","type-page","status-publish","hentry"],"yoast_head":"<!-- This site is optimized with the Yoast SEO plugin v27.5 - https:\/\/yoast.com\/product\/yoast-seo-wordpress\/ -->\n<title>Verbindung von ERP Systemen und Fertigungsanlagen - inSky GmbH<\/title>\n<meta name=\"robots\" content=\"index, follow, max-snippet:-1, max-image-preview:large, max-video-preview:-1\" \/>\n<link rel=\"canonical\" href=\"https:\/\/www.insky-europe.de\/de\/loesungen-uebersicht\/verbindung-von-erp-systemen-und-fertigungsanlagen\/\" \/>\n<meta property=\"og:locale\" content=\"de_DE\" \/>\n<meta property=\"og:type\" content=\"article\" \/>\n<meta property=\"og:title\" content=\"Verbindung von ERP Systemen und Fertigungsanlagen - inSky GmbH\" \/>\n<meta property=\"og:description\" content=\"Sie wollen Fertigungsanlagen steuern und dabei Daten ihres ERP-Systems zur Laufzeit integrieren? Steuern Sie das Verhalten Ihrer Fertigungsanlagen in Abh\u00e4ngigkeit&nbsp; von beispielsweise SKU, Fertigungsauftrag, Kunde oder \u00e4hnlichen Schl\u00fcsseln. Wie? Indem Sie Ihre bestehenden Anlagen \u00fcber die inSky Services mit Ihrer ERP-Datenbank verbinden. Sie erhalten in den Anlagensteuerungen direkten Zugriff auf definierte Daten des ERP-Systems, ohne, [&hellip;]\" \/>\n<meta property=\"og:url\" content=\"https:\/\/www.insky-europe.de\/de\/loesungen-uebersicht\/verbindung-von-erp-systemen-und-fertigungsanlagen\/\" \/>\n<meta property=\"og:site_name\" content=\"inSky GmbH\" \/>\n<meta property=\"article:modified_time\" content=\"2021-02-05T18:29:25+00:00\" \/>\n<meta property=\"og:image\" content=\"https:\/\/www.insky-europe.de\/wp-content\/uploads\/2021\/02\/verbindungen-erpdaten.png\" \/>\n<meta name=\"twitter:card\" content=\"summary_large_image\" \/>\n<script type=\"application\/ld+json\" class=\"yoast-schema-graph\">{\"@context\":\"https:\\\/\\\/schema.org\",\"@graph\":[{\"@type\":\"WebPage\",\"@id\":\"https:\\\/\\\/www.insky-europe.de\\\/loesungen-uebersicht\\\/verbindung-von-erp-systemen-und-fertigungsanlagen\\\/\",\"url\":\"https:\\\/\\\/www.insky-europe.de\\\/loesungen-uebersicht\\\/verbindung-von-erp-systemen-und-fertigungsanlagen\\\/\",\"name\":\"Verbindung von ERP Systemen und Fertigungsanlagen - inSky GmbH\",\"isPartOf\":{\"@id\":\"https:\\\/\\\/www.insky-europe.de\\\/de\\\/#website\"},\"primaryImageOfPage\":{\"@id\":\"https:\\\/\\\/www.insky-europe.de\\\/loesungen-uebersicht\\\/verbindung-von-erp-systemen-und-fertigungsanlagen\\\/#primaryimage\"},\"image\":{\"@id\":\"https:\\\/\\\/www.insky-europe.de\\\/loesungen-uebersicht\\\/verbindung-von-erp-systemen-und-fertigungsanlagen\\\/#primaryimage\"},\"thumbnailUrl\":\"https:\\\/\\\/www.insky-europe.de\\\/wp-content\\\/uploads\\\/2021\\\/02\\\/verbindungen-erpdaten.png\",\"datePublished\":\"2021-02-04T17:32:55+00:00\",\"dateModified\":\"2021-02-05T18:29:25+00:00\",\"breadcrumb\":{\"@id\":\"https:\\\/\\\/www.insky-europe.de\\\/loesungen-uebersicht\\\/verbindung-von-erp-systemen-und-fertigungsanlagen\\\/#breadcrumb\"},\"inLanguage\":\"de\",\"potentialAction\":[{\"@type\":\"ReadAction\",\"target\":[\"https:\\\/\\\/www.insky-europe.de\\\/loesungen-uebersicht\\\/verbindung-von-erp-systemen-und-fertigungsanlagen\\\/\"]}]},{\"@type\":\"ImageObject\",\"inLanguage\":\"de\",\"@id\":\"https:\\\/\\\/www.insky-europe.de\\\/loesungen-uebersicht\\\/verbindung-von-erp-systemen-und-fertigungsanlagen\\\/#primaryimage\",\"url\":\"https:\\\/\\\/www.insky-europe.de\\\/wp-content\\\/uploads\\\/2021\\\/02\\\/verbindungen-erpdaten.png\",\"contentUrl\":\"https:\\\/\\\/www.insky-europe.de\\\/wp-content\\\/uploads\\\/2021\\\/02\\\/verbindungen-erpdaten.png\"},{\"@type\":\"BreadcrumbList\",\"@id\":\"https:\\\/\\\/www.insky-europe.de\\\/loesungen-uebersicht\\\/verbindung-von-erp-systemen-und-fertigungsanlagen\\\/#breadcrumb\",\"itemListElement\":[{\"@type\":\"ListItem\",\"position\":1,\"name\":\"Startseite\",\"item\":\"https:\\\/\\\/www.insky-europe.de\\\/\"},{\"@type\":\"ListItem\",\"position\":2,\"name\":\"L\u00f6sungen &#8211; \u00dcbersicht\",\"item\":\"https:\\\/\\\/www.insky-europe.de\\\/loesungen-uebersicht\\\/\"},{\"@type\":\"ListItem\",\"position\":3,\"name\":\"Verbindung von ERP Systemen und Fertigungsanlagen\"}]},{\"@type\":\"WebSite\",\"@id\":\"https:\\\/\\\/www.insky-europe.de\\\/de\\\/#website\",\"url\":\"https:\\\/\\\/www.insky-europe.de\\\/de\\\/\",\"name\":\"inSky GmbH\",\"description\":\"inSky GmbH - ERP Daten und MaschinenCloud, Vernetzung, Automatisierung, Industrie 4.0, Siemens SPS, SaaS.\",\"publisher\":{\"@id\":\"https:\\\/\\\/www.insky-europe.de\\\/de\\\/#organization\"},\"potentialAction\":[{\"@type\":\"SearchAction\",\"target\":{\"@type\":\"EntryPoint\",\"urlTemplate\":\"https:\\\/\\\/www.insky-europe.de\\\/de\\\/?s={search_term_string}\"},\"query-input\":{\"@type\":\"PropertyValueSpecification\",\"valueRequired\":true,\"valueName\":\"search_term_string\"}}],\"inLanguage\":\"de\"},{\"@type\":\"Organization\",\"@id\":\"https:\\\/\\\/www.insky-europe.de\\\/de\\\/#organization\",\"name\":\"inSky GmbH\",\"url\":\"https:\\\/\\\/www.insky-europe.de\\\/de\\\/\",\"logo\":{\"@type\":\"ImageObject\",\"inLanguage\":\"de\",\"@id\":\"https:\\\/\\\/www.insky-europe.de\\\/de\\\/#\\\/schema\\\/logo\\\/image\\\/\",\"url\":\"https:\\\/\\\/www.insky-europe.de\\\/wp-content\\\/uploads\\\/2021\\\/02\\\/cropped-insky-logo512-1.png\",\"contentUrl\":\"https:\\\/\\\/www.insky-europe.de\\\/wp-content\\\/uploads\\\/2021\\\/02\\\/cropped-insky-logo512-1.png\",\"width\":512,\"height\":512,\"caption\":\"inSky GmbH\"},\"image\":{\"@id\":\"https:\\\/\\\/www.insky-europe.de\\\/de\\\/#\\\/schema\\\/logo\\\/image\\\/\"}}]}<\/script>\n<!-- \/ Yoast SEO plugin. -->","yoast_head_json":{"title":"Verbindung von ERP Systemen und Fertigungsanlagen - inSky GmbH","robots":{"index":"index","follow":"follow","max-snippet":"max-snippet:-1","max-image-preview":"max-image-preview:large","max-video-preview":"max-video-preview:-1"},"canonical":"https:\/\/www.insky-europe.de\/de\/loesungen-uebersicht\/verbindung-von-erp-systemen-und-fertigungsanlagen\/","og_locale":"de_DE","og_type":"article","og_title":"Verbindung von ERP Systemen und Fertigungsanlagen - inSky GmbH","og_description":"Sie wollen Fertigungsanlagen steuern und dabei Daten ihres ERP-Systems zur Laufzeit integrieren? Steuern Sie das Verhalten Ihrer Fertigungsanlagen in Abh\u00e4ngigkeit&nbsp; von beispielsweise SKU, Fertigungsauftrag, Kunde oder \u00e4hnlichen Schl\u00fcsseln. Wie? Indem Sie Ihre bestehenden Anlagen \u00fcber die inSky Services mit Ihrer ERP-Datenbank verbinden. Sie erhalten in den Anlagensteuerungen direkten Zugriff auf definierte Daten des ERP-Systems, ohne, [&hellip;]","og_url":"https:\/\/www.insky-europe.de\/de\/loesungen-uebersicht\/verbindung-von-erp-systemen-und-fertigungsanlagen\/","og_site_name":"inSky GmbH","article_modified_time":"2021-02-05T18:29:25+00:00","og_image":[{"url":"https:\/\/www.insky-europe.de\/wp-content\/uploads\/2021\/02\/verbindungen-erpdaten.png","type":"","width":"","height":""}],"twitter_card":"summary_large_image","schema":{"@context":"https:\/\/schema.org","@graph":[{"@type":"WebPage","@id":"https:\/\/www.insky-europe.de\/loesungen-uebersicht\/verbindung-von-erp-systemen-und-fertigungsanlagen\/","url":"https:\/\/www.insky-europe.de\/loesungen-uebersicht\/verbindung-von-erp-systemen-und-fertigungsanlagen\/","name":"Verbindung von ERP Systemen und Fertigungsanlagen - inSky GmbH","isPartOf":{"@id":"https:\/\/www.insky-europe.de\/de\/#website"},"primaryImageOfPage":{"@id":"https:\/\/www.insky-europe.de\/loesungen-uebersicht\/verbindung-von-erp-systemen-und-fertigungsanlagen\/#primaryimage"},"image":{"@id":"https:\/\/www.insky-europe.de\/loesungen-uebersicht\/verbindung-von-erp-systemen-und-fertigungsanlagen\/#primaryimage"},"thumbnailUrl":"https:\/\/www.insky-europe.de\/wp-content\/uploads\/2021\/02\/verbindungen-erpdaten.png","datePublished":"2021-02-04T17:32:55+00:00","dateModified":"2021-02-05T18:29:25+00:00","breadcrumb":{"@id":"https:\/\/www.insky-europe.de\/loesungen-uebersicht\/verbindung-von-erp-systemen-und-fertigungsanlagen\/#breadcrumb"},"inLanguage":"de","potentialAction":[{"@type":"ReadAction","target":["https:\/\/www.insky-europe.de\/loesungen-uebersicht\/verbindung-von-erp-systemen-und-fertigungsanlagen\/"]}]},{"@type":"ImageObject","inLanguage":"de","@id":"https:\/\/www.insky-europe.de\/loesungen-uebersicht\/verbindung-von-erp-systemen-und-fertigungsanlagen\/#primaryimage","url":"https:\/\/www.insky-europe.de\/wp-content\/uploads\/2021\/02\/verbindungen-erpdaten.png","contentUrl":"https:\/\/www.insky-europe.de\/wp-content\/uploads\/2021\/02\/verbindungen-erpdaten.png"},{"@type":"BreadcrumbList","@id":"https:\/\/www.insky-europe.de\/loesungen-uebersicht\/verbindung-von-erp-systemen-und-fertigungsanlagen\/#breadcrumb","itemListElement":[{"@type":"ListItem","position":1,"name":"Startseite","item":"https:\/\/www.insky-europe.de\/"},{"@type":"ListItem","position":2,"name":"L\u00f6sungen &#8211; \u00dcbersicht","item":"https:\/\/www.insky-europe.de\/loesungen-uebersicht\/"},{"@type":"ListItem","position":3,"name":"Verbindung von ERP Systemen und Fertigungsanlagen"}]},{"@type":"WebSite","@id":"https:\/\/www.insky-europe.de\/de\/#website","url":"https:\/\/www.insky-europe.de\/de\/","name":"inSky GmbH","description":"inSky GmbH - ERP Daten und MaschinenCloud, Vernetzung, Automatisierung, Industrie 4.0, Siemens SPS, SaaS.","publisher":{"@id":"https:\/\/www.insky-europe.de\/de\/#organization"},"potentialAction":[{"@type":"SearchAction","target":{"@type":"EntryPoint","urlTemplate":"https:\/\/www.insky-europe.de\/de\/?s={search_term_string}"},"query-input":{"@type":"PropertyValueSpecification","valueRequired":true,"valueName":"search_term_string"}}],"inLanguage":"de"},{"@type":"Organization","@id":"https:\/\/www.insky-europe.de\/de\/#organization","name":"inSky GmbH","url":"https:\/\/www.insky-europe.de\/de\/","logo":{"@type":"ImageObject","inLanguage":"de","@id":"https:\/\/www.insky-europe.de\/de\/#\/schema\/logo\/image\/","url":"https:\/\/www.insky-europe.de\/wp-content\/uploads\/2021\/02\/cropped-insky-logo512-1.png","contentUrl":"https:\/\/www.insky-europe.de\/wp-content\/uploads\/2021\/02\/cropped-insky-logo512-1.png","width":512,"height":512,"caption":"inSky GmbH"},"image":{"@id":"https:\/\/www.insky-europe.de\/de\/#\/schema\/logo\/image\/"}}]}},"_links":{"self":[{"href":"https:\/\/www.insky-europe.de\/de\/wp-json\/wp\/v2\/pages\/5682","targetHints":{"allow":["GET"]}}],"collection":[{"href":"https:\/\/www.insky-europe.de\/de\/wp-json\/wp\/v2\/pages"}],"about":[{"href":"https:\/\/www.insky-europe.de\/de\/wp-json\/wp\/v2\/types\/page"}],"author":[{"embeddable":true,"href":"https:\/\/www.insky-europe.de\/de\/wp-json\/wp\/v2\/users\/1"}],"replies":[{"embeddable":true,"href":"https:\/\/www.insky-europe.de\/de\/wp-json\/wp\/v2\/comments?post=5682"}],"version-history":[{"count":0,"href":"https:\/\/www.insky-europe.de\/de\/wp-json\/wp\/v2\/pages\/5682\/revisions"}],"up":[{"embeddable":true,"href":"https:\/\/www.insky-europe.de\/de\/wp-json\/wp\/v2\/pages\/5410"}],"wp:attachment":[{"href":"https:\/\/www.insky-europe.de\/de\/wp-json\/wp\/v2\/media?parent=5682"}],"curies":[{"name":"wp","href":"https:\/\/api.w.org\/{rel}","templated":true}]}}