{"id":5623,"date":"2021-02-04T17:03:12","date_gmt":"2021-02-04T16:03:12","guid":{"rendered":"https:\/\/www.insky-europe.de\/?page_id=5623"},"modified":"2021-02-05T19:27:32","modified_gmt":"2021-02-05T18:27:32","slug":"bde-mde-erfassung","status":"publish","type":"page","link":"https:\/\/www.insky-europe.de\/de\/loesungen-uebersicht\/bde-mde-erfassung\/","title":{"rendered":"BDE\/MDE Erfassung"},"content":{"rendered":"\t\t<div data-elementor-type=\"wp-page\" data-elementor-id=\"5623\" class=\"elementor elementor-5623\" data-elementor-post-type=\"page\">\n\t\t\t\t\t\t<section class=\"elementor-section elementor-top-section elementor-element elementor-element-725754b qodef-elementor-content-grid elementor-section-boxed elementor-section-height-default elementor-section-height-default\" data-id=\"725754b\" data-element_type=\"section\" data-e-type=\"section\">\n\t\t\t\t\t\t<div class=\"elementor-container elementor-column-gap-default\">\n\t\t\t\t\t<div class=\"elementor-column elementor-col-100 elementor-top-column elementor-element elementor-element-c7d74a7\" data-id=\"c7d74a7\" data-element_type=\"column\" data-e-type=\"column\">\n\t\t\t<div class=\"elementor-widget-wrap elementor-element-populated\">\n\t\t\t\t\t\t<div class=\"elementor-element elementor-element-36a468f elementor-widget elementor-widget-image\" data-id=\"36a468f\" data-element_type=\"widget\" data-e-type=\"widget\" data-widget_type=\"image.default\">\n\t\t\t\t<div class=\"elementor-widget-container\">\n\t\t\t\t\t\t\t\t\t\t\t\t\t\t\t<img fetchpriority=\"high\" decoding=\"async\" width=\"250\" height=\"250\" src=\"https:\/\/www.insky-europe.de\/wp-content\/uploads\/2021\/02\/bde_erfassung.png\" class=\"attachment-large size-large wp-image-5437\" alt=\"bde_erfassung\" srcset=\"https:\/\/www.insky-europe.de\/wp-content\/uploads\/2021\/02\/bde_erfassung.png 250w, https:\/\/www.insky-europe.de\/wp-content\/uploads\/2021\/02\/bde_erfassung-100x100.png 100w, https:\/\/www.insky-europe.de\/wp-content\/uploads\/2021\/02\/bde_erfassung-150x150.png 150w, https:\/\/www.insky-europe.de\/wp-content\/uploads\/2021\/02\/bde_erfassung-82x82.png 82w\" sizes=\"(max-width: 250px) 100vw, 250px\" \/>\t\t\t\t\t\t\t\t\t\t\t\t\t\t\t<\/div>\n\t\t\t\t<\/div>\n\t\t\t\t<div class=\"elementor-element elementor-element-9c59c0f elementor-widget elementor-widget-text-editor\" data-id=\"9c59c0f\" data-element_type=\"widget\" data-e-type=\"widget\" data-widget_type=\"text-editor.default\">\n\t\t\t\t<div class=\"elementor-widget-container\">\n\t\t\t\t\t\t\t\t\t<div class=\"page_content_wrap scheme_default\"><div class=\"content_wrap\"><div class=\"content\"><article id=\"post-1897\" class=\"services_page itemscope post-1897 cpt_services type-cpt_services status-publish hentry cpt_services_group-insky_automatisierung cpt_services_group-insky_loesungen cpt_services_group-insky_transaktionen\"><section class=\"services_page_content entry-content\"><p>Sie wollen Verf\u00fcgbarkeiten oder Stillstandszeiten Ihrer Fertigungsanlagen erfassen? Scheuen aber die Investition in aufw\u00e4ndige BDE\/MDE-Systeme?<\/p><p>Oder Sie haben Fertigungsanlagen, welche \u00fcber gut ausgebaute Maschinensteuerungen verf\u00fcgen und wollen deren Daten an einem gemeinsamen Ort strukturiert speichern, um sie dann auswerten zu k\u00f6nnen?<\/p><p><strong>inSky<\/strong> hat hier die L\u00f6sungen f\u00fcr Sie. Die <strong>inSky Service<\/strong>s sind in der Lage, Daten von angebundenen Maschinen und Anlagen regelbasiert in Datenbanken zu speichern, das alles, ohne dass sich Ihre Steuerungstechnik mit den Fragen der Datenhaltung, der Datenbankanbindung etc. auseinandersetzen muss. Es gen\u00fcgt, entweder ein Standard-Datenmodell zu w\u00e4hlen oder aber eines f\u00fcr Ihre Anforderungen zu definieren. Basierend darauf ist Ihre Steuerungstechnik dann in der Lage, in der ihr bekannten Welt Daten aus den Maschinensteuerungen an die <strong>inSky Services<\/strong> zu \u00fcbergeben. Hier werden die Daten noch bei Bedarf plausibilitiert, angereichert mit ERP-Daten oder anderen Inhalten und dann in einer Ihrer Datenbanken zur Verf\u00fcgung gestellt.<\/p><p>Die Strukturierten Daten aus Ihren Anlagen stehen Ihnen dann zur weiteren Auswertung und visualisierung mit einem beliebigen BI Werkzeug zur Verf\u00fcgung.<\/p><\/section><\/article><\/div><\/div><\/div><footer class=\"footer_wrap footer_custom footer_custom_157 footer_custom_insky-footer scheme_dark\"><div class=\"vc_row wpb_row vc_row-fluid vc_custom_1528926803253 vc_row-has-fill sc_layouts_row sc_layouts_row_type_normal\"><div class=\"wpb_column vc_column_container vc_col-sm-12 sc_layouts_column_icons_position_left\"><div class=\"vc_column-inner \"><div class=\"wpb_wrapper\">\u00a0<\/div><\/div><\/div><\/div><\/footer>\t\t\t\t\t\t\t\t<\/div>\n\t\t\t\t<\/div>\n\t\t\t\t\t<\/div>\n\t\t<\/div>\n\t\t\t\t\t<\/div>\n\t\t<\/section>\n\t\t\t\t<\/div>\n\t\t","protected":false},"excerpt":{"rendered":"<p>Sie wollen Verf\u00fcgbarkeiten oder Stillstandszeiten Ihrer Fertigungsanlagen erfassen? Scheuen aber die Investition in aufw\u00e4ndige BDE\/MDE-Systeme? Oder Sie haben Fertigungsanlagen, welche \u00fcber gut ausgebaute Maschinensteuerungen verf\u00fcgen und wollen deren Daten an einem gemeinsamen Ort strukturiert speichern, um sie dann auswerten zu k\u00f6nnen? inSky hat hier die L\u00f6sungen f\u00fcr Sie. Die inSky Services sind in der Lage, [&hellip;]<\/p>\n","protected":false},"author":1,"featured_media":0,"parent":5410,"menu_order":0,"comment_status":"closed","ping_status":"closed","template":"page-full-width.php","meta":{"footnotes":""},"class_list":["post-5623","page","type-page","status-publish","hentry"],"yoast_head":"<!-- This site is optimized with the Yoast SEO plugin v27.5 - https:\/\/yoast.com\/product\/yoast-seo-wordpress\/ -->\n<title>BDE\/MDE Erfassung - inSky GmbH<\/title>\n<meta name=\"robots\" content=\"index, follow, max-snippet:-1, max-image-preview:large, max-video-preview:-1\" \/>\n<link rel=\"canonical\" href=\"https:\/\/www.insky-europe.de\/de\/loesungen-uebersicht\/bde-mde-erfassung\/\" \/>\n<meta property=\"og:locale\" content=\"de_DE\" \/>\n<meta property=\"og:type\" content=\"article\" \/>\n<meta property=\"og:title\" content=\"BDE\/MDE Erfassung - inSky GmbH\" \/>\n<meta property=\"og:description\" content=\"Sie wollen Verf\u00fcgbarkeiten oder Stillstandszeiten Ihrer Fertigungsanlagen erfassen? Scheuen aber die Investition in aufw\u00e4ndige BDE\/MDE-Systeme? Oder Sie haben Fertigungsanlagen, welche \u00fcber gut ausgebaute Maschinensteuerungen verf\u00fcgen und wollen deren Daten an einem gemeinsamen Ort strukturiert speichern, um sie dann auswerten zu k\u00f6nnen? inSky hat hier die L\u00f6sungen f\u00fcr Sie. Die inSky Services sind in der Lage, [&hellip;]\" \/>\n<meta property=\"og:url\" content=\"https:\/\/www.insky-europe.de\/de\/loesungen-uebersicht\/bde-mde-erfassung\/\" \/>\n<meta property=\"og:site_name\" content=\"inSky GmbH\" \/>\n<meta property=\"article:modified_time\" content=\"2021-02-05T18:27:32+00:00\" \/>\n<meta property=\"og:image\" content=\"https:\/\/www.insky-europe.de\/wp-content\/uploads\/2021\/02\/bde_erfassung.png\" \/>\n<meta name=\"twitter:card\" content=\"summary_large_image\" \/>\n<meta name=\"twitter:label1\" content=\"Gesch\u00e4tzte Lesezeit\" \/>\n\t<meta name=\"twitter:data1\" content=\"1\u00a0Minute\" \/>\n<script type=\"application\/ld+json\" class=\"yoast-schema-graph\">{\"@context\":\"https:\\\/\\\/schema.org\",\"@graph\":[{\"@type\":\"WebPage\",\"@id\":\"https:\\\/\\\/www.insky-europe.de\\\/loesungen-uebersicht\\\/bde-mde-erfassung\\\/\",\"url\":\"https:\\\/\\\/www.insky-europe.de\\\/loesungen-uebersicht\\\/bde-mde-erfassung\\\/\",\"name\":\"BDE\\\/MDE Erfassung - inSky GmbH\",\"isPartOf\":{\"@id\":\"https:\\\/\\\/www.insky-europe.de\\\/de\\\/#website\"},\"primaryImageOfPage\":{\"@id\":\"https:\\\/\\\/www.insky-europe.de\\\/loesungen-uebersicht\\\/bde-mde-erfassung\\\/#primaryimage\"},\"image\":{\"@id\":\"https:\\\/\\\/www.insky-europe.de\\\/loesungen-uebersicht\\\/bde-mde-erfassung\\\/#primaryimage\"},\"thumbnailUrl\":\"https:\\\/\\\/www.insky-europe.de\\\/wp-content\\\/uploads\\\/2021\\\/02\\\/bde_erfassung.png\",\"datePublished\":\"2021-02-04T16:03:12+00:00\",\"dateModified\":\"2021-02-05T18:27:32+00:00\",\"breadcrumb\":{\"@id\":\"https:\\\/\\\/www.insky-europe.de\\\/loesungen-uebersicht\\\/bde-mde-erfassung\\\/#breadcrumb\"},\"inLanguage\":\"de\",\"potentialAction\":[{\"@type\":\"ReadAction\",\"target\":[\"https:\\\/\\\/www.insky-europe.de\\\/loesungen-uebersicht\\\/bde-mde-erfassung\\\/\"]}]},{\"@type\":\"ImageObject\",\"inLanguage\":\"de\",\"@id\":\"https:\\\/\\\/www.insky-europe.de\\\/loesungen-uebersicht\\\/bde-mde-erfassung\\\/#primaryimage\",\"url\":\"https:\\\/\\\/www.insky-europe.de\\\/wp-content\\\/uploads\\\/2021\\\/02\\\/bde_erfassung.png\",\"contentUrl\":\"https:\\\/\\\/www.insky-europe.de\\\/wp-content\\\/uploads\\\/2021\\\/02\\\/bde_erfassung.png\"},{\"@type\":\"BreadcrumbList\",\"@id\":\"https:\\\/\\\/www.insky-europe.de\\\/loesungen-uebersicht\\\/bde-mde-erfassung\\\/#breadcrumb\",\"itemListElement\":[{\"@type\":\"ListItem\",\"position\":1,\"name\":\"Startseite\",\"item\":\"https:\\\/\\\/www.insky-europe.de\\\/\"},{\"@type\":\"ListItem\",\"position\":2,\"name\":\"L\u00f6sungen &#8211; \u00dcbersicht\",\"item\":\"https:\\\/\\\/www.insky-europe.de\\\/loesungen-uebersicht\\\/\"},{\"@type\":\"ListItem\",\"position\":3,\"name\":\"BDE\\\/MDE Erfassung\"}]},{\"@type\":\"WebSite\",\"@id\":\"https:\\\/\\\/www.insky-europe.de\\\/de\\\/#website\",\"url\":\"https:\\\/\\\/www.insky-europe.de\\\/de\\\/\",\"name\":\"inSky GmbH\",\"description\":\"inSky GmbH - ERP Daten und MaschinenCloud, Vernetzung, Automatisierung, Industrie 4.0, Siemens SPS, SaaS.\",\"publisher\":{\"@id\":\"https:\\\/\\\/www.insky-europe.de\\\/de\\\/#organization\"},\"potentialAction\":[{\"@type\":\"SearchAction\",\"target\":{\"@type\":\"EntryPoint\",\"urlTemplate\":\"https:\\\/\\\/www.insky-europe.de\\\/de\\\/?s={search_term_string}\"},\"query-input\":{\"@type\":\"PropertyValueSpecification\",\"valueRequired\":true,\"valueName\":\"search_term_string\"}}],\"inLanguage\":\"de\"},{\"@type\":\"Organization\",\"@id\":\"https:\\\/\\\/www.insky-europe.de\\\/de\\\/#organization\",\"name\":\"inSky GmbH\",\"url\":\"https:\\\/\\\/www.insky-europe.de\\\/de\\\/\",\"logo\":{\"@type\":\"ImageObject\",\"inLanguage\":\"de\",\"@id\":\"https:\\\/\\\/www.insky-europe.de\\\/de\\\/#\\\/schema\\\/logo\\\/image\\\/\",\"url\":\"https:\\\/\\\/www.insky-europe.de\\\/wp-content\\\/uploads\\\/2021\\\/02\\\/cropped-insky-logo512-1.png\",\"contentUrl\":\"https:\\\/\\\/www.insky-europe.de\\\/wp-content\\\/uploads\\\/2021\\\/02\\\/cropped-insky-logo512-1.png\",\"width\":512,\"height\":512,\"caption\":\"inSky GmbH\"},\"image\":{\"@id\":\"https:\\\/\\\/www.insky-europe.de\\\/de\\\/#\\\/schema\\\/logo\\\/image\\\/\"}}]}<\/script>\n<!-- \/ Yoast SEO plugin. -->","yoast_head_json":{"title":"BDE\/MDE Erfassung - inSky GmbH","robots":{"index":"index","follow":"follow","max-snippet":"max-snippet:-1","max-image-preview":"max-image-preview:large","max-video-preview":"max-video-preview:-1"},"canonical":"https:\/\/www.insky-europe.de\/de\/loesungen-uebersicht\/bde-mde-erfassung\/","og_locale":"de_DE","og_type":"article","og_title":"BDE\/MDE Erfassung - inSky GmbH","og_description":"Sie wollen Verf\u00fcgbarkeiten oder Stillstandszeiten Ihrer Fertigungsanlagen erfassen? Scheuen aber die Investition in aufw\u00e4ndige BDE\/MDE-Systeme? Oder Sie haben Fertigungsanlagen, welche \u00fcber gut ausgebaute Maschinensteuerungen verf\u00fcgen und wollen deren Daten an einem gemeinsamen Ort strukturiert speichern, um sie dann auswerten zu k\u00f6nnen? inSky hat hier die L\u00f6sungen f\u00fcr Sie. Die inSky Services sind in der Lage, [&hellip;]","og_url":"https:\/\/www.insky-europe.de\/de\/loesungen-uebersicht\/bde-mde-erfassung\/","og_site_name":"inSky GmbH","article_modified_time":"2021-02-05T18:27:32+00:00","og_image":[{"url":"https:\/\/www.insky-europe.de\/wp-content\/uploads\/2021\/02\/bde_erfassung.png","type":"","width":"","height":""}],"twitter_card":"summary_large_image","twitter_misc":{"Gesch\u00e4tzte Lesezeit":"1\u00a0Minute"},"schema":{"@context":"https:\/\/schema.org","@graph":[{"@type":"WebPage","@id":"https:\/\/www.insky-europe.de\/loesungen-uebersicht\/bde-mde-erfassung\/","url":"https:\/\/www.insky-europe.de\/loesungen-uebersicht\/bde-mde-erfassung\/","name":"BDE\/MDE Erfassung - inSky GmbH","isPartOf":{"@id":"https:\/\/www.insky-europe.de\/de\/#website"},"primaryImageOfPage":{"@id":"https:\/\/www.insky-europe.de\/loesungen-uebersicht\/bde-mde-erfassung\/#primaryimage"},"image":{"@id":"https:\/\/www.insky-europe.de\/loesungen-uebersicht\/bde-mde-erfassung\/#primaryimage"},"thumbnailUrl":"https:\/\/www.insky-europe.de\/wp-content\/uploads\/2021\/02\/bde_erfassung.png","datePublished":"2021-02-04T16:03:12+00:00","dateModified":"2021-02-05T18:27:32+00:00","breadcrumb":{"@id":"https:\/\/www.insky-europe.de\/loesungen-uebersicht\/bde-mde-erfassung\/#breadcrumb"},"inLanguage":"de","potentialAction":[{"@type":"ReadAction","target":["https:\/\/www.insky-europe.de\/loesungen-uebersicht\/bde-mde-erfassung\/"]}]},{"@type":"ImageObject","inLanguage":"de","@id":"https:\/\/www.insky-europe.de\/loesungen-uebersicht\/bde-mde-erfassung\/#primaryimage","url":"https:\/\/www.insky-europe.de\/wp-content\/uploads\/2021\/02\/bde_erfassung.png","contentUrl":"https:\/\/www.insky-europe.de\/wp-content\/uploads\/2021\/02\/bde_erfassung.png"},{"@type":"BreadcrumbList","@id":"https:\/\/www.insky-europe.de\/loesungen-uebersicht\/bde-mde-erfassung\/#breadcrumb","itemListElement":[{"@type":"ListItem","position":1,"name":"Startseite","item":"https:\/\/www.insky-europe.de\/"},{"@type":"ListItem","position":2,"name":"L\u00f6sungen &#8211; \u00dcbersicht","item":"https:\/\/www.insky-europe.de\/loesungen-uebersicht\/"},{"@type":"ListItem","position":3,"name":"BDE\/MDE Erfassung"}]},{"@type":"WebSite","@id":"https:\/\/www.insky-europe.de\/de\/#website","url":"https:\/\/www.insky-europe.de\/de\/","name":"inSky GmbH","description":"inSky GmbH - ERP Daten und MaschinenCloud, Vernetzung, Automatisierung, Industrie 4.0, Siemens SPS, SaaS.","publisher":{"@id":"https:\/\/www.insky-europe.de\/de\/#organization"},"potentialAction":[{"@type":"SearchAction","target":{"@type":"EntryPoint","urlTemplate":"https:\/\/www.insky-europe.de\/de\/?s={search_term_string}"},"query-input":{"@type":"PropertyValueSpecification","valueRequired":true,"valueName":"search_term_string"}}],"inLanguage":"de"},{"@type":"Organization","@id":"https:\/\/www.insky-europe.de\/de\/#organization","name":"inSky GmbH","url":"https:\/\/www.insky-europe.de\/de\/","logo":{"@type":"ImageObject","inLanguage":"de","@id":"https:\/\/www.insky-europe.de\/de\/#\/schema\/logo\/image\/","url":"https:\/\/www.insky-europe.de\/wp-content\/uploads\/2021\/02\/cropped-insky-logo512-1.png","contentUrl":"https:\/\/www.insky-europe.de\/wp-content\/uploads\/2021\/02\/cropped-insky-logo512-1.png","width":512,"height":512,"caption":"inSky GmbH"},"image":{"@id":"https:\/\/www.insky-europe.de\/de\/#\/schema\/logo\/image\/"}}]}},"_links":{"self":[{"href":"https:\/\/www.insky-europe.de\/de\/wp-json\/wp\/v2\/pages\/5623","targetHints":{"allow":["GET"]}}],"collection":[{"href":"https:\/\/www.insky-europe.de\/de\/wp-json\/wp\/v2\/pages"}],"about":[{"href":"https:\/\/www.insky-europe.de\/de\/wp-json\/wp\/v2\/types\/page"}],"author":[{"embeddable":true,"href":"https:\/\/www.insky-europe.de\/de\/wp-json\/wp\/v2\/users\/1"}],"replies":[{"embeddable":true,"href":"https:\/\/www.insky-europe.de\/de\/wp-json\/wp\/v2\/comments?post=5623"}],"version-history":[{"count":0,"href":"https:\/\/www.insky-europe.de\/de\/wp-json\/wp\/v2\/pages\/5623\/revisions"}],"up":[{"embeddable":true,"href":"https:\/\/www.insky-europe.de\/de\/wp-json\/wp\/v2\/pages\/5410"}],"wp:attachment":[{"href":"https:\/\/www.insky-europe.de\/de\/wp-json\/wp\/v2\/media?parent=5623"}],"curies":[{"name":"wp","href":"https:\/\/api.w.org\/{rel}","templated":true}]}}